{"id":1024,"date":"2021-07-05T07:20:29","date_gmt":"2021-07-05T07:20:29","guid":{"rendered":"https:\/\/ibisstyles.accorv2prod.decms.eu\/?page_id=1024"},"modified":"2026-01-30T15:40:40","modified_gmt":"2026-01-30T15:40:40","slug":"news","status":"publish","type":"page","link":"https:\/\/ibisstyles.accorv2prod.decms.eu\/vi\/chung-ta-dang-o-dau\/news\/","title":{"rendered":"Tin t\u1ee9c"},"content":{"rendered":"<p>\u0110\u1eafm m\u00ecnh trong n\u0103ng l\u01b0\u1ee3ng s\u00f4i \u0111\u1ed9ng c\u1ee7a b\u1ed1i c\u1ea3nh v\u0103n h\u00f3a London v\u1edbi b\u1ed9 s\u01b0u t\u1eadp s\u1ef1 ki\u1ec7n v\u00e0 tr\u1ea3i nghi\u1ec7m \u0111\u01b0\u1ee3c tuy\u1ec3n ch\u1ecdn k\u1ef9 l\u01b0\u1ee1ng c\u1ee7a ch\u00fang t\u00f4i. Cho d\u00f9 b\u1ea1n \u0111ang t\u00ecm ki\u1ebfm c\u00e1c bu\u1ed5i g\u1eb7p g\u1ee1 \u0111\u1ed9c quy\u1ec1n t\u1ea1i kh\u00e1ch s\u1ea1n, gi\u1ea3i tr\u00ed \u0111\u1eb3ng c\u1ea5p th\u1ebf gi\u1edbi, hay c\u00e1c s\u1ef1 ki\u1ec7n \u0111\u1ecba ph\u01b0\u01a1ng ch\u1ec9 c\u00e1ch v\u00e0i b\u01b0\u1edbc ch\u00e2n t\u1eeb c\u1eeda ch\u00fang t\u00f4i, h\u00e3y kh\u00e1m ph\u00e1 c\u00e1ch ho\u00e0n h\u1ea3o \u0111\u1ec3 l\u00e0m phong ph\u00fa th\u00eam k\u1ef3 ngh\u1ec9 c\u1ee7a b\u1ea1n. T\u1eeb c\u00e1c bu\u1ed5i t\u1ed1i tinh t\u1ebf \u0111\u1ebfn nh\u1eefng m\u00e0n tr\u00ecnh di\u1ec5n th\u00fa v\u1ecb, l\u1ecbch c\u1ee7a ch\u00fang t\u00f4i gi\u1edbi thi\u1ec7u nh\u1eefng g\u00ec t\u1ed1t nh\u1ea5t \u0111ang di\u1ec5n ra\u2014\u0111\u1ea3m b\u1ea3o m\u1ecdi kho\u1ea3nh kh\u1eafc t\u1ea1i London \u0111\u1ec1u \u0111\u00e1ng nh\u1edb.<\/p>\n","protected":false},"excerpt":{"rendered":"<p>\u0110\u1eafm m\u00ecnh trong n\u0103ng l\u01b0\u1ee3ng s\u00f4i \u0111\u1ed9ng c\u1ee7a b\u1ed1i c\u1ea3nh v\u0103n h\u00f3a London v\u1edbi b\u1ed9 s\u01b0u t\u1eadp s\u1ef1 ki\u1ec7n v\u00e0 tr\u1ea3i nghi\u1ec7m \u0111\u01b0\u1ee3c tuy\u1ec3n ch\u1ecdn k\u1ef9 l\u01b0\u1ee1ng c\u1ee7a ch\u00fang t\u00f4i. Cho d\u00f9 b\u1ea1n \u0111ang t\u00ecm ki\u1ebfm c\u00e1c bu\u1ed5i g\u1eb7p g\u1ee1 \u0111\u1ed9c quy\u1ec1n t\u1ea1i kh\u00e1ch s\u1ea1n, gi\u1ea3i tr\u00ed \u0111\u1eb3ng c\u1ea5p th\u1ebf gi\u1edbi, hay c\u00e1c s\u1ef1 ki\u1ec7n [&hellip;]<\/p>\n","protected":false},"author":2,"featured_media":0,"parent":935,"menu_order":200,"comment_status":"closed","ping_status":"closed","template":"template-news.php","meta":{"footnotes":""},"categories":[],"class_list":["post-1024","page","type-page","status-publish","hentry"],"acf":[],"yoast_head":"<!-- This site is optimized with the Yoast SEO plugin v26.9 - https:\/\/yoast.com\/product\/yoast-seo-wordpress\/ -->\n<title>Tin t\u1ee9c - Ibis Styles V2 demo site<\/title>\n<meta name=\"robots\" content=\"noindex, follow, max-snippet:-1, max-image-preview:large, max-video-preview:-1\" \/>\n<meta property=\"og:locale\" content=\"vi_VN\" \/>\n<meta property=\"og:type\" content=\"article\" \/>\n<meta property=\"og:title\" content=\"Tin t\u1ee9c - Ibis Styles V2 demo site\" \/>\n<meta property=\"og:description\" content=\"\u0110\u1eafm m\u00ecnh trong n\u0103ng l\u01b0\u1ee3ng s\u00f4i \u0111\u1ed9ng c\u1ee7a b\u1ed1i c\u1ea3nh v\u0103n h\u00f3a London v\u1edbi b\u1ed9 s\u01b0u t\u1eadp s\u1ef1 ki\u1ec7n v\u00e0 tr\u1ea3i nghi\u1ec7m \u0111\u01b0\u1ee3c tuy\u1ec3n ch\u1ecdn k\u1ef9 l\u01b0\u1ee1ng c\u1ee7a ch\u00fang t\u00f4i. Cho d\u00f9 b\u1ea1n \u0111ang t\u00ecm ki\u1ebfm c\u00e1c bu\u1ed5i g\u1eb7p g\u1ee1 \u0111\u1ed9c quy\u1ec1n t\u1ea1i kh\u00e1ch s\u1ea1n, gi\u1ea3i tr\u00ed \u0111\u1eb3ng c\u1ea5p th\u1ebf gi\u1edbi, hay c\u00e1c s\u1ef1 ki\u1ec7n [&hellip;]\" \/>\n<meta property=\"og:url\" content=\"https:\/\/ibisstyles.accorv2prod.decms.eu\/vi\/chung-ta-dang-o-dau\/news\/\" \/>\n<meta property=\"og:site_name\" content=\"Ibis Styles V2 demo site\" \/>\n<meta property=\"article:modified_time\" content=\"2026-01-30T15:40:40+00:00\" \/>\n<meta name=\"twitter:card\" content=\"summary_large_image\" \/>\n<meta name=\"twitter:label1\" content=\"Est. reading time\" \/>\n\t<meta name=\"twitter:data1\" content=\"1 minute\" \/>\n<script type=\"application\/ld+json\" class=\"yoast-schema-graph\">{\"@context\":\"https:\/\/schema.org\",\"@graph\":[{\"@type\":\"WebPage\",\"@id\":\"https:\/\/ibisstyles.accorv2prod.decms.eu\/vi\/chung-ta-dang-o-dau\/news\/\",\"url\":\"https:\/\/ibisstyles.accorv2prod.decms.eu\/vi\/chung-ta-dang-o-dau\/news\/\",\"name\":\"Tin t\u1ee9c - Ibis Styles V2 demo site\",\"isPartOf\":{\"@id\":\"https:\/\/ibisstyles.accorv2prod.decms.eu\/#website\"},\"datePublished\":\"2021-07-05T07:20:29+00:00\",\"dateModified\":\"2026-01-30T15:40:40+00:00\",\"breadcrumb\":{\"@id\":\"https:\/\/ibisstyles.accorv2prod.decms.eu\/vi\/chung-ta-dang-o-dau\/news\/#breadcrumb\"},\"inLanguage\":\"vi-VN\",\"potentialAction\":[{\"@type\":\"ReadAction\",\"target\":[\"https:\/\/ibisstyles.accorv2prod.decms.eu\/vi\/chung-ta-dang-o-dau\/news\/\"]}]},{\"@type\":\"BreadcrumbList\",\"@id\":\"https:\/\/ibisstyles.accorv2prod.decms.eu\/vi\/chung-ta-dang-o-dau\/news\/#breadcrumb\",\"itemListElement\":[{\"@type\":\"ListItem\",\"position\":1,\"name\":\"Home\",\"item\":\"https:\/\/ibisstyles.accorv2prod.decms.eu\/vi\/\"},{\"@type\":\"ListItem\",\"position\":2,\"name\":\"Ch\u00fang t\u00f4i \u1edf \u0111\u00e2u\",\"item\":\"https:\/\/ibisstyles.accorv2prod.decms.eu\/vi\/chung-ta-dang-o-dau\/\"},{\"@type\":\"ListItem\",\"position\":3,\"name\":\"Tin t\u1ee9c\"}]},{\"@type\":\"WebSite\",\"@id\":\"https:\/\/ibisstyles.accorv2prod.decms.eu\/#website\",\"url\":\"https:\/\/ibisstyles.accorv2prod.decms.eu\/\",\"name\":\"Ibis Styles V2 demo site\",\"description\":\"Just another Matteo Canever Site Sites site\",\"potentialAction\":[{\"@type\":\"SearchAction\",\"target\":{\"@type\":\"EntryPoint\",\"urlTemplate\":\"https:\/\/ibisstyles.accorv2prod.decms.eu\/?s={search_term_string}\"},\"query-input\":{\"@type\":\"PropertyValueSpecification\",\"valueRequired\":true,\"valueName\":\"search_term_string\"}}],\"inLanguage\":\"vi-VN\"}]}<\/script>\n<!-- \/ Yoast SEO plugin. -->","yoast_head_json":{"title":"Tin t\u1ee9c - Ibis Styles V2 demo site","robots":{"index":"noindex","follow":"follow","max-snippet":"max-snippet:-1","max-image-preview":"max-image-preview:large","max-video-preview":"max-video-preview:-1"},"og_locale":"vi_VN","og_type":"article","og_title":"Tin t\u1ee9c - Ibis Styles V2 demo site","og_description":"\u0110\u1eafm m\u00ecnh trong n\u0103ng l\u01b0\u1ee3ng s\u00f4i \u0111\u1ed9ng c\u1ee7a b\u1ed1i c\u1ea3nh v\u0103n h\u00f3a London v\u1edbi b\u1ed9 s\u01b0u t\u1eadp s\u1ef1 ki\u1ec7n v\u00e0 tr\u1ea3i nghi\u1ec7m \u0111\u01b0\u1ee3c tuy\u1ec3n ch\u1ecdn k\u1ef9 l\u01b0\u1ee1ng c\u1ee7a ch\u00fang t\u00f4i. Cho d\u00f9 b\u1ea1n \u0111ang t\u00ecm ki\u1ebfm c\u00e1c bu\u1ed5i g\u1eb7p g\u1ee1 \u0111\u1ed9c quy\u1ec1n t\u1ea1i kh\u00e1ch s\u1ea1n, gi\u1ea3i tr\u00ed \u0111\u1eb3ng c\u1ea5p th\u1ebf gi\u1edbi, hay c\u00e1c s\u1ef1 ki\u1ec7n [&hellip;]","og_url":"https:\/\/ibisstyles.accorv2prod.decms.eu\/vi\/chung-ta-dang-o-dau\/news\/","og_site_name":"Ibis Styles V2 demo site","article_modified_time":"2026-01-30T15:40:40+00:00","twitter_card":"summary_large_image","twitter_misc":{"Est. reading time":"1 minute"},"schema":{"@context":"https:\/\/schema.org","@graph":[{"@type":"WebPage","@id":"https:\/\/ibisstyles.accorv2prod.decms.eu\/vi\/chung-ta-dang-o-dau\/news\/","url":"https:\/\/ibisstyles.accorv2prod.decms.eu\/vi\/chung-ta-dang-o-dau\/news\/","name":"Tin t\u1ee9c - Ibis Styles V2 demo site","isPartOf":{"@id":"https:\/\/ibisstyles.accorv2prod.decms.eu\/#website"},"datePublished":"2021-07-05T07:20:29+00:00","dateModified":"2026-01-30T15:40:40+00:00","breadcrumb":{"@id":"https:\/\/ibisstyles.accorv2prod.decms.eu\/vi\/chung-ta-dang-o-dau\/news\/#breadcrumb"},"inLanguage":"vi-VN","potentialAction":[{"@type":"ReadAction","target":["https:\/\/ibisstyles.accorv2prod.decms.eu\/vi\/chung-ta-dang-o-dau\/news\/"]}]},{"@type":"BreadcrumbList","@id":"https:\/\/ibisstyles.accorv2prod.decms.eu\/vi\/chung-ta-dang-o-dau\/news\/#breadcrumb","itemListElement":[{"@type":"ListItem","position":1,"name":"Home","item":"https:\/\/ibisstyles.accorv2prod.decms.eu\/vi\/"},{"@type":"ListItem","position":2,"name":"Ch\u00fang t\u00f4i \u1edf \u0111\u00e2u","item":"https:\/\/ibisstyles.accorv2prod.decms.eu\/vi\/chung-ta-dang-o-dau\/"},{"@type":"ListItem","position":3,"name":"Tin t\u1ee9c"}]},{"@type":"WebSite","@id":"https:\/\/ibisstyles.accorv2prod.decms.eu\/#website","url":"https:\/\/ibisstyles.accorv2prod.decms.eu\/","name":"Ibis Styles V2 demo site","description":"Just another Matteo Canever Site Sites site","potentialAction":[{"@type":"SearchAction","target":{"@type":"EntryPoint","urlTemplate":"https:\/\/ibisstyles.accorv2prod.decms.eu\/?s={search_term_string}"},"query-input":{"@type":"PropertyValueSpecification","valueRequired":true,"valueName":"search_term_string"}}],"inLanguage":"vi-VN"}]}},"_links":{"self":[{"href":"https:\/\/ibisstyles.accorv2prod.decms.eu\/vi\/wp-json\/wp\/v2\/pages\/1024","targetHints":{"allow":["GET"]}}],"collection":[{"href":"https:\/\/ibisstyles.accorv2prod.decms.eu\/vi\/wp-json\/wp\/v2\/pages"}],"about":[{"href":"https:\/\/ibisstyles.accorv2prod.decms.eu\/vi\/wp-json\/wp\/v2\/types\/page"}],"author":[{"embeddable":true,"href":"https:\/\/ibisstyles.accorv2prod.decms.eu\/vi\/wp-json\/wp\/v2\/users\/2"}],"replies":[{"embeddable":true,"href":"https:\/\/ibisstyles.accorv2prod.decms.eu\/vi\/wp-json\/wp\/v2\/comments?post=1024"}],"version-history":[{"count":0,"href":"https:\/\/ibisstyles.accorv2prod.decms.eu\/vi\/wp-json\/wp\/v2\/pages\/1024\/revisions"}],"up":[{"embeddable":true,"href":"https:\/\/ibisstyles.accorv2prod.decms.eu\/vi\/wp-json\/wp\/v2\/pages\/935"}],"wp:attachment":[{"href":"https:\/\/ibisstyles.accorv2prod.decms.eu\/vi\/wp-json\/wp\/v2\/media?parent=1024"}],"wp:term":[{"taxonomy":"category","embeddable":true,"href":"https:\/\/ibisstyles.accorv2prod.decms.eu\/vi\/wp-json\/wp\/v2\/categories?post=1024"}],"curies":[{"name":"wp","href":"https:\/\/api.w.org\/{rel}","templated":true}]}}