{"id":2141,"date":"2021-08-04T12:42:35","date_gmt":"2021-08-04T12:42:35","guid":{"rendered":"https:\/\/ibisstyles.accorv2prod.decms.eu\/?page_id=2141"},"modified":"2025-03-12T17:57:16","modified_gmt":"2025-03-12T17:57:16","slug":"phong-tieu-chuan","status":"publish","type":"page","link":"https:\/\/ibisstyles.accorv2prod.decms.eu\/vi\/rooms-suites\/phong-tieu-chuan\/","title":{"rendered":"Ph\u00f2ng ti\u00eau chu\u1ea9n"},"content":{"rendered":"<p data-sourcepos=\"3:1-3:400\">Ph\u00f2ng <strong>Ti\u00eau chu\u1ea9n<\/strong> c\u1ee7a ch\u00fang t\u00f4i mang \u0111\u1ebfn s\u1ef1 k\u1ebft h\u1ee3p ho\u00e0n h\u1ea3o gi\u1eefa t\u00ednh th\u1ef1c ti\u1ec5n v\u00e0 s\u1ef1 tho\u1ea3i m\u00e1i. C\u0103n ph\u00f2ng c\u01a1 b\u1ea3n nh\u01b0ng \u0111\u1ea7y phong c\u00e1ch n\u00e0y \u0111\u01b0\u1ee3c thi\u1ebft k\u1ebf \u0111\u1ec3 th\u00edch \u1ee9ng li\u1ec1n m\u1ea1ch v\u1edbi nhu c\u1ea7u c\u1ee7a b\u1ea1n. Ban \u0111\u1ea7u \u0111\u01b0\u1ee3c thi\u1ebft l\u1eadp nh\u01b0 m\u1ed9t ph\u00f2ng \u0111\u01a1n \u1ea5m c\u00fang, n\u00f3 d\u1ec5 d\u00e0ng bi\u1ebfn th\u00e0nh m\u1ed9t <em>ph\u00f2ng \u0111\u00f4i<\/em>, khi\u1ebfn n\u00f3 tr\u1edf n\u00ean l\u00fd t\u01b0\u1edfng cho kh\u00e1ch du l\u1ecbch m\u1ed9t m\u00ecnh ho\u1eb7c \u0111\u1ed3ng nghi\u1ec7p \u1edf chung ch\u1ed7 \u1edf trong c\u00e1c chuy\u1ebfn c\u00f4ng t\u00e1c.<\/p>\n<p data-sourcepos=\"5:1-5:284\">\u0110\u01b0\u1ee3c thi\u1ebft k\u1ebf v\u1edbi phong c\u00e1ch hi\u1ec7n \u0111\u1ea1i, c\u0103n ph\u00f2ng c\u00f3 b\u1ed9 \u0111\u1ed3 gi\u01b0\u1eddng tho\u1ea3i m\u00e1i, Wi-Fi t\u1ed1c \u0111\u1ed9 cao mi\u1ec5n ph\u00ed, TV m\u00e0n h\u00ecnh ph\u1eb3ng v\u00e0 kh\u00f4ng gian l\u00e0m vi\u1ec7c ti\u1ec7n d\u1ee5ng. Ph\u00f2ng t\u1eafm ri\u00eang \u0111\u1ea7y phong c\u00e1ch \u0111\u01b0\u1ee3c trang b\u1ecb v\u00f2i sen s\u1ea3ng kho\u00e1i v\u00e0 \u0111\u1ed3 d\u00f9ng v\u1ec7 sinh c\u00e1 nh\u00e2n mi\u1ec5n ph\u00ed, \u0111\u1ea3m b\u1ea3o m\u1ed9t k\u1ef3 ngh\u1ec9 d\u1ec5 ch\u1ecbu.<\/p>\n<p data-sourcepos=\"7:1-7:178\">Cho d\u00f9 b\u1ea1n \u0111ang kh\u00e1m ph\u00e1 th\u00e0nh ph\u1ed1 hay \u1edf \u0111\u00e2y \u0111\u1ec3 c\u00f4ng t\u00e1c, ph\u00f2ng <strong>Ti\u00eau chu\u1ea9n<\/strong> c\u1ee7a ch\u00fang t\u00f4i \u0111\u1ec1u mang \u0111\u1ebfn m\u1ed9t n\u01a1i ngh\u1ec9 ng\u01a1i \u1ea5m c\u00fang v\u00e0 ti\u1ec7n l\u1ee3i, n\u01a1i s\u1ef1 th\u01b0 gi\u00e3n \u0111ang ch\u1edd \u0111\u00f3n b\u1ea1n.<\/p>\n","protected":false},"excerpt":{"rendered":"<p>Ph\u00f2ng Ti\u00eau chu\u1ea9n c\u1ee7a ch\u00fang t\u00f4i mang \u0111\u1ebfn s\u1ef1 k\u1ebft h\u1ee3p ho\u00e0n h\u1ea3o gi\u1eefa t\u00ednh th\u1ef1c ti\u1ec5n v\u00e0 s\u1ef1 tho\u1ea3i m\u00e1i. C\u0103n ph\u00f2ng c\u01a1 b\u1ea3n nh\u01b0ng \u0111\u1ea7y phong c\u00e1ch n\u00e0y \u0111\u01b0\u1ee3c thi\u1ebft k\u1ebf \u0111\u1ec3 th\u00edch \u1ee9ng li\u1ec1n m\u1ea1ch v\u1edbi nhu c\u1ea7u c\u1ee7a b\u1ea1n. Ban \u0111\u1ea7u \u0111\u01b0\u1ee3c thi\u1ebft l\u1eadp nh\u01b0 m\u1ed9t ph\u00f2ng \u0111\u01a1n \u1ea5m c\u00fang, n\u00f3 [&hellip;]<\/p>\n","protected":false},"author":4,"featured_media":0,"parent":924,"menu_order":202,"comment_status":"closed","ping_status":"closed","template":"template-room.php","meta":{"footnotes":""},"categories":[260],"class_list":["post-2141","page","type-page","status-publish","hentry","category-phong"],"acf":[],"yoast_head":"<!-- This site is optimized with the Yoast SEO plugin v26.9 - https:\/\/yoast.com\/product\/yoast-seo-wordpress\/ -->\n<title>Ph\u00f2ng ti\u00eau chu\u1ea9n - Ibis Styles V2 demo site<\/title>\n<meta name=\"robots\" content=\"noindex, follow, max-snippet:-1, max-image-preview:large, max-video-preview:-1\" \/>\n<meta property=\"og:locale\" content=\"vi_VN\" \/>\n<meta property=\"og:type\" content=\"article\" \/>\n<meta property=\"og:title\" content=\"Ph\u00f2ng ti\u00eau chu\u1ea9n - Ibis Styles V2 demo site\" \/>\n<meta property=\"og:description\" content=\"Ph\u00f2ng Ti\u00eau chu\u1ea9n c\u1ee7a ch\u00fang t\u00f4i mang \u0111\u1ebfn s\u1ef1 k\u1ebft h\u1ee3p ho\u00e0n h\u1ea3o gi\u1eefa t\u00ednh th\u1ef1c ti\u1ec5n v\u00e0 s\u1ef1 tho\u1ea3i m\u00e1i. C\u0103n ph\u00f2ng c\u01a1 b\u1ea3n nh\u01b0ng \u0111\u1ea7y phong c\u00e1ch n\u00e0y \u0111\u01b0\u1ee3c thi\u1ebft k\u1ebf \u0111\u1ec3 th\u00edch \u1ee9ng li\u1ec1n m\u1ea1ch v\u1edbi nhu c\u1ea7u c\u1ee7a b\u1ea1n. Ban \u0111\u1ea7u \u0111\u01b0\u1ee3c thi\u1ebft l\u1eadp nh\u01b0 m\u1ed9t ph\u00f2ng \u0111\u01a1n \u1ea5m c\u00fang, n\u00f3 [&hellip;]\" \/>\n<meta property=\"og:url\" content=\"https:\/\/ibisstyles.accorv2prod.decms.eu\/vi\/rooms-suites\/phong-tieu-chuan\/\" \/>\n<meta property=\"og:site_name\" content=\"Ibis Styles V2 demo site\" \/>\n<meta property=\"article:modified_time\" content=\"2025-03-12T17:57:16+00:00\" \/>\n<meta name=\"twitter:card\" content=\"summary_large_image\" \/>\n<meta name=\"twitter:label1\" content=\"Est. reading time\" \/>\n\t<meta name=\"twitter:data1\" content=\"1 minute\" \/>\n<script type=\"application\/ld+json\" class=\"yoast-schema-graph\">{\"@context\":\"https:\/\/schema.org\",\"@graph\":[{\"@type\":\"WebPage\",\"@id\":\"https:\/\/ibisstyles.accorv2prod.decms.eu\/vi\/rooms-suites\/phong-tieu-chuan\/\",\"url\":\"https:\/\/ibisstyles.accorv2prod.decms.eu\/vi\/rooms-suites\/phong-tieu-chuan\/\",\"name\":\"Ph\u00f2ng ti\u00eau chu\u1ea9n - Ibis Styles V2 demo site\",\"isPartOf\":{\"@id\":\"https:\/\/ibisstyles.accorv2prod.decms.eu\/#website\"},\"datePublished\":\"2021-08-04T12:42:35+00:00\",\"dateModified\":\"2025-03-12T17:57:16+00:00\",\"breadcrumb\":{\"@id\":\"https:\/\/ibisstyles.accorv2prod.decms.eu\/vi\/rooms-suites\/phong-tieu-chuan\/#breadcrumb\"},\"inLanguage\":\"vi-VN\",\"potentialAction\":[{\"@type\":\"ReadAction\",\"target\":[\"https:\/\/ibisstyles.accorv2prod.decms.eu\/vi\/rooms-suites\/phong-tieu-chuan\/\"]}]},{\"@type\":\"BreadcrumbList\",\"@id\":\"https:\/\/ibisstyles.accorv2prod.decms.eu\/vi\/rooms-suites\/phong-tieu-chuan\/#breadcrumb\",\"itemListElement\":[{\"@type\":\"ListItem\",\"position\":1,\"name\":\"Home\",\"item\":\"https:\/\/ibisstyles.accorv2prod.decms.eu\/vi\/\"},{\"@type\":\"ListItem\",\"position\":2,\"name\":\"Ph\u00f2ng &#038; Suite\",\"item\":\"https:\/\/ibisstyles.accorv2prod.decms.eu\/vi\/rooms-suites\/\"},{\"@type\":\"ListItem\",\"position\":3,\"name\":\"Ph\u00f2ng ti\u00eau chu\u1ea9n\"}]},{\"@type\":\"WebSite\",\"@id\":\"https:\/\/ibisstyles.accorv2prod.decms.eu\/#website\",\"url\":\"https:\/\/ibisstyles.accorv2prod.decms.eu\/\",\"name\":\"Ibis Styles V2 demo site\",\"description\":\"Just another Matteo Canever Site Sites site\",\"potentialAction\":[{\"@type\":\"SearchAction\",\"target\":{\"@type\":\"EntryPoint\",\"urlTemplate\":\"https:\/\/ibisstyles.accorv2prod.decms.eu\/?s={search_term_string}\"},\"query-input\":{\"@type\":\"PropertyValueSpecification\",\"valueRequired\":true,\"valueName\":\"search_term_string\"}}],\"inLanguage\":\"vi-VN\"}]}<\/script>\n<!-- \/ Yoast SEO plugin. -->","yoast_head_json":{"title":"Ph\u00f2ng ti\u00eau chu\u1ea9n - Ibis Styles V2 demo site","robots":{"index":"noindex","follow":"follow","max-snippet":"max-snippet:-1","max-image-preview":"max-image-preview:large","max-video-preview":"max-video-preview:-1"},"og_locale":"vi_VN","og_type":"article","og_title":"Ph\u00f2ng ti\u00eau chu\u1ea9n - Ibis Styles V2 demo site","og_description":"Ph\u00f2ng Ti\u00eau chu\u1ea9n c\u1ee7a ch\u00fang t\u00f4i mang \u0111\u1ebfn s\u1ef1 k\u1ebft h\u1ee3p ho\u00e0n h\u1ea3o gi\u1eefa t\u00ednh th\u1ef1c ti\u1ec5n v\u00e0 s\u1ef1 tho\u1ea3i m\u00e1i. C\u0103n ph\u00f2ng c\u01a1 b\u1ea3n nh\u01b0ng \u0111\u1ea7y phong c\u00e1ch n\u00e0y \u0111\u01b0\u1ee3c thi\u1ebft k\u1ebf \u0111\u1ec3 th\u00edch \u1ee9ng li\u1ec1n m\u1ea1ch v\u1edbi nhu c\u1ea7u c\u1ee7a b\u1ea1n. Ban \u0111\u1ea7u \u0111\u01b0\u1ee3c thi\u1ebft l\u1eadp nh\u01b0 m\u1ed9t ph\u00f2ng \u0111\u01a1n \u1ea5m c\u00fang, n\u00f3 [&hellip;]","og_url":"https:\/\/ibisstyles.accorv2prod.decms.eu\/vi\/rooms-suites\/phong-tieu-chuan\/","og_site_name":"Ibis Styles V2 demo site","article_modified_time":"2025-03-12T17:57:16+00:00","twitter_card":"summary_large_image","twitter_misc":{"Est. reading time":"1 minute"},"schema":{"@context":"https:\/\/schema.org","@graph":[{"@type":"WebPage","@id":"https:\/\/ibisstyles.accorv2prod.decms.eu\/vi\/rooms-suites\/phong-tieu-chuan\/","url":"https:\/\/ibisstyles.accorv2prod.decms.eu\/vi\/rooms-suites\/phong-tieu-chuan\/","name":"Ph\u00f2ng ti\u00eau chu\u1ea9n - Ibis Styles V2 demo site","isPartOf":{"@id":"https:\/\/ibisstyles.accorv2prod.decms.eu\/#website"},"datePublished":"2021-08-04T12:42:35+00:00","dateModified":"2025-03-12T17:57:16+00:00","breadcrumb":{"@id":"https:\/\/ibisstyles.accorv2prod.decms.eu\/vi\/rooms-suites\/phong-tieu-chuan\/#breadcrumb"},"inLanguage":"vi-VN","potentialAction":[{"@type":"ReadAction","target":["https:\/\/ibisstyles.accorv2prod.decms.eu\/vi\/rooms-suites\/phong-tieu-chuan\/"]}]},{"@type":"BreadcrumbList","@id":"https:\/\/ibisstyles.accorv2prod.decms.eu\/vi\/rooms-suites\/phong-tieu-chuan\/#breadcrumb","itemListElement":[{"@type":"ListItem","position":1,"name":"Home","item":"https:\/\/ibisstyles.accorv2prod.decms.eu\/vi\/"},{"@type":"ListItem","position":2,"name":"Ph\u00f2ng &#038; Suite","item":"https:\/\/ibisstyles.accorv2prod.decms.eu\/vi\/rooms-suites\/"},{"@type":"ListItem","position":3,"name":"Ph\u00f2ng ti\u00eau chu\u1ea9n"}]},{"@type":"WebSite","@id":"https:\/\/ibisstyles.accorv2prod.decms.eu\/#website","url":"https:\/\/ibisstyles.accorv2prod.decms.eu\/","name":"Ibis Styles V2 demo site","description":"Just another Matteo Canever Site Sites site","potentialAction":[{"@type":"SearchAction","target":{"@type":"EntryPoint","urlTemplate":"https:\/\/ibisstyles.accorv2prod.decms.eu\/?s={search_term_string}"},"query-input":{"@type":"PropertyValueSpecification","valueRequired":true,"valueName":"search_term_string"}}],"inLanguage":"vi-VN"}]}},"_links":{"self":[{"href":"https:\/\/ibisstyles.accorv2prod.decms.eu\/vi\/wp-json\/wp\/v2\/pages\/2141","targetHints":{"allow":["GET"]}}],"collection":[{"href":"https:\/\/ibisstyles.accorv2prod.decms.eu\/vi\/wp-json\/wp\/v2\/pages"}],"about":[{"href":"https:\/\/ibisstyles.accorv2prod.decms.eu\/vi\/wp-json\/wp\/v2\/types\/page"}],"author":[{"embeddable":true,"href":"https:\/\/ibisstyles.accorv2prod.decms.eu\/vi\/wp-json\/wp\/v2\/users\/4"}],"replies":[{"embeddable":true,"href":"https:\/\/ibisstyles.accorv2prod.decms.eu\/vi\/wp-json\/wp\/v2\/comments?post=2141"}],"version-history":[{"count":0,"href":"https:\/\/ibisstyles.accorv2prod.decms.eu\/vi\/wp-json\/wp\/v2\/pages\/2141\/revisions"}],"up":[{"embeddable":true,"href":"https:\/\/ibisstyles.accorv2prod.decms.eu\/vi\/wp-json\/wp\/v2\/pages\/924"}],"wp:attachment":[{"href":"https:\/\/ibisstyles.accorv2prod.decms.eu\/vi\/wp-json\/wp\/v2\/media?parent=2141"}],"wp:term":[{"taxonomy":"category","embeddable":true,"href":"https:\/\/ibisstyles.accorv2prod.decms.eu\/vi\/wp-json\/wp\/v2\/categories?post=2141"}],"curies":[{"name":"wp","href":"https:\/\/api.w.org\/{rel}","templated":true}]}}