{"id":2210,"date":"2021-08-05T10:30:15","date_gmt":"2021-08-05T10:30:15","guid":{"rendered":"https:\/\/ibisstyles.accorv2prod.decms.eu\/?page_id=2210"},"modified":"2026-01-05T13:39:02","modified_gmt":"2026-01-05T13:39:02","slug":"be-nhiet","status":"publish","type":"page","link":"https:\/\/ibisstyles.accorv2prod.decms.eu\/vi\/thalasso-spa-suc-khoe\/be-nhiet\/","title":{"rendered":"B\u1ec3 b\u01a1i su\u1ed1i n\u01b0\u1edbc n\u00f3ng"},"content":{"rendered":"<p>Khu v\u1ef1c b\u1ec3 b\u01a1i su\u1ed1i n\u01b0\u1edbc n\u00f3ng t\u1ea1i Kh\u00e1ch s\u1ea1n Ibis Styles l\u00e0 m\u1ed9t \u1ed1c \u0111\u1ea3o c\u1ee7a s\u1ef1 y\u00ean b\u00ecnh v\u00e0 t\u00e1i t\u1ea1o n\u0103ng l\u01b0\u1ee3ng, n\u01a1i n\u01b0\u1edbc su\u1ed1i n\u00f3ng t\u1ef1 nhi\u00ean \u0111\u00f3ng vai tr\u00f2 trung t\u00e2m trong tr\u1ea3i nghi\u1ec7m ch\u0103m s\u00f3c s\u1ee9c kh\u1ecfe \u0111\u1ed9c \u0111\u00e1o. C\u00e1c b\u1ec3 b\u01a1i \u0111\u01b0\u1ee3c thi\u1ebft k\u1ebf \u0111\u1ec3 mang \u0111\u1ebfn m\u1ed9t n\u01a1i ngh\u1ec9 ng\u01a1i kh\u1ecfi nh\u1ecbp s\u1ed1ng h\u1ed1i h\u1ea3 h\u00e0ng ng\u00e0y, k\u1ebft h\u1ee3p l\u1ee3i \u00edch \u0111i\u1ec1u tr\u1ecb c\u1ee7a n\u01b0\u1edbc gi\u00e0u kho\u00e1ng ch\u1ea5t v\u1edbi kh\u00f4ng gian th\u01b0 gi\u00e3n v\u00e0 ch\u00e0o \u0111\u00f3n.<\/p>\n<p>N\u01b0\u1edbc su\u1ed1i n\u00f3ng t\u1ea1i c\u00e1c b\u1ec3 b\u01a1i gi\u00e0u kho\u00e1ng ch\u1ea5t c\u00f3 l\u1ee3i v\u00e0 duy tr\u00ec nhi\u1ec7t \u0111\u1ed9 \u1ed5n \u0111\u1ecbnh t\u1eeb 32\u00b0C \u0111\u1ebfn 36\u00b0C, l\u00fd t\u01b0\u1edfng \u0111\u1ec3 th\u01b0 gi\u00e3n c\u01a1 b\u1eafp, c\u1ea3i thi\u1ec7n tu\u1ea7n ho\u00e0n m\u00e1u v\u00e0 gi\u1ea3m c\u0103ng th\u1eb3ng t\u00edch t\u1ee5. D\u00f9 b\u1ea1n \u0111ang t\u00ecm ki\u1ebfm kho\u1ea3nh kh\u1eafc th\u01b0 gi\u00e3n sau m\u1ed9t ng\u00e0y d\u00e0i hay mu\u1ed1n k\u1ebft h\u1ee3p c\u00e1c li\u1ec7u ph\u00e1p su\u1ed1i n\u01b0\u1edbc n\u00f3ng v\u00e0o h\u00e0nh tr\u00ecnh ch\u0103m s\u00f3c s\u1ee9c kh\u1ecfe, c\u00e1c c\u01a1 s\u1edf c\u1ee7a ch\u00fang t\u00f4i lu\u00f4n s\u1eb5n s\u00e0ng ph\u1ee5c v\u1ee5 b\u1ea1n.<\/p>\n<h3>C\u00e1c b\u1ec3 b\u01a1i c\u1ee7a ch\u00fang t\u00f4i<\/h3>\n<p><strong data-start=\"2419\" data-end=\"2436\">B\u1ec3 ch\u00ednh<\/strong><br data-start=\"2436\" data-end=\"2439\" \/>B\u1ec3 l\u1edbn nh\u1ea5t, nhi\u1ec7t \u0111\u1ed9 34\u00b0C, v\u1edbi c\u00e1c v\u00f2i phun massage t\u00edch h\u1ee3p v\u00e0 khu v\u1ef1c r\u1ed9ng r\u00e3i \u0111\u1ec3 b\u01a1i t\u1ef1 do. L\u00fd t\u01b0\u1edfng cho c\u00e1c bu\u1ed5i li\u1ec7u ph\u00e1p th\u1ee7y l\u00e2u d\u00e0i.<\/p>\n<p><strong data-start=\"2738\" data-end=\"2758\">B\u1ec3 th\u01b0 gi\u00e3n<\/strong><br data-start=\"2758\" data-end=\"2761\" \/>B\u1ec3 ri\u00eang t\u01b0 h\u01a1n, nhi\u1ec7t \u0111\u1ed9 36\u00b0C, trang b\u1ecb c\u00e1c v\u00f2i phun cho c\u1ed5 v\u00e0 l\u01b0ng d\u01b0\u1edbi, gi\u00fap massage c\u00e1c khu v\u1ef1c d\u1ec5 b\u1ecb c\u0103ng c\u01a1.<\/p>\n<p><strong data-start=\"3021\" data-end=\"3042\">\u0110\u01b0\u1eddng Kneipp<\/strong><br data-start=\"3042\" data-end=\"3045\" \/>M\u1ed9t \u0111\u01b0\u1eddng tu\u1ea7n ho\u00e0n v\u1edbi nhi\u1ec7t \u0111\u1ed9 thay \u0111\u1ed5i xen k\u1ebd, k\u00edch th\u00edch l\u01b0u th\u00f4ng m\u00e1u v\u00e0 t\u0103ng c\u01b0\u1eddng h\u1ec7 tim m\u1ea1ch.<\/p>\n<p><strong data-start=\"3303\" data-end=\"3329\">Khu v\u1ef1c th\u00e1c n\u01b0\u1edbc<\/strong><br data-start=\"3329\" data-end=\"3332\" \/>Th\u00e1c n\u01b0\u1edbc su\u1ed1i n\u00f3ng mang l\u1ea1i massage t\u1ef1 nhi\u00ean cho c\u1ed5 v\u00e0 vai, l\u00fd t\u01b0\u1edfng sau c\u00e1c li\u1ec7u tr\u00ecnh ho\u1eb7c ho\u1ea1t \u0111\u1ed9ng th\u1ec3 ch\u1ea5t.<\/p>\n","protected":false},"excerpt":{"rendered":"<p>Khu v\u1ef1c b\u1ec3 b\u01a1i su\u1ed1i n\u01b0\u1edbc n\u00f3ng t\u1ea1i Kh\u00e1ch s\u1ea1n Ibis Styles l\u00e0 m\u1ed9t \u1ed1c \u0111\u1ea3o c\u1ee7a s\u1ef1 y\u00ean b\u00ecnh v\u00e0 t\u00e1i t\u1ea1o n\u0103ng l\u01b0\u1ee3ng, n\u01a1i n\u01b0\u1edbc su\u1ed1i n\u00f3ng t\u1ef1 nhi\u00ean \u0111\u00f3ng vai tr\u00f2 trung t\u00e2m trong tr\u1ea3i nghi\u1ec7m ch\u0103m s\u00f3c s\u1ee9c kh\u1ecfe \u0111\u1ed9c \u0111\u00e1o. C\u00e1c b\u1ec3 b\u01a1i \u0111\u01b0\u1ee3c thi\u1ebft k\u1ebf \u0111\u1ec3 mang \u0111\u1ebfn m\u1ed9t [&hellip;]<\/p>\n","protected":false},"author":4,"featured_media":0,"parent":928,"menu_order":200,"comment_status":"closed","ping_status":"closed","template":"template-spa.php","meta":{"footnotes":""},"categories":[],"class_list":["post-2210","page","type-page","status-publish","hentry"],"acf":[],"yoast_head":"<!-- This site is optimized with the Yoast SEO plugin v26.9 - https:\/\/yoast.com\/product\/yoast-seo-wordpress\/ -->\n<title>B\u1ec3 b\u01a1i su\u1ed1i n\u01b0\u1edbc n\u00f3ng - Ibis Styles V2 demo site<\/title>\n<meta name=\"robots\" content=\"noindex, follow, max-snippet:-1, max-image-preview:large, max-video-preview:-1\" \/>\n<meta property=\"og:locale\" content=\"vi_VN\" \/>\n<meta property=\"og:type\" content=\"article\" \/>\n<meta property=\"og:title\" content=\"B\u1ec3 b\u01a1i su\u1ed1i n\u01b0\u1edbc n\u00f3ng - Ibis Styles V2 demo site\" \/>\n<meta property=\"og:description\" content=\"Khu v\u1ef1c b\u1ec3 b\u01a1i su\u1ed1i n\u01b0\u1edbc n\u00f3ng t\u1ea1i Kh\u00e1ch s\u1ea1n Ibis Styles l\u00e0 m\u1ed9t \u1ed1c \u0111\u1ea3o c\u1ee7a s\u1ef1 y\u00ean b\u00ecnh v\u00e0 t\u00e1i t\u1ea1o n\u0103ng l\u01b0\u1ee3ng, n\u01a1i n\u01b0\u1edbc su\u1ed1i n\u00f3ng t\u1ef1 nhi\u00ean \u0111\u00f3ng vai tr\u00f2 trung t\u00e2m trong tr\u1ea3i nghi\u1ec7m ch\u0103m s\u00f3c s\u1ee9c kh\u1ecfe \u0111\u1ed9c \u0111\u00e1o. C\u00e1c b\u1ec3 b\u01a1i \u0111\u01b0\u1ee3c thi\u1ebft k\u1ebf \u0111\u1ec3 mang \u0111\u1ebfn m\u1ed9t [&hellip;]\" \/>\n<meta property=\"og:url\" content=\"https:\/\/ibisstyles.accorv2prod.decms.eu\/vi\/thalasso-spa-suc-khoe\/be-nhiet\/\" \/>\n<meta property=\"og:site_name\" content=\"Ibis Styles V2 demo site\" \/>\n<meta property=\"article:modified_time\" content=\"2026-01-05T13:39:02+00:00\" \/>\n<meta name=\"twitter:card\" content=\"summary_large_image\" \/>\n<meta name=\"twitter:label1\" content=\"Est. reading time\" \/>\n\t<meta name=\"twitter:data1\" content=\"2 minutes\" \/>\n<script type=\"application\/ld+json\" class=\"yoast-schema-graph\">{\"@context\":\"https:\/\/schema.org\",\"@graph\":[{\"@type\":\"WebPage\",\"@id\":\"https:\/\/ibisstyles.accorv2prod.decms.eu\/vi\/thalasso-spa-suc-khoe\/be-nhiet\/\",\"url\":\"https:\/\/ibisstyles.accorv2prod.decms.eu\/vi\/thalasso-spa-suc-khoe\/be-nhiet\/\",\"name\":\"B\u1ec3 b\u01a1i su\u1ed1i n\u01b0\u1edbc n\u00f3ng - Ibis Styles V2 demo site\",\"isPartOf\":{\"@id\":\"https:\/\/ibisstyles.accorv2prod.decms.eu\/#website\"},\"datePublished\":\"2021-08-05T10:30:15+00:00\",\"dateModified\":\"2026-01-05T13:39:02+00:00\",\"breadcrumb\":{\"@id\":\"https:\/\/ibisstyles.accorv2prod.decms.eu\/vi\/thalasso-spa-suc-khoe\/be-nhiet\/#breadcrumb\"},\"inLanguage\":\"vi-VN\",\"potentialAction\":[{\"@type\":\"ReadAction\",\"target\":[\"https:\/\/ibisstyles.accorv2prod.decms.eu\/vi\/thalasso-spa-suc-khoe\/be-nhiet\/\"]}]},{\"@type\":\"BreadcrumbList\",\"@id\":\"https:\/\/ibisstyles.accorv2prod.decms.eu\/vi\/thalasso-spa-suc-khoe\/be-nhiet\/#breadcrumb\",\"itemListElement\":[{\"@type\":\"ListItem\",\"position\":1,\"name\":\"Home\",\"item\":\"https:\/\/ibisstyles.accorv2prod.decms.eu\/vi\/\"},{\"@type\":\"ListItem\",\"position\":2,\"name\":\"Thalasso SPA &#038; S\u1ee9c kh\u1ecfe\",\"item\":\"https:\/\/ibisstyles.accorv2prod.decms.eu\/vi\/thalasso-spa-suc-khoe\/\"},{\"@type\":\"ListItem\",\"position\":3,\"name\":\"B\u1ec3 b\u01a1i su\u1ed1i n\u01b0\u1edbc n\u00f3ng\"}]},{\"@type\":\"WebSite\",\"@id\":\"https:\/\/ibisstyles.accorv2prod.decms.eu\/#website\",\"url\":\"https:\/\/ibisstyles.accorv2prod.decms.eu\/\",\"name\":\"Ibis Styles V2 demo site\",\"description\":\"Just another Matteo Canever Site Sites site\",\"potentialAction\":[{\"@type\":\"SearchAction\",\"target\":{\"@type\":\"EntryPoint\",\"urlTemplate\":\"https:\/\/ibisstyles.accorv2prod.decms.eu\/?s={search_term_string}\"},\"query-input\":{\"@type\":\"PropertyValueSpecification\",\"valueRequired\":true,\"valueName\":\"search_term_string\"}}],\"inLanguage\":\"vi-VN\"}]}<\/script>\n<!-- \/ Yoast SEO plugin. -->","yoast_head_json":{"title":"B\u1ec3 b\u01a1i su\u1ed1i n\u01b0\u1edbc n\u00f3ng - Ibis Styles V2 demo site","robots":{"index":"noindex","follow":"follow","max-snippet":"max-snippet:-1","max-image-preview":"max-image-preview:large","max-video-preview":"max-video-preview:-1"},"og_locale":"vi_VN","og_type":"article","og_title":"B\u1ec3 b\u01a1i su\u1ed1i n\u01b0\u1edbc n\u00f3ng - Ibis Styles V2 demo site","og_description":"Khu v\u1ef1c b\u1ec3 b\u01a1i su\u1ed1i n\u01b0\u1edbc n\u00f3ng t\u1ea1i Kh\u00e1ch s\u1ea1n Ibis Styles l\u00e0 m\u1ed9t \u1ed1c \u0111\u1ea3o c\u1ee7a s\u1ef1 y\u00ean b\u00ecnh v\u00e0 t\u00e1i t\u1ea1o n\u0103ng l\u01b0\u1ee3ng, n\u01a1i n\u01b0\u1edbc su\u1ed1i n\u00f3ng t\u1ef1 nhi\u00ean \u0111\u00f3ng vai tr\u00f2 trung t\u00e2m trong tr\u1ea3i nghi\u1ec7m ch\u0103m s\u00f3c s\u1ee9c kh\u1ecfe \u0111\u1ed9c \u0111\u00e1o. C\u00e1c b\u1ec3 b\u01a1i \u0111\u01b0\u1ee3c thi\u1ebft k\u1ebf \u0111\u1ec3 mang \u0111\u1ebfn m\u1ed9t [&hellip;]","og_url":"https:\/\/ibisstyles.accorv2prod.decms.eu\/vi\/thalasso-spa-suc-khoe\/be-nhiet\/","og_site_name":"Ibis Styles V2 demo site","article_modified_time":"2026-01-05T13:39:02+00:00","twitter_card":"summary_large_image","twitter_misc":{"Est. reading time":"2 minutes"},"schema":{"@context":"https:\/\/schema.org","@graph":[{"@type":"WebPage","@id":"https:\/\/ibisstyles.accorv2prod.decms.eu\/vi\/thalasso-spa-suc-khoe\/be-nhiet\/","url":"https:\/\/ibisstyles.accorv2prod.decms.eu\/vi\/thalasso-spa-suc-khoe\/be-nhiet\/","name":"B\u1ec3 b\u01a1i su\u1ed1i n\u01b0\u1edbc n\u00f3ng - Ibis Styles V2 demo site","isPartOf":{"@id":"https:\/\/ibisstyles.accorv2prod.decms.eu\/#website"},"datePublished":"2021-08-05T10:30:15+00:00","dateModified":"2026-01-05T13:39:02+00:00","breadcrumb":{"@id":"https:\/\/ibisstyles.accorv2prod.decms.eu\/vi\/thalasso-spa-suc-khoe\/be-nhiet\/#breadcrumb"},"inLanguage":"vi-VN","potentialAction":[{"@type":"ReadAction","target":["https:\/\/ibisstyles.accorv2prod.decms.eu\/vi\/thalasso-spa-suc-khoe\/be-nhiet\/"]}]},{"@type":"BreadcrumbList","@id":"https:\/\/ibisstyles.accorv2prod.decms.eu\/vi\/thalasso-spa-suc-khoe\/be-nhiet\/#breadcrumb","itemListElement":[{"@type":"ListItem","position":1,"name":"Home","item":"https:\/\/ibisstyles.accorv2prod.decms.eu\/vi\/"},{"@type":"ListItem","position":2,"name":"Thalasso SPA &#038; S\u1ee9c kh\u1ecfe","item":"https:\/\/ibisstyles.accorv2prod.decms.eu\/vi\/thalasso-spa-suc-khoe\/"},{"@type":"ListItem","position":3,"name":"B\u1ec3 b\u01a1i su\u1ed1i n\u01b0\u1edbc n\u00f3ng"}]},{"@type":"WebSite","@id":"https:\/\/ibisstyles.accorv2prod.decms.eu\/#website","url":"https:\/\/ibisstyles.accorv2prod.decms.eu\/","name":"Ibis Styles V2 demo site","description":"Just another Matteo Canever Site Sites site","potentialAction":[{"@type":"SearchAction","target":{"@type":"EntryPoint","urlTemplate":"https:\/\/ibisstyles.accorv2prod.decms.eu\/?s={search_term_string}"},"query-input":{"@type":"PropertyValueSpecification","valueRequired":true,"valueName":"search_term_string"}}],"inLanguage":"vi-VN"}]}},"_links":{"self":[{"href":"https:\/\/ibisstyles.accorv2prod.decms.eu\/vi\/wp-json\/wp\/v2\/pages\/2210","targetHints":{"allow":["GET"]}}],"collection":[{"href":"https:\/\/ibisstyles.accorv2prod.decms.eu\/vi\/wp-json\/wp\/v2\/pages"}],"about":[{"href":"https:\/\/ibisstyles.accorv2prod.decms.eu\/vi\/wp-json\/wp\/v2\/types\/page"}],"author":[{"embeddable":true,"href":"https:\/\/ibisstyles.accorv2prod.decms.eu\/vi\/wp-json\/wp\/v2\/users\/4"}],"replies":[{"embeddable":true,"href":"https:\/\/ibisstyles.accorv2prod.decms.eu\/vi\/wp-json\/wp\/v2\/comments?post=2210"}],"version-history":[{"count":0,"href":"https:\/\/ibisstyles.accorv2prod.decms.eu\/vi\/wp-json\/wp\/v2\/pages\/2210\/revisions"}],"up":[{"embeddable":true,"href":"https:\/\/ibisstyles.accorv2prod.decms.eu\/vi\/wp-json\/wp\/v2\/pages\/928"}],"wp:attachment":[{"href":"https:\/\/ibisstyles.accorv2prod.decms.eu\/vi\/wp-json\/wp\/v2\/media?parent=2210"}],"wp:term":[{"taxonomy":"category","embeddable":true,"href":"https:\/\/ibisstyles.accorv2prod.decms.eu\/vi\/wp-json\/wp\/v2\/categories?post=2210"}],"curies":[{"name":"wp","href":"https:\/\/api.w.org\/{rel}","templated":true}]}}