{"id":2211,"date":"2021-08-05T10:30:12","date_gmt":"2021-08-05T10:30:12","guid":{"rendered":"https:\/\/ibisstyles.accorv2prod.decms.eu\/?page_id=2211"},"modified":"2026-01-30T17:47:17","modified_gmt":"2026-01-30T17:47:17","slug":"phong-xong-hoi-kho-phong-xong-hoi-uot","status":"publish","type":"page","link":"https:\/\/ibisstyles.accorv2prod.decms.eu\/vi\/thalasso-spa-suc-khoe\/phong-xong-hoi-kho-phong-xong-hoi-uot\/","title":{"rendered":"Ph\u00f2ng X\u00f4ng H\u01a1i &#038; Ph\u00f2ng H\u01a1i N\u01b0\u1edbc"},"content":{"rendered":"<p>H\u00e3y d\u00e0nh m\u1ed9t ch\u00fat th\u1eddi gian \u0111\u1ec3 th\u01b0 gi\u00e3n ngay t\u1ea1i trung t\u00e2m London. Khu v\u1ef1c ch\u0103m s\u00f3c s\u1ee9c kh\u1ecfe c\u1ee7a ch\u00fang t\u00f4i \u0111\u01b0\u1ee3c thi\u1ebft k\u1ebf \u0111\u1ec3 mang l\u1ea1i tr\u1ea3i nghi\u1ec7m th\u01b0 gi\u00e3n v\u00e0 t\u00e1i t\u1ea1o n\u0103ng l\u01b0\u1ee3ng, l\u00fd t\u01b0\u1edfng sau m\u1ed9t ng\u00e0y b\u1eadn r\u1ed9n t\u1ea1i th\u00e0nh ph\u1ed1.<\/p>\n","protected":false},"excerpt":{"rendered":"<p>H\u00e3y d\u00e0nh m\u1ed9t ch\u00fat th\u1eddi gian \u0111\u1ec3 th\u01b0 gi\u00e3n ngay t\u1ea1i trung t\u00e2m London. Khu v\u1ef1c ch\u0103m s\u00f3c s\u1ee9c kh\u1ecfe c\u1ee7a ch\u00fang t\u00f4i \u0111\u01b0\u1ee3c thi\u1ebft k\u1ebf \u0111\u1ec3 mang l\u1ea1i tr\u1ea3i nghi\u1ec7m th\u01b0 gi\u00e3n v\u00e0 t\u00e1i t\u1ea1o n\u0103ng l\u01b0\u1ee3ng, l\u00fd t\u01b0\u1edfng sau m\u1ed9t ng\u00e0y b\u1eadn r\u1ed9n t\u1ea1i th\u00e0nh ph\u1ed1.<\/p>\n","protected":false},"author":4,"featured_media":0,"parent":928,"menu_order":300,"comment_status":"closed","ping_status":"closed","template":"template-spa.php","meta":{"footnotes":""},"categories":[],"class_list":["post-2211","page","type-page","status-publish","hentry"],"acf":[],"yoast_head":"<!-- This site is optimized with the Yoast SEO plugin v26.9 - https:\/\/yoast.com\/product\/yoast-seo-wordpress\/ -->\n<title>Ph\u00f2ng X\u00f4ng H\u01a1i &amp; Ph\u00f2ng H\u01a1i N\u01b0\u1edbc - Ibis Styles V2 demo site<\/title>\n<meta name=\"robots\" content=\"noindex, follow, max-snippet:-1, max-image-preview:large, max-video-preview:-1\" \/>\n<meta property=\"og:locale\" content=\"vi_VN\" \/>\n<meta property=\"og:type\" content=\"article\" \/>\n<meta property=\"og:title\" content=\"Ph\u00f2ng X\u00f4ng H\u01a1i &amp; Ph\u00f2ng H\u01a1i N\u01b0\u1edbc - Ibis Styles V2 demo site\" \/>\n<meta property=\"og:description\" content=\"H\u00e3y d\u00e0nh m\u1ed9t ch\u00fat th\u1eddi gian \u0111\u1ec3 th\u01b0 gi\u00e3n ngay t\u1ea1i trung t\u00e2m London. Khu v\u1ef1c ch\u0103m s\u00f3c s\u1ee9c kh\u1ecfe c\u1ee7a ch\u00fang t\u00f4i \u0111\u01b0\u1ee3c thi\u1ebft k\u1ebf \u0111\u1ec3 mang l\u1ea1i tr\u1ea3i nghi\u1ec7m th\u01b0 gi\u00e3n v\u00e0 t\u00e1i t\u1ea1o n\u0103ng l\u01b0\u1ee3ng, l\u00fd t\u01b0\u1edfng sau m\u1ed9t ng\u00e0y b\u1eadn r\u1ed9n t\u1ea1i th\u00e0nh ph\u1ed1.\" \/>\n<meta property=\"og:url\" content=\"https:\/\/ibisstyles.accorv2prod.decms.eu\/vi\/thalasso-spa-suc-khoe\/phong-xong-hoi-kho-phong-xong-hoi-uot\/\" \/>\n<meta property=\"og:site_name\" content=\"Ibis Styles V2 demo site\" \/>\n<meta property=\"article:modified_time\" content=\"2026-01-30T17:47:17+00:00\" \/>\n<meta name=\"twitter:card\" content=\"summary_large_image\" \/>\n<meta name=\"twitter:label1\" content=\"Est. reading time\" \/>\n\t<meta name=\"twitter:data1\" content=\"1 minute\" \/>\n<script type=\"application\/ld+json\" class=\"yoast-schema-graph\">{\"@context\":\"https:\/\/schema.org\",\"@graph\":[{\"@type\":\"WebPage\",\"@id\":\"https:\/\/ibisstyles.accorv2prod.decms.eu\/vi\/thalasso-spa-suc-khoe\/phong-xong-hoi-kho-phong-xong-hoi-uot\/\",\"url\":\"https:\/\/ibisstyles.accorv2prod.decms.eu\/vi\/thalasso-spa-suc-khoe\/phong-xong-hoi-kho-phong-xong-hoi-uot\/\",\"name\":\"Ph\u00f2ng X\u00f4ng H\u01a1i & Ph\u00f2ng H\u01a1i N\u01b0\u1edbc - Ibis Styles V2 demo site\",\"isPartOf\":{\"@id\":\"https:\/\/ibisstyles.accorv2prod.decms.eu\/#website\"},\"datePublished\":\"2021-08-05T10:30:12+00:00\",\"dateModified\":\"2026-01-30T17:47:17+00:00\",\"breadcrumb\":{\"@id\":\"https:\/\/ibisstyles.accorv2prod.decms.eu\/vi\/thalasso-spa-suc-khoe\/phong-xong-hoi-kho-phong-xong-hoi-uot\/#breadcrumb\"},\"inLanguage\":\"vi-VN\",\"potentialAction\":[{\"@type\":\"ReadAction\",\"target\":[\"https:\/\/ibisstyles.accorv2prod.decms.eu\/vi\/thalasso-spa-suc-khoe\/phong-xong-hoi-kho-phong-xong-hoi-uot\/\"]}]},{\"@type\":\"BreadcrumbList\",\"@id\":\"https:\/\/ibisstyles.accorv2prod.decms.eu\/vi\/thalasso-spa-suc-khoe\/phong-xong-hoi-kho-phong-xong-hoi-uot\/#breadcrumb\",\"itemListElement\":[{\"@type\":\"ListItem\",\"position\":1,\"name\":\"Home\",\"item\":\"https:\/\/ibisstyles.accorv2prod.decms.eu\/vi\/\"},{\"@type\":\"ListItem\",\"position\":2,\"name\":\"Thalasso SPA &#038; S\u1ee9c kh\u1ecfe\",\"item\":\"https:\/\/ibisstyles.accorv2prod.decms.eu\/vi\/thalasso-spa-suc-khoe\/\"},{\"@type\":\"ListItem\",\"position\":3,\"name\":\"Ph\u00f2ng X\u00f4ng H\u01a1i &#038; Ph\u00f2ng H\u01a1i N\u01b0\u1edbc\"}]},{\"@type\":\"WebSite\",\"@id\":\"https:\/\/ibisstyles.accorv2prod.decms.eu\/#website\",\"url\":\"https:\/\/ibisstyles.accorv2prod.decms.eu\/\",\"name\":\"Ibis Styles V2 demo site\",\"description\":\"Just another Matteo Canever Site Sites site\",\"potentialAction\":[{\"@type\":\"SearchAction\",\"target\":{\"@type\":\"EntryPoint\",\"urlTemplate\":\"https:\/\/ibisstyles.accorv2prod.decms.eu\/?s={search_term_string}\"},\"query-input\":{\"@type\":\"PropertyValueSpecification\",\"valueRequired\":true,\"valueName\":\"search_term_string\"}}],\"inLanguage\":\"vi-VN\"}]}<\/script>\n<!-- \/ Yoast SEO plugin. -->","yoast_head_json":{"title":"Ph\u00f2ng X\u00f4ng H\u01a1i & Ph\u00f2ng H\u01a1i N\u01b0\u1edbc - Ibis Styles V2 demo site","robots":{"index":"noindex","follow":"follow","max-snippet":"max-snippet:-1","max-image-preview":"max-image-preview:large","max-video-preview":"max-video-preview:-1"},"og_locale":"vi_VN","og_type":"article","og_title":"Ph\u00f2ng X\u00f4ng H\u01a1i & Ph\u00f2ng H\u01a1i N\u01b0\u1edbc - Ibis Styles V2 demo site","og_description":"H\u00e3y d\u00e0nh m\u1ed9t ch\u00fat th\u1eddi gian \u0111\u1ec3 th\u01b0 gi\u00e3n ngay t\u1ea1i trung t\u00e2m London. Khu v\u1ef1c ch\u0103m s\u00f3c s\u1ee9c kh\u1ecfe c\u1ee7a ch\u00fang t\u00f4i \u0111\u01b0\u1ee3c thi\u1ebft k\u1ebf \u0111\u1ec3 mang l\u1ea1i tr\u1ea3i nghi\u1ec7m th\u01b0 gi\u00e3n v\u00e0 t\u00e1i t\u1ea1o n\u0103ng l\u01b0\u1ee3ng, l\u00fd t\u01b0\u1edfng sau m\u1ed9t ng\u00e0y b\u1eadn r\u1ed9n t\u1ea1i th\u00e0nh ph\u1ed1.","og_url":"https:\/\/ibisstyles.accorv2prod.decms.eu\/vi\/thalasso-spa-suc-khoe\/phong-xong-hoi-kho-phong-xong-hoi-uot\/","og_site_name":"Ibis Styles V2 demo site","article_modified_time":"2026-01-30T17:47:17+00:00","twitter_card":"summary_large_image","twitter_misc":{"Est. reading time":"1 minute"},"schema":{"@context":"https:\/\/schema.org","@graph":[{"@type":"WebPage","@id":"https:\/\/ibisstyles.accorv2prod.decms.eu\/vi\/thalasso-spa-suc-khoe\/phong-xong-hoi-kho-phong-xong-hoi-uot\/","url":"https:\/\/ibisstyles.accorv2prod.decms.eu\/vi\/thalasso-spa-suc-khoe\/phong-xong-hoi-kho-phong-xong-hoi-uot\/","name":"Ph\u00f2ng X\u00f4ng H\u01a1i & Ph\u00f2ng H\u01a1i N\u01b0\u1edbc - Ibis Styles V2 demo site","isPartOf":{"@id":"https:\/\/ibisstyles.accorv2prod.decms.eu\/#website"},"datePublished":"2021-08-05T10:30:12+00:00","dateModified":"2026-01-30T17:47:17+00:00","breadcrumb":{"@id":"https:\/\/ibisstyles.accorv2prod.decms.eu\/vi\/thalasso-spa-suc-khoe\/phong-xong-hoi-kho-phong-xong-hoi-uot\/#breadcrumb"},"inLanguage":"vi-VN","potentialAction":[{"@type":"ReadAction","target":["https:\/\/ibisstyles.accorv2prod.decms.eu\/vi\/thalasso-spa-suc-khoe\/phong-xong-hoi-kho-phong-xong-hoi-uot\/"]}]},{"@type":"BreadcrumbList","@id":"https:\/\/ibisstyles.accorv2prod.decms.eu\/vi\/thalasso-spa-suc-khoe\/phong-xong-hoi-kho-phong-xong-hoi-uot\/#breadcrumb","itemListElement":[{"@type":"ListItem","position":1,"name":"Home","item":"https:\/\/ibisstyles.accorv2prod.decms.eu\/vi\/"},{"@type":"ListItem","position":2,"name":"Thalasso SPA &#038; S\u1ee9c kh\u1ecfe","item":"https:\/\/ibisstyles.accorv2prod.decms.eu\/vi\/thalasso-spa-suc-khoe\/"},{"@type":"ListItem","position":3,"name":"Ph\u00f2ng X\u00f4ng H\u01a1i &#038; Ph\u00f2ng H\u01a1i N\u01b0\u1edbc"}]},{"@type":"WebSite","@id":"https:\/\/ibisstyles.accorv2prod.decms.eu\/#website","url":"https:\/\/ibisstyles.accorv2prod.decms.eu\/","name":"Ibis Styles V2 demo site","description":"Just another Matteo Canever Site Sites site","potentialAction":[{"@type":"SearchAction","target":{"@type":"EntryPoint","urlTemplate":"https:\/\/ibisstyles.accorv2prod.decms.eu\/?s={search_term_string}"},"query-input":{"@type":"PropertyValueSpecification","valueRequired":true,"valueName":"search_term_string"}}],"inLanguage":"vi-VN"}]}},"_links":{"self":[{"href":"https:\/\/ibisstyles.accorv2prod.decms.eu\/vi\/wp-json\/wp\/v2\/pages\/2211","targetHints":{"allow":["GET"]}}],"collection":[{"href":"https:\/\/ibisstyles.accorv2prod.decms.eu\/vi\/wp-json\/wp\/v2\/pages"}],"about":[{"href":"https:\/\/ibisstyles.accorv2prod.decms.eu\/vi\/wp-json\/wp\/v2\/types\/page"}],"author":[{"embeddable":true,"href":"https:\/\/ibisstyles.accorv2prod.decms.eu\/vi\/wp-json\/wp\/v2\/users\/4"}],"replies":[{"embeddable":true,"href":"https:\/\/ibisstyles.accorv2prod.decms.eu\/vi\/wp-json\/wp\/v2\/comments?post=2211"}],"version-history":[{"count":0,"href":"https:\/\/ibisstyles.accorv2prod.decms.eu\/vi\/wp-json\/wp\/v2\/pages\/2211\/revisions"}],"up":[{"embeddable":true,"href":"https:\/\/ibisstyles.accorv2prod.decms.eu\/vi\/wp-json\/wp\/v2\/pages\/928"}],"wp:attachment":[{"href":"https:\/\/ibisstyles.accorv2prod.decms.eu\/vi\/wp-json\/wp\/v2\/media?parent=2211"}],"wp:term":[{"taxonomy":"category","embeddable":true,"href":"https:\/\/ibisstyles.accorv2prod.decms.eu\/vi\/wp-json\/wp\/v2\/categories?post=2211"}],"curies":[{"name":"wp","href":"https:\/\/api.w.org\/{rel}","templated":true}]}}