{"id":2212,"date":"2021-08-05T10:30:10","date_gmt":"2021-08-05T10:30:10","guid":{"rendered":"https:\/\/ibisstyles.accorv2prod.decms.eu\/?page_id=2212"},"modified":"2026-02-06T17:55:54","modified_gmt":"2026-02-06T17:55:54","slug":"mat-xa-tri-lieu","status":"publish","type":"page","link":"https:\/\/ibisstyles.accorv2prod.decms.eu\/vi\/thalasso-spa-suc-khoe\/mat-xa-tri-lieu\/","title":{"rendered":"Massage &#038; Li\u1ec7u Tr\u00ecnh Ch\u0103m S\u00f3c"},"content":{"rendered":"<p>Tho\u00e1t kh\u1ecfi s\u1ef1 h\u1ed1i h\u1ea3 c\u1ee7a trung t\u00e2m London v\u00e0 kh\u00e1m ph\u00e1 th\u00e1nh \u0111\u1ecba y\u00ean b\u00ecnh c\u1ee7a b\u1ea1n. Spa sang tr\u1ecdng c\u1ee7a ch\u00fang t\u00f4i cung c\u1ea5p th\u1ef1c \u0111\u01a1n \u0111a d\u1ea1ng c\u00e1c li\u1ec7u tr\u00ecnh massage v\u00e0 ch\u0103m s\u00f3c \u0111\u01b0\u1ee3c thi\u1ebft k\u1ebf \u0111\u1ec3 ph\u1ee5c h\u1ed3i s\u1ef1 c\u00e2n b\u1eb1ng, gi\u1ea3m c\u0103ng th\u1eb3ng v\u00e0 l\u00e0m tr\u1ebb h\u00f3a c\u01a1 th\u1ec3 c\u0169ng nh\u01b0 t\u00e2m tr\u00ed.<\/p>\n","protected":false},"excerpt":{"rendered":"<p>Tho\u00e1t kh\u1ecfi s\u1ef1 h\u1ed1i h\u1ea3 c\u1ee7a trung t\u00e2m London v\u00e0 kh\u00e1m ph\u00e1 th\u00e1nh \u0111\u1ecba y\u00ean b\u00ecnh c\u1ee7a b\u1ea1n. Spa sang tr\u1ecdng c\u1ee7a ch\u00fang t\u00f4i cung c\u1ea5p th\u1ef1c \u0111\u01a1n \u0111a d\u1ea1ng c\u00e1c li\u1ec7u tr\u00ecnh massage v\u00e0 ch\u0103m s\u00f3c \u0111\u01b0\u1ee3c thi\u1ebft k\u1ebf \u0111\u1ec3 ph\u1ee5c h\u1ed3i s\u1ef1 c\u00e2n b\u1eb1ng, gi\u1ea3m c\u0103ng th\u1eb3ng v\u00e0 l\u00e0m tr\u1ebb h\u00f3a c\u01a1 th\u1ec3 [&hellip;]<\/p>\n","protected":false},"author":4,"featured_media":0,"parent":928,"menu_order":400,"comment_status":"closed","ping_status":"closed","template":"template-spa.php","meta":{"footnotes":""},"categories":[],"class_list":["post-2212","page","type-page","status-publish","hentry"],"acf":[],"yoast_head":"<!-- This site is optimized with the Yoast SEO plugin v26.9 - https:\/\/yoast.com\/product\/yoast-seo-wordpress\/ -->\n<title>Massage &amp; Li\u1ec7u Tr\u00ecnh Ch\u0103m S\u00f3c - Ibis Styles V2 demo site<\/title>\n<meta name=\"robots\" content=\"noindex, follow, max-snippet:-1, max-image-preview:large, max-video-preview:-1\" \/>\n<meta property=\"og:locale\" content=\"vi_VN\" \/>\n<meta property=\"og:type\" content=\"article\" \/>\n<meta property=\"og:title\" content=\"Massage &amp; Li\u1ec7u Tr\u00ecnh Ch\u0103m S\u00f3c - Ibis Styles V2 demo site\" \/>\n<meta property=\"og:description\" content=\"Tho\u00e1t kh\u1ecfi s\u1ef1 h\u1ed1i h\u1ea3 c\u1ee7a trung t\u00e2m London v\u00e0 kh\u00e1m ph\u00e1 th\u00e1nh \u0111\u1ecba y\u00ean b\u00ecnh c\u1ee7a b\u1ea1n. Spa sang tr\u1ecdng c\u1ee7a ch\u00fang t\u00f4i cung c\u1ea5p th\u1ef1c \u0111\u01a1n \u0111a d\u1ea1ng c\u00e1c li\u1ec7u tr\u00ecnh massage v\u00e0 ch\u0103m s\u00f3c \u0111\u01b0\u1ee3c thi\u1ebft k\u1ebf \u0111\u1ec3 ph\u1ee5c h\u1ed3i s\u1ef1 c\u00e2n b\u1eb1ng, gi\u1ea3m c\u0103ng th\u1eb3ng v\u00e0 l\u00e0m tr\u1ebb h\u00f3a c\u01a1 th\u1ec3 [&hellip;]\" \/>\n<meta property=\"og:url\" content=\"https:\/\/ibisstyles.accorv2prod.decms.eu\/vi\/thalasso-spa-suc-khoe\/mat-xa-tri-lieu\/\" \/>\n<meta property=\"og:site_name\" content=\"Ibis Styles V2 demo site\" \/>\n<meta property=\"article:modified_time\" content=\"2026-02-06T17:55:54+00:00\" \/>\n<meta name=\"twitter:card\" content=\"summary_large_image\" \/>\n<meta name=\"twitter:label1\" content=\"Est. reading time\" \/>\n\t<meta name=\"twitter:data1\" content=\"1 minute\" \/>\n<script type=\"application\/ld+json\" class=\"yoast-schema-graph\">{\"@context\":\"https:\/\/schema.org\",\"@graph\":[{\"@type\":\"WebPage\",\"@id\":\"https:\/\/ibisstyles.accorv2prod.decms.eu\/vi\/thalasso-spa-suc-khoe\/mat-xa-tri-lieu\/\",\"url\":\"https:\/\/ibisstyles.accorv2prod.decms.eu\/vi\/thalasso-spa-suc-khoe\/mat-xa-tri-lieu\/\",\"name\":\"Massage & Li\u1ec7u Tr\u00ecnh Ch\u0103m S\u00f3c - Ibis Styles V2 demo site\",\"isPartOf\":{\"@id\":\"https:\/\/ibisstyles.accorv2prod.decms.eu\/#website\"},\"datePublished\":\"2021-08-05T10:30:10+00:00\",\"dateModified\":\"2026-02-06T17:55:54+00:00\",\"breadcrumb\":{\"@id\":\"https:\/\/ibisstyles.accorv2prod.decms.eu\/vi\/thalasso-spa-suc-khoe\/mat-xa-tri-lieu\/#breadcrumb\"},\"inLanguage\":\"vi-VN\",\"potentialAction\":[{\"@type\":\"ReadAction\",\"target\":[\"https:\/\/ibisstyles.accorv2prod.decms.eu\/vi\/thalasso-spa-suc-khoe\/mat-xa-tri-lieu\/\"]}]},{\"@type\":\"BreadcrumbList\",\"@id\":\"https:\/\/ibisstyles.accorv2prod.decms.eu\/vi\/thalasso-spa-suc-khoe\/mat-xa-tri-lieu\/#breadcrumb\",\"itemListElement\":[{\"@type\":\"ListItem\",\"position\":1,\"name\":\"Home\",\"item\":\"https:\/\/ibisstyles.accorv2prod.decms.eu\/vi\/\"},{\"@type\":\"ListItem\",\"position\":2,\"name\":\"Thalasso SPA &#038; S\u1ee9c kh\u1ecfe\",\"item\":\"https:\/\/ibisstyles.accorv2prod.decms.eu\/vi\/thalasso-spa-suc-khoe\/\"},{\"@type\":\"ListItem\",\"position\":3,\"name\":\"Massage &#038; Li\u1ec7u Tr\u00ecnh Ch\u0103m S\u00f3c\"}]},{\"@type\":\"WebSite\",\"@id\":\"https:\/\/ibisstyles.accorv2prod.decms.eu\/#website\",\"url\":\"https:\/\/ibisstyles.accorv2prod.decms.eu\/\",\"name\":\"Ibis Styles V2 demo site\",\"description\":\"Just another Matteo Canever Site Sites site\",\"potentialAction\":[{\"@type\":\"SearchAction\",\"target\":{\"@type\":\"EntryPoint\",\"urlTemplate\":\"https:\/\/ibisstyles.accorv2prod.decms.eu\/?s={search_term_string}\"},\"query-input\":{\"@type\":\"PropertyValueSpecification\",\"valueRequired\":true,\"valueName\":\"search_term_string\"}}],\"inLanguage\":\"vi-VN\"}]}<\/script>\n<!-- \/ Yoast SEO plugin. -->","yoast_head_json":{"title":"Massage & Li\u1ec7u Tr\u00ecnh Ch\u0103m S\u00f3c - Ibis Styles V2 demo site","robots":{"index":"noindex","follow":"follow","max-snippet":"max-snippet:-1","max-image-preview":"max-image-preview:large","max-video-preview":"max-video-preview:-1"},"og_locale":"vi_VN","og_type":"article","og_title":"Massage & Li\u1ec7u Tr\u00ecnh Ch\u0103m S\u00f3c - Ibis Styles V2 demo site","og_description":"Tho\u00e1t kh\u1ecfi s\u1ef1 h\u1ed1i h\u1ea3 c\u1ee7a trung t\u00e2m London v\u00e0 kh\u00e1m ph\u00e1 th\u00e1nh \u0111\u1ecba y\u00ean b\u00ecnh c\u1ee7a b\u1ea1n. Spa sang tr\u1ecdng c\u1ee7a ch\u00fang t\u00f4i cung c\u1ea5p th\u1ef1c \u0111\u01a1n \u0111a d\u1ea1ng c\u00e1c li\u1ec7u tr\u00ecnh massage v\u00e0 ch\u0103m s\u00f3c \u0111\u01b0\u1ee3c thi\u1ebft k\u1ebf \u0111\u1ec3 ph\u1ee5c h\u1ed3i s\u1ef1 c\u00e2n b\u1eb1ng, gi\u1ea3m c\u0103ng th\u1eb3ng v\u00e0 l\u00e0m tr\u1ebb h\u00f3a c\u01a1 th\u1ec3 [&hellip;]","og_url":"https:\/\/ibisstyles.accorv2prod.decms.eu\/vi\/thalasso-spa-suc-khoe\/mat-xa-tri-lieu\/","og_site_name":"Ibis Styles V2 demo site","article_modified_time":"2026-02-06T17:55:54+00:00","twitter_card":"summary_large_image","twitter_misc":{"Est. reading time":"1 minute"},"schema":{"@context":"https:\/\/schema.org","@graph":[{"@type":"WebPage","@id":"https:\/\/ibisstyles.accorv2prod.decms.eu\/vi\/thalasso-spa-suc-khoe\/mat-xa-tri-lieu\/","url":"https:\/\/ibisstyles.accorv2prod.decms.eu\/vi\/thalasso-spa-suc-khoe\/mat-xa-tri-lieu\/","name":"Massage & Li\u1ec7u Tr\u00ecnh Ch\u0103m S\u00f3c - Ibis Styles V2 demo site","isPartOf":{"@id":"https:\/\/ibisstyles.accorv2prod.decms.eu\/#website"},"datePublished":"2021-08-05T10:30:10+00:00","dateModified":"2026-02-06T17:55:54+00:00","breadcrumb":{"@id":"https:\/\/ibisstyles.accorv2prod.decms.eu\/vi\/thalasso-spa-suc-khoe\/mat-xa-tri-lieu\/#breadcrumb"},"inLanguage":"vi-VN","potentialAction":[{"@type":"ReadAction","target":["https:\/\/ibisstyles.accorv2prod.decms.eu\/vi\/thalasso-spa-suc-khoe\/mat-xa-tri-lieu\/"]}]},{"@type":"BreadcrumbList","@id":"https:\/\/ibisstyles.accorv2prod.decms.eu\/vi\/thalasso-spa-suc-khoe\/mat-xa-tri-lieu\/#breadcrumb","itemListElement":[{"@type":"ListItem","position":1,"name":"Home","item":"https:\/\/ibisstyles.accorv2prod.decms.eu\/vi\/"},{"@type":"ListItem","position":2,"name":"Thalasso SPA &#038; S\u1ee9c kh\u1ecfe","item":"https:\/\/ibisstyles.accorv2prod.decms.eu\/vi\/thalasso-spa-suc-khoe\/"},{"@type":"ListItem","position":3,"name":"Massage &#038; Li\u1ec7u Tr\u00ecnh Ch\u0103m S\u00f3c"}]},{"@type":"WebSite","@id":"https:\/\/ibisstyles.accorv2prod.decms.eu\/#website","url":"https:\/\/ibisstyles.accorv2prod.decms.eu\/","name":"Ibis Styles V2 demo site","description":"Just another Matteo Canever Site Sites site","potentialAction":[{"@type":"SearchAction","target":{"@type":"EntryPoint","urlTemplate":"https:\/\/ibisstyles.accorv2prod.decms.eu\/?s={search_term_string}"},"query-input":{"@type":"PropertyValueSpecification","valueRequired":true,"valueName":"search_term_string"}}],"inLanguage":"vi-VN"}]}},"_links":{"self":[{"href":"https:\/\/ibisstyles.accorv2prod.decms.eu\/vi\/wp-json\/wp\/v2\/pages\/2212","targetHints":{"allow":["GET"]}}],"collection":[{"href":"https:\/\/ibisstyles.accorv2prod.decms.eu\/vi\/wp-json\/wp\/v2\/pages"}],"about":[{"href":"https:\/\/ibisstyles.accorv2prod.decms.eu\/vi\/wp-json\/wp\/v2\/types\/page"}],"author":[{"embeddable":true,"href":"https:\/\/ibisstyles.accorv2prod.decms.eu\/vi\/wp-json\/wp\/v2\/users\/4"}],"replies":[{"embeddable":true,"href":"https:\/\/ibisstyles.accorv2prod.decms.eu\/vi\/wp-json\/wp\/v2\/comments?post=2212"}],"version-history":[{"count":0,"href":"https:\/\/ibisstyles.accorv2prod.decms.eu\/vi\/wp-json\/wp\/v2\/pages\/2212\/revisions"}],"up":[{"embeddable":true,"href":"https:\/\/ibisstyles.accorv2prod.decms.eu\/vi\/wp-json\/wp\/v2\/pages\/928"}],"wp:attachment":[{"href":"https:\/\/ibisstyles.accorv2prod.decms.eu\/vi\/wp-json\/wp\/v2\/media?parent=2212"}],"wp:term":[{"taxonomy":"category","embeddable":true,"href":"https:\/\/ibisstyles.accorv2prod.decms.eu\/vi\/wp-json\/wp\/v2\/categories?post=2212"}],"curies":[{"name":"wp","href":"https:\/\/api.w.org\/{rel}","templated":true}]}}