{"id":2213,"date":"2021-08-05T10:30:07","date_gmt":"2021-08-05T10:30:07","guid":{"rendered":"https:\/\/ibisstyles.accorv2prod.decms.eu\/?page_id=2213"},"modified":"2026-03-26T14:44:17","modified_gmt":"2026-03-26T14:44:17","slug":"phong-da-muoi-himalaya","status":"publish","type":"page","link":"https:\/\/ibisstyles.accorv2prod.decms.eu\/vi\/thalasso-spa-suc-khoe\/phong-da-muoi-himalaya\/","title":{"rendered":"Ph\u00f2ng Mu\u1ed1i Himalaya"},"content":{"rendered":"<p data-start=\"285\" data-end=\"619\">\u1ea8n s\u00e2u trong c\u00e1c m\u1ecf Khewra t\u1ea1i Pakistan, nh\u1eefng l\u1edbp mu\u1ed1i h\u1ed3ng Himalaya h\u00ecnh th\u00e0nh t\u1eeb h\u00e0ng ngh\u00ecn n\u0103m tr\u01b0\u1edbc ch\u1ee9a \u0111\u1ef1ng ngu\u1ed3n kho\u00e1ng ch\u1ea5t phong ph\u00fa m\u00e0 khoa h\u1ecdc ch\u1ec9 m\u1edbi b\u1eaft \u0111\u1ea7u kh\u00e1m ph\u00e1. Ph\u00f2ng mu\u1ed1i c\u1ee7a ch\u00fang t\u00f4i mang di s\u1ea3n n\u00e0y \u0111\u1ebfn g\u1ea7n b\u1ea1n \u2014 nh\u1eefng b\u1ee9c t\u01b0\u1eddng \u0111\u01b0\u1ee3c \u1ed1p b\u1eb1ng c\u00e1c vi\u00ean g\u1ea1ch mu\u1ed1i ch\u1ea1m kh\u1eafc th\u1ee7 c\u00f4ng, gi\u1ea3i ph\u00f3ng c\u00e1c h\u1ea1t halite si\u00eau nh\u1ecf v\u00e0o m\u1ed9t vi kh\u00ed h\u1eadu \u1ea5m \u00e1p v\u00e0 th\u01b0 gi\u00e3n.<\/p>\n<p data-start=\"1144\" data-end=\"1270\">Li\u1ec7u ph\u00e1p halotherapy \u2014 h\u00edt th\u1edf kh\u00f4ng kh\u00ed gi\u00e0u mu\u1ed1i \u2014 \u0111\u00e3 \u0111\u01b0\u1ee3c th\u1ef1c h\u00e0nh t\u1ea1i c\u00e1c hang mu\u1ed1i t\u1ef1 nhi\u00ean \u1edf ch\u00e2u \u00c2u t\u1eeb th\u1ebf k\u1ef7 19.<\/p>\n<p data-start=\"1272\" data-end=\"1637\">Kh\u00f4ng gian chuy\u00ean bi\u1ec7t c\u1ee7a ch\u00fang t\u00f4i t\u00e1i hi\u1ec7n ch\u00ednh x\u00e1c nh\u1eefng \u0111i\u1ec1u ki\u1ec7n n\u00e0y: \u0111\u1ed9 \u1ea9m \u0111\u01b0\u1ee3c ki\u1ec3m so\u00e1t, nhi\u1ec7t \u0111\u1ed9 d\u1ec5 ch\u1ecbu t\u1eeb 18\u201322\u00b0C, v\u00e0 ch\u1ea5t l\u01b0\u1ee3ng kh\u00f4ng kh\u00ed m\u00e0 b\u1ea1n kh\u00f3 c\u00f3 th\u1ec3 t\u00ecm th\u1ea5y ngo\u00e0i tr\u1eddi.<\/p>\n","protected":false},"excerpt":{"rendered":"<p>\u1ea8n s\u00e2u trong c\u00e1c m\u1ecf Khewra t\u1ea1i Pakistan, nh\u1eefng l\u1edbp mu\u1ed1i h\u1ed3ng Himalaya h\u00ecnh th\u00e0nh t\u1eeb h\u00e0ng ngh\u00ecn n\u0103m tr\u01b0\u1edbc ch\u1ee9a \u0111\u1ef1ng ngu\u1ed3n kho\u00e1ng ch\u1ea5t phong ph\u00fa m\u00e0 khoa h\u1ecdc ch\u1ec9 m\u1edbi b\u1eaft \u0111\u1ea7u kh\u00e1m ph\u00e1. Ph\u00f2ng mu\u1ed1i c\u1ee7a ch\u00fang t\u00f4i mang di s\u1ea3n n\u00e0y \u0111\u1ebfn g\u1ea7n b\u1ea1n \u2014 nh\u1eefng b\u1ee9c t\u01b0\u1eddng \u0111\u01b0\u1ee3c \u1ed1p b\u1eb1ng [&hellip;]<\/p>\n","protected":false},"author":4,"featured_media":0,"parent":928,"menu_order":500,"comment_status":"closed","ping_status":"closed","template":"template-spa.php","meta":{"footnotes":""},"categories":[],"class_list":["post-2213","page","type-page","status-publish","hentry"],"acf":[],"yoast_head":"<!-- This site is optimized with the Yoast SEO plugin v26.9 - https:\/\/yoast.com\/product\/yoast-seo-wordpress\/ -->\n<title>Ph\u00f2ng Mu\u1ed1i Himalaya - Ibis Styles V2 demo site<\/title>\n<meta name=\"robots\" content=\"noindex, follow, max-snippet:-1, max-image-preview:large, max-video-preview:-1\" \/>\n<meta property=\"og:locale\" content=\"vi_VN\" \/>\n<meta property=\"og:type\" content=\"article\" \/>\n<meta property=\"og:title\" content=\"Ph\u00f2ng Mu\u1ed1i Himalaya - Ibis Styles V2 demo site\" \/>\n<meta property=\"og:description\" content=\"\u1ea8n s\u00e2u trong c\u00e1c m\u1ecf Khewra t\u1ea1i Pakistan, nh\u1eefng l\u1edbp mu\u1ed1i h\u1ed3ng Himalaya h\u00ecnh th\u00e0nh t\u1eeb h\u00e0ng ngh\u00ecn n\u0103m tr\u01b0\u1edbc ch\u1ee9a \u0111\u1ef1ng ngu\u1ed3n kho\u00e1ng ch\u1ea5t phong ph\u00fa m\u00e0 khoa h\u1ecdc ch\u1ec9 m\u1edbi b\u1eaft \u0111\u1ea7u kh\u00e1m ph\u00e1. Ph\u00f2ng mu\u1ed1i c\u1ee7a ch\u00fang t\u00f4i mang di s\u1ea3n n\u00e0y \u0111\u1ebfn g\u1ea7n b\u1ea1n \u2014 nh\u1eefng b\u1ee9c t\u01b0\u1eddng \u0111\u01b0\u1ee3c \u1ed1p b\u1eb1ng [&hellip;]\" \/>\n<meta property=\"og:url\" content=\"https:\/\/ibisstyles.accorv2prod.decms.eu\/vi\/thalasso-spa-suc-khoe\/phong-da-muoi-himalaya\/\" \/>\n<meta property=\"og:site_name\" content=\"Ibis Styles V2 demo site\" \/>\n<meta property=\"article:modified_time\" content=\"2026-03-26T14:44:17+00:00\" \/>\n<meta name=\"twitter:card\" content=\"summary_large_image\" \/>\n<meta name=\"twitter:label1\" content=\"Est. reading time\" \/>\n\t<meta name=\"twitter:data1\" content=\"1 minute\" \/>\n<script type=\"application\/ld+json\" class=\"yoast-schema-graph\">{\"@context\":\"https:\/\/schema.org\",\"@graph\":[{\"@type\":\"WebPage\",\"@id\":\"https:\/\/ibisstyles.accorv2prod.decms.eu\/vi\/thalasso-spa-suc-khoe\/phong-da-muoi-himalaya\/\",\"url\":\"https:\/\/ibisstyles.accorv2prod.decms.eu\/vi\/thalasso-spa-suc-khoe\/phong-da-muoi-himalaya\/\",\"name\":\"Ph\u00f2ng Mu\u1ed1i Himalaya - Ibis Styles V2 demo site\",\"isPartOf\":{\"@id\":\"https:\/\/ibisstyles.accorv2prod.decms.eu\/#website\"},\"datePublished\":\"2021-08-05T10:30:07+00:00\",\"dateModified\":\"2026-03-26T14:44:17+00:00\",\"breadcrumb\":{\"@id\":\"https:\/\/ibisstyles.accorv2prod.decms.eu\/vi\/thalasso-spa-suc-khoe\/phong-da-muoi-himalaya\/#breadcrumb\"},\"inLanguage\":\"vi-VN\",\"potentialAction\":[{\"@type\":\"ReadAction\",\"target\":[\"https:\/\/ibisstyles.accorv2prod.decms.eu\/vi\/thalasso-spa-suc-khoe\/phong-da-muoi-himalaya\/\"]}]},{\"@type\":\"BreadcrumbList\",\"@id\":\"https:\/\/ibisstyles.accorv2prod.decms.eu\/vi\/thalasso-spa-suc-khoe\/phong-da-muoi-himalaya\/#breadcrumb\",\"itemListElement\":[{\"@type\":\"ListItem\",\"position\":1,\"name\":\"Home\",\"item\":\"https:\/\/ibisstyles.accorv2prod.decms.eu\/vi\/\"},{\"@type\":\"ListItem\",\"position\":2,\"name\":\"Thalasso SPA &#038; S\u1ee9c kh\u1ecfe\",\"item\":\"https:\/\/ibisstyles.accorv2prod.decms.eu\/vi\/thalasso-spa-suc-khoe\/\"},{\"@type\":\"ListItem\",\"position\":3,\"name\":\"Ph\u00f2ng Mu\u1ed1i Himalaya\"}]},{\"@type\":\"WebSite\",\"@id\":\"https:\/\/ibisstyles.accorv2prod.decms.eu\/#website\",\"url\":\"https:\/\/ibisstyles.accorv2prod.decms.eu\/\",\"name\":\"Ibis Styles V2 demo site\",\"description\":\"Just another Matteo Canever Site Sites site\",\"potentialAction\":[{\"@type\":\"SearchAction\",\"target\":{\"@type\":\"EntryPoint\",\"urlTemplate\":\"https:\/\/ibisstyles.accorv2prod.decms.eu\/?s={search_term_string}\"},\"query-input\":{\"@type\":\"PropertyValueSpecification\",\"valueRequired\":true,\"valueName\":\"search_term_string\"}}],\"inLanguage\":\"vi-VN\"}]}<\/script>\n<!-- \/ Yoast SEO plugin. -->","yoast_head_json":{"title":"Ph\u00f2ng Mu\u1ed1i Himalaya - Ibis Styles V2 demo site","robots":{"index":"noindex","follow":"follow","max-snippet":"max-snippet:-1","max-image-preview":"max-image-preview:large","max-video-preview":"max-video-preview:-1"},"og_locale":"vi_VN","og_type":"article","og_title":"Ph\u00f2ng Mu\u1ed1i Himalaya - Ibis Styles V2 demo site","og_description":"\u1ea8n s\u00e2u trong c\u00e1c m\u1ecf Khewra t\u1ea1i Pakistan, nh\u1eefng l\u1edbp mu\u1ed1i h\u1ed3ng Himalaya h\u00ecnh th\u00e0nh t\u1eeb h\u00e0ng ngh\u00ecn n\u0103m tr\u01b0\u1edbc ch\u1ee9a \u0111\u1ef1ng ngu\u1ed3n kho\u00e1ng ch\u1ea5t phong ph\u00fa m\u00e0 khoa h\u1ecdc ch\u1ec9 m\u1edbi b\u1eaft \u0111\u1ea7u kh\u00e1m ph\u00e1. Ph\u00f2ng mu\u1ed1i c\u1ee7a ch\u00fang t\u00f4i mang di s\u1ea3n n\u00e0y \u0111\u1ebfn g\u1ea7n b\u1ea1n \u2014 nh\u1eefng b\u1ee9c t\u01b0\u1eddng \u0111\u01b0\u1ee3c \u1ed1p b\u1eb1ng [&hellip;]","og_url":"https:\/\/ibisstyles.accorv2prod.decms.eu\/vi\/thalasso-spa-suc-khoe\/phong-da-muoi-himalaya\/","og_site_name":"Ibis Styles V2 demo site","article_modified_time":"2026-03-26T14:44:17+00:00","twitter_card":"summary_large_image","twitter_misc":{"Est. reading time":"1 minute"},"schema":{"@context":"https:\/\/schema.org","@graph":[{"@type":"WebPage","@id":"https:\/\/ibisstyles.accorv2prod.decms.eu\/vi\/thalasso-spa-suc-khoe\/phong-da-muoi-himalaya\/","url":"https:\/\/ibisstyles.accorv2prod.decms.eu\/vi\/thalasso-spa-suc-khoe\/phong-da-muoi-himalaya\/","name":"Ph\u00f2ng Mu\u1ed1i Himalaya - Ibis Styles V2 demo site","isPartOf":{"@id":"https:\/\/ibisstyles.accorv2prod.decms.eu\/#website"},"datePublished":"2021-08-05T10:30:07+00:00","dateModified":"2026-03-26T14:44:17+00:00","breadcrumb":{"@id":"https:\/\/ibisstyles.accorv2prod.decms.eu\/vi\/thalasso-spa-suc-khoe\/phong-da-muoi-himalaya\/#breadcrumb"},"inLanguage":"vi-VN","potentialAction":[{"@type":"ReadAction","target":["https:\/\/ibisstyles.accorv2prod.decms.eu\/vi\/thalasso-spa-suc-khoe\/phong-da-muoi-himalaya\/"]}]},{"@type":"BreadcrumbList","@id":"https:\/\/ibisstyles.accorv2prod.decms.eu\/vi\/thalasso-spa-suc-khoe\/phong-da-muoi-himalaya\/#breadcrumb","itemListElement":[{"@type":"ListItem","position":1,"name":"Home","item":"https:\/\/ibisstyles.accorv2prod.decms.eu\/vi\/"},{"@type":"ListItem","position":2,"name":"Thalasso SPA &#038; S\u1ee9c kh\u1ecfe","item":"https:\/\/ibisstyles.accorv2prod.decms.eu\/vi\/thalasso-spa-suc-khoe\/"},{"@type":"ListItem","position":3,"name":"Ph\u00f2ng Mu\u1ed1i Himalaya"}]},{"@type":"WebSite","@id":"https:\/\/ibisstyles.accorv2prod.decms.eu\/#website","url":"https:\/\/ibisstyles.accorv2prod.decms.eu\/","name":"Ibis Styles V2 demo site","description":"Just another Matteo Canever Site Sites site","potentialAction":[{"@type":"SearchAction","target":{"@type":"EntryPoint","urlTemplate":"https:\/\/ibisstyles.accorv2prod.decms.eu\/?s={search_term_string}"},"query-input":{"@type":"PropertyValueSpecification","valueRequired":true,"valueName":"search_term_string"}}],"inLanguage":"vi-VN"}]}},"_links":{"self":[{"href":"https:\/\/ibisstyles.accorv2prod.decms.eu\/vi\/wp-json\/wp\/v2\/pages\/2213","targetHints":{"allow":["GET"]}}],"collection":[{"href":"https:\/\/ibisstyles.accorv2prod.decms.eu\/vi\/wp-json\/wp\/v2\/pages"}],"about":[{"href":"https:\/\/ibisstyles.accorv2prod.decms.eu\/vi\/wp-json\/wp\/v2\/types\/page"}],"author":[{"embeddable":true,"href":"https:\/\/ibisstyles.accorv2prod.decms.eu\/vi\/wp-json\/wp\/v2\/users\/4"}],"replies":[{"embeddable":true,"href":"https:\/\/ibisstyles.accorv2prod.decms.eu\/vi\/wp-json\/wp\/v2\/comments?post=2213"}],"version-history":[{"count":2,"href":"https:\/\/ibisstyles.accorv2prod.decms.eu\/vi\/wp-json\/wp\/v2\/pages\/2213\/revisions"}],"predecessor-version":[{"id":4990,"href":"https:\/\/ibisstyles.accorv2prod.decms.eu\/vi\/wp-json\/wp\/v2\/pages\/2213\/revisions\/4990"}],"up":[{"embeddable":true,"href":"https:\/\/ibisstyles.accorv2prod.decms.eu\/vi\/wp-json\/wp\/v2\/pages\/928"}],"wp:attachment":[{"href":"https:\/\/ibisstyles.accorv2prod.decms.eu\/vi\/wp-json\/wp\/v2\/media?parent=2213"}],"wp:term":[{"taxonomy":"category","embeddable":true,"href":"https:\/\/ibisstyles.accorv2prod.decms.eu\/vi\/wp-json\/wp\/v2\/categories?post=2213"}],"curies":[{"name":"wp","href":"https:\/\/api.w.org\/{rel}","templated":true}]}}