{"id":2797,"date":"2021-06-29T10:44:39","date_gmt":"2021-06-29T10:44:39","guid":{"rendered":"https:\/\/ibisstyles.accorv2prod.decms.eu\/rooms-suites\/junior-suites\/"},"modified":"2025-03-12T18:25:36","modified_gmt":"2025-03-12T18:25:36","slug":"suite-junior","status":"publish","type":"page","link":"https:\/\/ibisstyles.accorv2prod.decms.eu\/vi\/rooms-suites\/suite-junior\/","title":{"rendered":"Suite Junior"},"content":{"rendered":"<p data-sourcepos=\"5:1-5:311\">Ph\u00f2ng Junior Suite c\u1ee7a ch\u00fang t\u00f4i l\u00e0 s\u1ef1 k\u1ebft h\u1ee3p ho\u00e0n h\u1ea3o gi\u1eefa sang tr\u1ecdng v\u00e0 t\u00ednh th\u1ef1c ti\u1ec5n, mang \u0111\u1ebfn m\u1ed9t kh\u00f4ng gian ngh\u1ec9 d\u01b0\u1ee1ng r\u1ed9ng r\u00e3i v\u00e0 tho\u1ea3i m\u00e1i ngay t\u1ea1i trung t\u00e2m London. \u0110\u01b0\u1ee3c thi\u1ebft k\u1ebf \u0111\u1ec3 tho\u1ea3i m\u00e1i \u0111\u00f3n ti\u1ebfp t\u1ed1i \u0111a b\u1ed1n kh\u00e1ch, ph\u00f2ng suite n\u00e0y mang \u0111\u1ebfn s\u1ef1 k\u1ebft h\u1ee3p ho\u00e0n h\u1ea3o gi\u1eefa kh\u00f4ng gian v\u00e0 s\u1ef1 sang tr\u1ecdng.<\/p>\n<p data-sourcepos=\"7:1-7:206\">Ph\u00f2ng suite c\u00f3 khu v\u1ef1c sinh ho\u1ea1t r\u1ed9ng r\u00e3i v\u1edbi \u0111\u1ed3 n\u1ed9i th\u1ea5t phong c\u00e1ch, bao g\u1ed3m m\u1ed9t chi\u1ebfc gh\u1ebf sofa tho\u1ea3i m\u00e1i c\u00f3 th\u1ec3 chuy\u1ec3n \u0111\u1ed5i th\u00e0nh gi\u01b0\u1eddng, TV m\u00e0n h\u00ecnh ph\u1eb3ng v\u00e0 ch\u1ed7 ng\u1ed3i r\u1ed9ng r\u00e3i \u0111\u1ec3 th\u01b0 gi\u00e3n v\u00e0 giao l\u01b0u.<\/p>\n<p data-sourcepos=\"9:1-9:246\">Ph\u00f2ng suite bao g\u1ed3m m\u1ed9t ph\u00f2ng ng\u1ee7 v\u1edbi gi\u01b0\u1eddng c\u1ee1 king sang tr\u1ecdng \u0111\u01b0\u1ee3c trang b\u1ecb b\u1ed9 kh\u0103n tr\u1ea3i gi\u01b0\u1eddng ch\u1ea5t l\u01b0\u1ee3ng cao, \u0111\u1ea3m b\u1ea3o m\u1ed9t \u0111\u00eam ngon gi\u1ea5c. C\u00f3 th\u1ec3 b\u1ed1 tr\u00ed th\u00eam ch\u1ed7 ng\u1ee7 v\u1edbi gh\u1ebf sofa gi\u01b0\u1eddng trong khu v\u1ef1c sinh ho\u1ea1t, ph\u00f9 h\u1ee3p cho t\u1ed1i \u0111a b\u1ed1n kh\u00e1ch.<\/p>\n<p data-sourcepos=\"11:1-11:143\">Ph\u00f2ng t\u1eafm sang tr\u1ecdng \u0111\u01b0\u1ee3c trang b\u1ecb v\u00f2i sen ho\u1eb7c b\u1ed3n t\u1eafm, \u0111\u1ed3 d\u00f9ng v\u1ec7 sinh c\u00e1 nh\u00e2n cao c\u1ea5p v\u00e0 kh\u0103n t\u1eafm s\u1ea1ch s\u1ebd, mang \u0111\u1ebfn tr\u1ea3i nghi\u1ec7m nh\u01b0 spa.<\/p>\n<p data-sourcepos=\"13:1-13:159\">H\u00e3y t\u1eadn h\u01b0\u1edfng b\u1eefa \u0103n t\u1ea1i khu v\u1ef1c \u0103n u\u1ed1ng \u1ea5m c\u00fang c\u1ee7a ph\u00f2ng suite, bao g\u1ed3m b\u00e0n v\u00e0 gh\u1ebf. \u0110\u00e2y l\u00e0 n\u01a1i ho\u00e0n h\u1ea3o cho b\u1eefa s\u00e1ng, b\u1eefa \u0103n nh\u1eb9 ho\u1eb7c \u0111\u1ed3 \u0103n nh\u1eb9 bu\u1ed5i t\u1ed1i.<\/p>\n<p data-sourcepos=\"15:1-15:166\">Khu v\u1ef1c l\u00e0m vi\u1ec7c ri\u00eang bi\u1ec7t v\u1edbi b\u00e0n l\u00e0m vi\u1ec7c v\u00e0 truy c\u1eadp internet t\u1ed1c \u0111\u1ed9 cao \u0111\u01b0\u1ee3c cung c\u1ea5p cho kh\u00e1ch c\u1ea7n gi\u1eef k\u1ebft n\u1ed1i ho\u1eb7c x\u1eed l\u00fd c\u00f4ng vi\u1ec7c trong th\u1eddi gian l\u01b0u tr\u00fa.<\/p>\n","protected":false},"excerpt":{"rendered":"<p>Ph\u00f2ng Junior Suite c\u1ee7a ch\u00fang t\u00f4i l\u00e0 s\u1ef1 k\u1ebft h\u1ee3p ho\u00e0n h\u1ea3o gi\u1eefa sang tr\u1ecdng v\u00e0 t\u00ednh th\u1ef1c ti\u1ec5n, mang \u0111\u1ebfn m\u1ed9t kh\u00f4ng gian ngh\u1ec9 d\u01b0\u1ee1ng r\u1ed9ng r\u00e3i v\u00e0 tho\u1ea3i m\u00e1i ngay t\u1ea1i trung t\u00e2m London. \u0110\u01b0\u1ee3c thi\u1ebft k\u1ebf \u0111\u1ec3 tho\u1ea3i m\u00e1i \u0111\u00f3n ti\u1ebfp t\u1ed1i \u0111a b\u1ed1n kh\u00e1ch, ph\u00f2ng suite n\u00e0y mang \u0111\u1ebfn s\u1ef1 k\u1ebft [&hellip;]<\/p>\n","protected":false},"author":2,"featured_media":0,"parent":924,"menu_order":208,"comment_status":"closed","ping_status":"closed","template":"template-room.php","meta":{"footnotes":""},"categories":[266],"class_list":["post-2797","page","type-page","status-publish","hentry","category-suites-vi"],"acf":[],"yoast_head":"<!-- This site is optimized with the Yoast SEO plugin v26.9 - https:\/\/yoast.com\/product\/yoast-seo-wordpress\/ -->\n<title>Suite Junior - Ibis Styles V2 demo site<\/title>\n<meta name=\"robots\" content=\"noindex, follow, max-snippet:-1, max-image-preview:large, max-video-preview:-1\" \/>\n<meta property=\"og:locale\" content=\"vi_VN\" \/>\n<meta property=\"og:type\" content=\"article\" \/>\n<meta property=\"og:title\" content=\"Suite Junior - Ibis Styles V2 demo site\" \/>\n<meta property=\"og:description\" content=\"Ph\u00f2ng Junior Suite c\u1ee7a ch\u00fang t\u00f4i l\u00e0 s\u1ef1 k\u1ebft h\u1ee3p ho\u00e0n h\u1ea3o gi\u1eefa sang tr\u1ecdng v\u00e0 t\u00ednh th\u1ef1c ti\u1ec5n, mang \u0111\u1ebfn m\u1ed9t kh\u00f4ng gian ngh\u1ec9 d\u01b0\u1ee1ng r\u1ed9ng r\u00e3i v\u00e0 tho\u1ea3i m\u00e1i ngay t\u1ea1i trung t\u00e2m London. \u0110\u01b0\u1ee3c thi\u1ebft k\u1ebf \u0111\u1ec3 tho\u1ea3i m\u00e1i \u0111\u00f3n ti\u1ebfp t\u1ed1i \u0111a b\u1ed1n kh\u00e1ch, ph\u00f2ng suite n\u00e0y mang \u0111\u1ebfn s\u1ef1 k\u1ebft [&hellip;]\" \/>\n<meta property=\"og:url\" content=\"https:\/\/ibisstyles.accorv2prod.decms.eu\/vi\/rooms-suites\/suite-junior\/\" \/>\n<meta property=\"og:site_name\" content=\"Ibis Styles V2 demo site\" \/>\n<meta property=\"article:modified_time\" content=\"2025-03-12T18:25:36+00:00\" \/>\n<meta name=\"twitter:card\" content=\"summary_large_image\" \/>\n<meta name=\"twitter:label1\" content=\"Est. reading time\" \/>\n\t<meta name=\"twitter:data1\" content=\"2 minutes\" \/>\n<script type=\"application\/ld+json\" class=\"yoast-schema-graph\">{\"@context\":\"https:\/\/schema.org\",\"@graph\":[{\"@type\":\"WebPage\",\"@id\":\"https:\/\/ibisstyles.accorv2prod.decms.eu\/vi\/rooms-suites\/suite-junior\/\",\"url\":\"https:\/\/ibisstyles.accorv2prod.decms.eu\/vi\/rooms-suites\/suite-junior\/\",\"name\":\"Suite Junior - Ibis Styles V2 demo site\",\"isPartOf\":{\"@id\":\"https:\/\/ibisstyles.accorv2prod.decms.eu\/#website\"},\"datePublished\":\"2021-06-29T10:44:39+00:00\",\"dateModified\":\"2025-03-12T18:25:36+00:00\",\"breadcrumb\":{\"@id\":\"https:\/\/ibisstyles.accorv2prod.decms.eu\/vi\/rooms-suites\/suite-junior\/#breadcrumb\"},\"inLanguage\":\"vi-VN\",\"potentialAction\":[{\"@type\":\"ReadAction\",\"target\":[\"https:\/\/ibisstyles.accorv2prod.decms.eu\/vi\/rooms-suites\/suite-junior\/\"]}]},{\"@type\":\"BreadcrumbList\",\"@id\":\"https:\/\/ibisstyles.accorv2prod.decms.eu\/vi\/rooms-suites\/suite-junior\/#breadcrumb\",\"itemListElement\":[{\"@type\":\"ListItem\",\"position\":1,\"name\":\"Home\",\"item\":\"https:\/\/ibisstyles.accorv2prod.decms.eu\/vi\/\"},{\"@type\":\"ListItem\",\"position\":2,\"name\":\"Ph\u00f2ng &#038; Suite\",\"item\":\"https:\/\/ibisstyles.accorv2prod.decms.eu\/vi\/rooms-suites\/\"},{\"@type\":\"ListItem\",\"position\":3,\"name\":\"Suite Junior\"}]},{\"@type\":\"WebSite\",\"@id\":\"https:\/\/ibisstyles.accorv2prod.decms.eu\/#website\",\"url\":\"https:\/\/ibisstyles.accorv2prod.decms.eu\/\",\"name\":\"Ibis Styles V2 demo site\",\"description\":\"Just another Matteo Canever Site Sites site\",\"potentialAction\":[{\"@type\":\"SearchAction\",\"target\":{\"@type\":\"EntryPoint\",\"urlTemplate\":\"https:\/\/ibisstyles.accorv2prod.decms.eu\/?s={search_term_string}\"},\"query-input\":{\"@type\":\"PropertyValueSpecification\",\"valueRequired\":true,\"valueName\":\"search_term_string\"}}],\"inLanguage\":\"vi-VN\"}]}<\/script>\n<!-- \/ Yoast SEO plugin. -->","yoast_head_json":{"title":"Suite Junior - Ibis Styles V2 demo site","robots":{"index":"noindex","follow":"follow","max-snippet":"max-snippet:-1","max-image-preview":"max-image-preview:large","max-video-preview":"max-video-preview:-1"},"og_locale":"vi_VN","og_type":"article","og_title":"Suite Junior - Ibis Styles V2 demo site","og_description":"Ph\u00f2ng Junior Suite c\u1ee7a ch\u00fang t\u00f4i l\u00e0 s\u1ef1 k\u1ebft h\u1ee3p ho\u00e0n h\u1ea3o gi\u1eefa sang tr\u1ecdng v\u00e0 t\u00ednh th\u1ef1c ti\u1ec5n, mang \u0111\u1ebfn m\u1ed9t kh\u00f4ng gian ngh\u1ec9 d\u01b0\u1ee1ng r\u1ed9ng r\u00e3i v\u00e0 tho\u1ea3i m\u00e1i ngay t\u1ea1i trung t\u00e2m London. \u0110\u01b0\u1ee3c thi\u1ebft k\u1ebf \u0111\u1ec3 tho\u1ea3i m\u00e1i \u0111\u00f3n ti\u1ebfp t\u1ed1i \u0111a b\u1ed1n kh\u00e1ch, ph\u00f2ng suite n\u00e0y mang \u0111\u1ebfn s\u1ef1 k\u1ebft [&hellip;]","og_url":"https:\/\/ibisstyles.accorv2prod.decms.eu\/vi\/rooms-suites\/suite-junior\/","og_site_name":"Ibis Styles V2 demo site","article_modified_time":"2025-03-12T18:25:36+00:00","twitter_card":"summary_large_image","twitter_misc":{"Est. reading time":"2 minutes"},"schema":{"@context":"https:\/\/schema.org","@graph":[{"@type":"WebPage","@id":"https:\/\/ibisstyles.accorv2prod.decms.eu\/vi\/rooms-suites\/suite-junior\/","url":"https:\/\/ibisstyles.accorv2prod.decms.eu\/vi\/rooms-suites\/suite-junior\/","name":"Suite Junior - Ibis Styles V2 demo site","isPartOf":{"@id":"https:\/\/ibisstyles.accorv2prod.decms.eu\/#website"},"datePublished":"2021-06-29T10:44:39+00:00","dateModified":"2025-03-12T18:25:36+00:00","breadcrumb":{"@id":"https:\/\/ibisstyles.accorv2prod.decms.eu\/vi\/rooms-suites\/suite-junior\/#breadcrumb"},"inLanguage":"vi-VN","potentialAction":[{"@type":"ReadAction","target":["https:\/\/ibisstyles.accorv2prod.decms.eu\/vi\/rooms-suites\/suite-junior\/"]}]},{"@type":"BreadcrumbList","@id":"https:\/\/ibisstyles.accorv2prod.decms.eu\/vi\/rooms-suites\/suite-junior\/#breadcrumb","itemListElement":[{"@type":"ListItem","position":1,"name":"Home","item":"https:\/\/ibisstyles.accorv2prod.decms.eu\/vi\/"},{"@type":"ListItem","position":2,"name":"Ph\u00f2ng &#038; Suite","item":"https:\/\/ibisstyles.accorv2prod.decms.eu\/vi\/rooms-suites\/"},{"@type":"ListItem","position":3,"name":"Suite Junior"}]},{"@type":"WebSite","@id":"https:\/\/ibisstyles.accorv2prod.decms.eu\/#website","url":"https:\/\/ibisstyles.accorv2prod.decms.eu\/","name":"Ibis Styles V2 demo site","description":"Just another Matteo Canever Site Sites site","potentialAction":[{"@type":"SearchAction","target":{"@type":"EntryPoint","urlTemplate":"https:\/\/ibisstyles.accorv2prod.decms.eu\/?s={search_term_string}"},"query-input":{"@type":"PropertyValueSpecification","valueRequired":true,"valueName":"search_term_string"}}],"inLanguage":"vi-VN"}]}},"_links":{"self":[{"href":"https:\/\/ibisstyles.accorv2prod.decms.eu\/vi\/wp-json\/wp\/v2\/pages\/2797","targetHints":{"allow":["GET"]}}],"collection":[{"href":"https:\/\/ibisstyles.accorv2prod.decms.eu\/vi\/wp-json\/wp\/v2\/pages"}],"about":[{"href":"https:\/\/ibisstyles.accorv2prod.decms.eu\/vi\/wp-json\/wp\/v2\/types\/page"}],"author":[{"embeddable":true,"href":"https:\/\/ibisstyles.accorv2prod.decms.eu\/vi\/wp-json\/wp\/v2\/users\/2"}],"replies":[{"embeddable":true,"href":"https:\/\/ibisstyles.accorv2prod.decms.eu\/vi\/wp-json\/wp\/v2\/comments?post=2797"}],"version-history":[{"count":0,"href":"https:\/\/ibisstyles.accorv2prod.decms.eu\/vi\/wp-json\/wp\/v2\/pages\/2797\/revisions"}],"up":[{"embeddable":true,"href":"https:\/\/ibisstyles.accorv2prod.decms.eu\/vi\/wp-json\/wp\/v2\/pages\/924"}],"wp:attachment":[{"href":"https:\/\/ibisstyles.accorv2prod.decms.eu\/vi\/wp-json\/wp\/v2\/media?parent=2797"}],"wp:term":[{"taxonomy":"category","embeddable":true,"href":"https:\/\/ibisstyles.accorv2prod.decms.eu\/vi\/wp-json\/wp\/v2\/categories?post=2797"}],"curies":[{"name":"wp","href":"https:\/\/api.w.org\/{rel}","templated":true}]}}