{"id":2809,"date":"2021-06-29T09:31:00","date_gmt":"2021-06-29T09:31:00","guid":{"rendered":"https:\/\/ibisstyles.accorv2prod.decms.eu\/restaurants-bars\/le-petit-bistrot\/"},"modified":"2025-11-13T17:25:54","modified_gmt":"2025-11-13T17:25:54","slug":"le-petit-bistrot","status":"publish","type":"page","link":"https:\/\/ibisstyles.accorv2prod.decms.eu\/vi\/restaurants-bars\/le-petit-bistrot\/","title":{"rendered":"Le Petit Bistrot"},"content":{"rendered":"<p>Th\u01b0\u1edfng th\u1ee9c \u1ea9m th\u1ef1c Anh c\u1ed5 \u0111i\u1ec3n v\u1edbi n\u00e9t hi\u1ec7n \u0111\u1ea1i.<\/p>\n<p>T\u1eeb c\u00e1 chi\u00ean gi\u00f2n v\u00e0 khoai t\u00e2y \u0111\u1ebfn salad t\u01b0\u01a1i ngon v\u00e0 \u0111\u1ed3 \u0103n nh\u1eb9 m\u1eb7n, bistro c\u1ee7a ch\u00fang t\u00f4i mang \u0111\u1ebfn l\u1ef1a ch\u1ecdn ph\u00f9 h\u1ee3p v\u1edbi m\u1ecdi ng\u01b0\u1eddi.<\/p>\n<p>K\u1ebft h\u1ee3p b\u1eefa \u0103n v\u1edbi bia ho\u1eb7c r\u01b0\u1ee3u vang \u0111\u1ecba ph\u01b0\u01a1ng v\u00e0 t\u1eadn h\u01b0\u1edfng t\u1ea7m nh\u00ecn tuy\u1ec7t \u0111\u1eb9p ra London qua nh\u1eefng \u00f4 c\u1eeda l\u1edbn.<\/p>\n","protected":false},"excerpt":{"rendered":"<p>Th\u01b0\u1edfng th\u1ee9c \u1ea9m th\u1ef1c Anh c\u1ed5 \u0111i\u1ec3n v\u1edbi n\u00e9t hi\u1ec7n \u0111\u1ea1i. T\u1eeb c\u00e1 chi\u00ean gi\u00f2n v\u00e0 khoai t\u00e2y \u0111\u1ebfn salad t\u01b0\u01a1i ngon v\u00e0 \u0111\u1ed3 \u0103n nh\u1eb9 m\u1eb7n, bistro c\u1ee7a ch\u00fang t\u00f4i mang \u0111\u1ebfn l\u1ef1a ch\u1ecdn ph\u00f9 h\u1ee3p v\u1edbi m\u1ecdi ng\u01b0\u1eddi. K\u1ebft h\u1ee3p b\u1eefa \u0103n v\u1edbi bia ho\u1eb7c r\u01b0\u1ee3u vang \u0111\u1ecba ph\u01b0\u01a1ng v\u00e0 t\u1eadn h\u01b0\u1edfng t\u1ea7m [&hellip;]<\/p>\n","protected":false},"author":2,"featured_media":0,"parent":920,"menu_order":1,"comment_status":"closed","ping_status":"closed","template":"template-restaurant.php","meta":{"footnotes":""},"categories":[273],"class_list":["post-2809","page","type-page","status-publish","hentry","category-cac-nha-hang"],"acf":[],"yoast_head":"<!-- This site is optimized with the Yoast SEO plugin v26.9 - https:\/\/yoast.com\/product\/yoast-seo-wordpress\/ -->\n<title>Le Petit Bistrot - Ibis Styles V2 demo site<\/title>\n<meta name=\"robots\" content=\"noindex, follow, max-snippet:-1, max-image-preview:large, max-video-preview:-1\" \/>\n<meta property=\"og:locale\" content=\"vi_VN\" \/>\n<meta property=\"og:type\" content=\"article\" \/>\n<meta property=\"og:title\" content=\"Le Petit Bistrot - Ibis Styles V2 demo site\" \/>\n<meta property=\"og:description\" content=\"Th\u01b0\u1edfng th\u1ee9c \u1ea9m th\u1ef1c Anh c\u1ed5 \u0111i\u1ec3n v\u1edbi n\u00e9t hi\u1ec7n \u0111\u1ea1i. T\u1eeb c\u00e1 chi\u00ean gi\u00f2n v\u00e0 khoai t\u00e2y \u0111\u1ebfn salad t\u01b0\u01a1i ngon v\u00e0 \u0111\u1ed3 \u0103n nh\u1eb9 m\u1eb7n, bistro c\u1ee7a ch\u00fang t\u00f4i mang \u0111\u1ebfn l\u1ef1a ch\u1ecdn ph\u00f9 h\u1ee3p v\u1edbi m\u1ecdi ng\u01b0\u1eddi. K\u1ebft h\u1ee3p b\u1eefa \u0103n v\u1edbi bia ho\u1eb7c r\u01b0\u1ee3u vang \u0111\u1ecba ph\u01b0\u01a1ng v\u00e0 t\u1eadn h\u01b0\u1edfng t\u1ea7m [&hellip;]\" \/>\n<meta property=\"og:url\" content=\"https:\/\/ibisstyles.accorv2prod.decms.eu\/vi\/restaurants-bars\/le-petit-bistrot\/\" \/>\n<meta property=\"og:site_name\" content=\"Ibis Styles V2 demo site\" \/>\n<meta property=\"article:modified_time\" content=\"2025-11-13T17:25:54+00:00\" \/>\n<meta name=\"twitter:card\" content=\"summary_large_image\" \/>\n<meta name=\"twitter:label1\" content=\"Est. reading time\" \/>\n\t<meta name=\"twitter:data1\" content=\"1 minute\" \/>\n<script type=\"application\/ld+json\" class=\"yoast-schema-graph\">{\"@context\":\"https:\/\/schema.org\",\"@graph\":[{\"@type\":\"WebPage\",\"@id\":\"https:\/\/ibisstyles.accorv2prod.decms.eu\/vi\/restaurants-bars\/le-petit-bistrot\/\",\"url\":\"https:\/\/ibisstyles.accorv2prod.decms.eu\/vi\/restaurants-bars\/le-petit-bistrot\/\",\"name\":\"Le Petit Bistrot - Ibis Styles V2 demo site\",\"isPartOf\":{\"@id\":\"https:\/\/ibisstyles.accorv2prod.decms.eu\/#website\"},\"datePublished\":\"2021-06-29T09:31:00+00:00\",\"dateModified\":\"2025-11-13T17:25:54+00:00\",\"breadcrumb\":{\"@id\":\"https:\/\/ibisstyles.accorv2prod.decms.eu\/vi\/restaurants-bars\/le-petit-bistrot\/#breadcrumb\"},\"inLanguage\":\"vi-VN\",\"potentialAction\":[{\"@type\":\"ReadAction\",\"target\":[\"https:\/\/ibisstyles.accorv2prod.decms.eu\/vi\/restaurants-bars\/le-petit-bistrot\/\"]}]},{\"@type\":\"BreadcrumbList\",\"@id\":\"https:\/\/ibisstyles.accorv2prod.decms.eu\/vi\/restaurants-bars\/le-petit-bistrot\/#breadcrumb\",\"itemListElement\":[{\"@type\":\"ListItem\",\"position\":1,\"name\":\"Home\",\"item\":\"https:\/\/ibisstyles.accorv2prod.decms.eu\/vi\/\"},{\"@type\":\"ListItem\",\"position\":2,\"name\":\"Nh\u00e0 h\u00e0ng &#038; Qu\u00e1n bar\",\"item\":\"https:\/\/ibisstyles.accorv2prod.decms.eu\/vi\/restaurants-bars\/\"},{\"@type\":\"ListItem\",\"position\":3,\"name\":\"Le Petit Bistrot\"}]},{\"@type\":\"WebSite\",\"@id\":\"https:\/\/ibisstyles.accorv2prod.decms.eu\/#website\",\"url\":\"https:\/\/ibisstyles.accorv2prod.decms.eu\/\",\"name\":\"Ibis Styles V2 demo site\",\"description\":\"Just another Matteo Canever Site Sites site\",\"potentialAction\":[{\"@type\":\"SearchAction\",\"target\":{\"@type\":\"EntryPoint\",\"urlTemplate\":\"https:\/\/ibisstyles.accorv2prod.decms.eu\/?s={search_term_string}\"},\"query-input\":{\"@type\":\"PropertyValueSpecification\",\"valueRequired\":true,\"valueName\":\"search_term_string\"}}],\"inLanguage\":\"vi-VN\"}]}<\/script>\n<!-- \/ Yoast SEO plugin. -->","yoast_head_json":{"title":"Le Petit Bistrot - Ibis Styles V2 demo site","robots":{"index":"noindex","follow":"follow","max-snippet":"max-snippet:-1","max-image-preview":"max-image-preview:large","max-video-preview":"max-video-preview:-1"},"og_locale":"vi_VN","og_type":"article","og_title":"Le Petit Bistrot - Ibis Styles V2 demo site","og_description":"Th\u01b0\u1edfng th\u1ee9c \u1ea9m th\u1ef1c Anh c\u1ed5 \u0111i\u1ec3n v\u1edbi n\u00e9t hi\u1ec7n \u0111\u1ea1i. T\u1eeb c\u00e1 chi\u00ean gi\u00f2n v\u00e0 khoai t\u00e2y \u0111\u1ebfn salad t\u01b0\u01a1i ngon v\u00e0 \u0111\u1ed3 \u0103n nh\u1eb9 m\u1eb7n, bistro c\u1ee7a ch\u00fang t\u00f4i mang \u0111\u1ebfn l\u1ef1a ch\u1ecdn ph\u00f9 h\u1ee3p v\u1edbi m\u1ecdi ng\u01b0\u1eddi. K\u1ebft h\u1ee3p b\u1eefa \u0103n v\u1edbi bia ho\u1eb7c r\u01b0\u1ee3u vang \u0111\u1ecba ph\u01b0\u01a1ng v\u00e0 t\u1eadn h\u01b0\u1edfng t\u1ea7m [&hellip;]","og_url":"https:\/\/ibisstyles.accorv2prod.decms.eu\/vi\/restaurants-bars\/le-petit-bistrot\/","og_site_name":"Ibis Styles V2 demo site","article_modified_time":"2025-11-13T17:25:54+00:00","twitter_card":"summary_large_image","twitter_misc":{"Est. reading time":"1 minute"},"schema":{"@context":"https:\/\/schema.org","@graph":[{"@type":"WebPage","@id":"https:\/\/ibisstyles.accorv2prod.decms.eu\/vi\/restaurants-bars\/le-petit-bistrot\/","url":"https:\/\/ibisstyles.accorv2prod.decms.eu\/vi\/restaurants-bars\/le-petit-bistrot\/","name":"Le Petit Bistrot - Ibis Styles V2 demo site","isPartOf":{"@id":"https:\/\/ibisstyles.accorv2prod.decms.eu\/#website"},"datePublished":"2021-06-29T09:31:00+00:00","dateModified":"2025-11-13T17:25:54+00:00","breadcrumb":{"@id":"https:\/\/ibisstyles.accorv2prod.decms.eu\/vi\/restaurants-bars\/le-petit-bistrot\/#breadcrumb"},"inLanguage":"vi-VN","potentialAction":[{"@type":"ReadAction","target":["https:\/\/ibisstyles.accorv2prod.decms.eu\/vi\/restaurants-bars\/le-petit-bistrot\/"]}]},{"@type":"BreadcrumbList","@id":"https:\/\/ibisstyles.accorv2prod.decms.eu\/vi\/restaurants-bars\/le-petit-bistrot\/#breadcrumb","itemListElement":[{"@type":"ListItem","position":1,"name":"Home","item":"https:\/\/ibisstyles.accorv2prod.decms.eu\/vi\/"},{"@type":"ListItem","position":2,"name":"Nh\u00e0 h\u00e0ng &#038; Qu\u00e1n bar","item":"https:\/\/ibisstyles.accorv2prod.decms.eu\/vi\/restaurants-bars\/"},{"@type":"ListItem","position":3,"name":"Le Petit Bistrot"}]},{"@type":"WebSite","@id":"https:\/\/ibisstyles.accorv2prod.decms.eu\/#website","url":"https:\/\/ibisstyles.accorv2prod.decms.eu\/","name":"Ibis Styles V2 demo site","description":"Just another Matteo Canever Site Sites site","potentialAction":[{"@type":"SearchAction","target":{"@type":"EntryPoint","urlTemplate":"https:\/\/ibisstyles.accorv2prod.decms.eu\/?s={search_term_string}"},"query-input":{"@type":"PropertyValueSpecification","valueRequired":true,"valueName":"search_term_string"}}],"inLanguage":"vi-VN"}]}},"_links":{"self":[{"href":"https:\/\/ibisstyles.accorv2prod.decms.eu\/vi\/wp-json\/wp\/v2\/pages\/2809","targetHints":{"allow":["GET"]}}],"collection":[{"href":"https:\/\/ibisstyles.accorv2prod.decms.eu\/vi\/wp-json\/wp\/v2\/pages"}],"about":[{"href":"https:\/\/ibisstyles.accorv2prod.decms.eu\/vi\/wp-json\/wp\/v2\/types\/page"}],"author":[{"embeddable":true,"href":"https:\/\/ibisstyles.accorv2prod.decms.eu\/vi\/wp-json\/wp\/v2\/users\/2"}],"replies":[{"embeddable":true,"href":"https:\/\/ibisstyles.accorv2prod.decms.eu\/vi\/wp-json\/wp\/v2\/comments?post=2809"}],"version-history":[{"count":0,"href":"https:\/\/ibisstyles.accorv2prod.decms.eu\/vi\/wp-json\/wp\/v2\/pages\/2809\/revisions"}],"up":[{"embeddable":true,"href":"https:\/\/ibisstyles.accorv2prod.decms.eu\/vi\/wp-json\/wp\/v2\/pages\/920"}],"wp:attachment":[{"href":"https:\/\/ibisstyles.accorv2prod.decms.eu\/vi\/wp-json\/wp\/v2\/media?parent=2809"}],"wp:term":[{"taxonomy":"category","embeddable":true,"href":"https:\/\/ibisstyles.accorv2prod.decms.eu\/vi\/wp-json\/wp\/v2\/categories?post=2809"}],"curies":[{"name":"wp","href":"https:\/\/api.w.org\/{rel}","templated":true}]}}