{"id":2824,"date":"2021-06-29T09:32:57","date_gmt":"2021-06-29T09:32:57","guid":{"rendered":"https:\/\/ibisstyles.accorv2prod.decms.eu\/restaurants-bars\/authentic-bar\/"},"modified":"2025-11-13T17:47:10","modified_gmt":"2025-11-13T17:47:10","slug":"thanh-dich-thuc-2","status":"publish","type":"page","link":"https:\/\/ibisstyles.accorv2prod.decms.eu\/vi\/restaurants-bars\/thanh-dich-thuc-2\/","title":{"rendered":"Thanh \u0111\u00edch th\u1ef1c"},"content":{"rendered":"<p data-start=\"5456\" data-end=\"5686\">N\u1eb1m trong kh\u00e1ch s\u1ea1n sang tr\u1ecdng \u1edf London, qu\u00e1n mang \u0111\u1ebfn kh\u00f4ng gian hi\u1ec7n \u0111\u1ea1i, \u1ea5m c\u00fang v\u00e0 \u0111\u1ea7y s\u1ee9c s\u1ed1ng, v\u1edbi gh\u1ebf sofa \u0111\u1ea7y m\u00e0u s\u1eafc v\u00e0 c\u00e2y xanh \u0111i\u1ec3m xuy\u1ebft kh\u1eafp n\u01a1i.<\/p>\n<p data-start=\"5688\" data-end=\"5892\">Qu\u1ea7y bar c\u1ed5 \u0111i\u1ec3n tr\u01b0ng b\u00e0y nhi\u1ec1u lo\u1ea1i r\u01b0\u1ee3u cao c\u1ea5p. M\u00e1y pha c\u00e0 ph\u00ea lu\u00f4n s\u1eb5n s\u00e0ng ph\u1ee5c v\u1ee5 c\u00e0 ph\u00ea t\u01b0\u01a1i, \u0111\u00e1p \u1ee9ng c\u1ea3 kh\u00e1ch bu\u1ed5i s\u00e1ng l\u1eabn ng\u01b0\u1eddi y\u00eau cocktail. \u0110\u00e2y l\u00e0 n\u01a1i l\u00fd t\u01b0\u1edfng cho m\u1ecdi th\u1eddi \u0111i\u1ec3m trong ng\u00e0y.<\/p>\n","protected":false},"excerpt":{"rendered":"<p>N\u1eb1m trong kh\u00e1ch s\u1ea1n sang tr\u1ecdng \u1edf London, qu\u00e1n mang \u0111\u1ebfn kh\u00f4ng gian hi\u1ec7n \u0111\u1ea1i, \u1ea5m c\u00fang v\u00e0 \u0111\u1ea7y s\u1ee9c s\u1ed1ng, v\u1edbi gh\u1ebf sofa \u0111\u1ea7y m\u00e0u s\u1eafc v\u00e0 c\u00e2y xanh \u0111i\u1ec3m xuy\u1ebft kh\u1eafp n\u01a1i. Qu\u1ea7y bar c\u1ed5 \u0111i\u1ec3n tr\u01b0ng b\u00e0y nhi\u1ec1u lo\u1ea1i r\u01b0\u1ee3u cao c\u1ea5p. M\u00e1y pha c\u00e0 ph\u00ea lu\u00f4n s\u1eb5n s\u00e0ng ph\u1ee5c v\u1ee5 c\u00e0 [&hellip;]<\/p>\n","protected":false},"author":2,"featured_media":0,"parent":920,"menu_order":2,"comment_status":"closed","ping_status":"closed","template":"template-restaurant.php","meta":{"footnotes":""},"categories":[279],"class_list":["post-2824","page","type-page","status-publish","hentry","category-quan-ba"],"acf":[],"yoast_head":"<!-- This site is optimized with the Yoast SEO plugin v26.9 - https:\/\/yoast.com\/product\/yoast-seo-wordpress\/ -->\n<title>Thanh \u0111\u00edch th\u1ef1c - Ibis Styles V2 demo site<\/title>\n<meta name=\"robots\" content=\"noindex, follow, max-snippet:-1, max-image-preview:large, max-video-preview:-1\" \/>\n<meta property=\"og:locale\" content=\"vi_VN\" \/>\n<meta property=\"og:type\" content=\"article\" \/>\n<meta property=\"og:title\" content=\"Thanh \u0111\u00edch th\u1ef1c - Ibis Styles V2 demo site\" \/>\n<meta property=\"og:description\" content=\"N\u1eb1m trong kh\u00e1ch s\u1ea1n sang tr\u1ecdng \u1edf London, qu\u00e1n mang \u0111\u1ebfn kh\u00f4ng gian hi\u1ec7n \u0111\u1ea1i, \u1ea5m c\u00fang v\u00e0 \u0111\u1ea7y s\u1ee9c s\u1ed1ng, v\u1edbi gh\u1ebf sofa \u0111\u1ea7y m\u00e0u s\u1eafc v\u00e0 c\u00e2y xanh \u0111i\u1ec3m xuy\u1ebft kh\u1eafp n\u01a1i. Qu\u1ea7y bar c\u1ed5 \u0111i\u1ec3n tr\u01b0ng b\u00e0y nhi\u1ec1u lo\u1ea1i r\u01b0\u1ee3u cao c\u1ea5p. M\u00e1y pha c\u00e0 ph\u00ea lu\u00f4n s\u1eb5n s\u00e0ng ph\u1ee5c v\u1ee5 c\u00e0 [&hellip;]\" \/>\n<meta property=\"og:url\" content=\"https:\/\/ibisstyles.accorv2prod.decms.eu\/vi\/restaurants-bars\/thanh-dich-thuc-2\/\" \/>\n<meta property=\"og:site_name\" content=\"Ibis Styles V2 demo site\" \/>\n<meta property=\"article:modified_time\" content=\"2025-11-13T17:47:10+00:00\" \/>\n<meta name=\"twitter:card\" content=\"summary_large_image\" \/>\n<meta name=\"twitter:label1\" content=\"Est. reading time\" \/>\n\t<meta name=\"twitter:data1\" content=\"1 minute\" \/>\n<script type=\"application\/ld+json\" class=\"yoast-schema-graph\">{\"@context\":\"https:\/\/schema.org\",\"@graph\":[{\"@type\":\"WebPage\",\"@id\":\"https:\/\/ibisstyles.accorv2prod.decms.eu\/vi\/restaurants-bars\/thanh-dich-thuc-2\/\",\"url\":\"https:\/\/ibisstyles.accorv2prod.decms.eu\/vi\/restaurants-bars\/thanh-dich-thuc-2\/\",\"name\":\"Thanh \u0111\u00edch th\u1ef1c - Ibis Styles V2 demo site\",\"isPartOf\":{\"@id\":\"https:\/\/ibisstyles.accorv2prod.decms.eu\/#website\"},\"datePublished\":\"2021-06-29T09:32:57+00:00\",\"dateModified\":\"2025-11-13T17:47:10+00:00\",\"breadcrumb\":{\"@id\":\"https:\/\/ibisstyles.accorv2prod.decms.eu\/vi\/restaurants-bars\/thanh-dich-thuc-2\/#breadcrumb\"},\"inLanguage\":\"vi-VN\",\"potentialAction\":[{\"@type\":\"ReadAction\",\"target\":[\"https:\/\/ibisstyles.accorv2prod.decms.eu\/vi\/restaurants-bars\/thanh-dich-thuc-2\/\"]}]},{\"@type\":\"BreadcrumbList\",\"@id\":\"https:\/\/ibisstyles.accorv2prod.decms.eu\/vi\/restaurants-bars\/thanh-dich-thuc-2\/#breadcrumb\",\"itemListElement\":[{\"@type\":\"ListItem\",\"position\":1,\"name\":\"Home\",\"item\":\"https:\/\/ibisstyles.accorv2prod.decms.eu\/vi\/\"},{\"@type\":\"ListItem\",\"position\":2,\"name\":\"Nh\u00e0 h\u00e0ng &#038; Qu\u00e1n bar\",\"item\":\"https:\/\/ibisstyles.accorv2prod.decms.eu\/vi\/restaurants-bars\/\"},{\"@type\":\"ListItem\",\"position\":3,\"name\":\"Thanh \u0111\u00edch th\u1ef1c\"}]},{\"@type\":\"WebSite\",\"@id\":\"https:\/\/ibisstyles.accorv2prod.decms.eu\/#website\",\"url\":\"https:\/\/ibisstyles.accorv2prod.decms.eu\/\",\"name\":\"Ibis Styles V2 demo site\",\"description\":\"Just another Matteo Canever Site Sites site\",\"potentialAction\":[{\"@type\":\"SearchAction\",\"target\":{\"@type\":\"EntryPoint\",\"urlTemplate\":\"https:\/\/ibisstyles.accorv2prod.decms.eu\/?s={search_term_string}\"},\"query-input\":{\"@type\":\"PropertyValueSpecification\",\"valueRequired\":true,\"valueName\":\"search_term_string\"}}],\"inLanguage\":\"vi-VN\"}]}<\/script>\n<!-- \/ Yoast SEO plugin. -->","yoast_head_json":{"title":"Thanh \u0111\u00edch th\u1ef1c - Ibis Styles V2 demo site","robots":{"index":"noindex","follow":"follow","max-snippet":"max-snippet:-1","max-image-preview":"max-image-preview:large","max-video-preview":"max-video-preview:-1"},"og_locale":"vi_VN","og_type":"article","og_title":"Thanh \u0111\u00edch th\u1ef1c - Ibis Styles V2 demo site","og_description":"N\u1eb1m trong kh\u00e1ch s\u1ea1n sang tr\u1ecdng \u1edf London, qu\u00e1n mang \u0111\u1ebfn kh\u00f4ng gian hi\u1ec7n \u0111\u1ea1i, \u1ea5m c\u00fang v\u00e0 \u0111\u1ea7y s\u1ee9c s\u1ed1ng, v\u1edbi gh\u1ebf sofa \u0111\u1ea7y m\u00e0u s\u1eafc v\u00e0 c\u00e2y xanh \u0111i\u1ec3m xuy\u1ebft kh\u1eafp n\u01a1i. Qu\u1ea7y bar c\u1ed5 \u0111i\u1ec3n tr\u01b0ng b\u00e0y nhi\u1ec1u lo\u1ea1i r\u01b0\u1ee3u cao c\u1ea5p. M\u00e1y pha c\u00e0 ph\u00ea lu\u00f4n s\u1eb5n s\u00e0ng ph\u1ee5c v\u1ee5 c\u00e0 [&hellip;]","og_url":"https:\/\/ibisstyles.accorv2prod.decms.eu\/vi\/restaurants-bars\/thanh-dich-thuc-2\/","og_site_name":"Ibis Styles V2 demo site","article_modified_time":"2025-11-13T17:47:10+00:00","twitter_card":"summary_large_image","twitter_misc":{"Est. reading time":"1 minute"},"schema":{"@context":"https:\/\/schema.org","@graph":[{"@type":"WebPage","@id":"https:\/\/ibisstyles.accorv2prod.decms.eu\/vi\/restaurants-bars\/thanh-dich-thuc-2\/","url":"https:\/\/ibisstyles.accorv2prod.decms.eu\/vi\/restaurants-bars\/thanh-dich-thuc-2\/","name":"Thanh \u0111\u00edch th\u1ef1c - Ibis Styles V2 demo site","isPartOf":{"@id":"https:\/\/ibisstyles.accorv2prod.decms.eu\/#website"},"datePublished":"2021-06-29T09:32:57+00:00","dateModified":"2025-11-13T17:47:10+00:00","breadcrumb":{"@id":"https:\/\/ibisstyles.accorv2prod.decms.eu\/vi\/restaurants-bars\/thanh-dich-thuc-2\/#breadcrumb"},"inLanguage":"vi-VN","potentialAction":[{"@type":"ReadAction","target":["https:\/\/ibisstyles.accorv2prod.decms.eu\/vi\/restaurants-bars\/thanh-dich-thuc-2\/"]}]},{"@type":"BreadcrumbList","@id":"https:\/\/ibisstyles.accorv2prod.decms.eu\/vi\/restaurants-bars\/thanh-dich-thuc-2\/#breadcrumb","itemListElement":[{"@type":"ListItem","position":1,"name":"Home","item":"https:\/\/ibisstyles.accorv2prod.decms.eu\/vi\/"},{"@type":"ListItem","position":2,"name":"Nh\u00e0 h\u00e0ng &#038; Qu\u00e1n bar","item":"https:\/\/ibisstyles.accorv2prod.decms.eu\/vi\/restaurants-bars\/"},{"@type":"ListItem","position":3,"name":"Thanh \u0111\u00edch th\u1ef1c"}]},{"@type":"WebSite","@id":"https:\/\/ibisstyles.accorv2prod.decms.eu\/#website","url":"https:\/\/ibisstyles.accorv2prod.decms.eu\/","name":"Ibis Styles V2 demo site","description":"Just another Matteo Canever Site Sites site","potentialAction":[{"@type":"SearchAction","target":{"@type":"EntryPoint","urlTemplate":"https:\/\/ibisstyles.accorv2prod.decms.eu\/?s={search_term_string}"},"query-input":{"@type":"PropertyValueSpecification","valueRequired":true,"valueName":"search_term_string"}}],"inLanguage":"vi-VN"}]}},"_links":{"self":[{"href":"https:\/\/ibisstyles.accorv2prod.decms.eu\/vi\/wp-json\/wp\/v2\/pages\/2824","targetHints":{"allow":["GET"]}}],"collection":[{"href":"https:\/\/ibisstyles.accorv2prod.decms.eu\/vi\/wp-json\/wp\/v2\/pages"}],"about":[{"href":"https:\/\/ibisstyles.accorv2prod.decms.eu\/vi\/wp-json\/wp\/v2\/types\/page"}],"author":[{"embeddable":true,"href":"https:\/\/ibisstyles.accorv2prod.decms.eu\/vi\/wp-json\/wp\/v2\/users\/2"}],"replies":[{"embeddable":true,"href":"https:\/\/ibisstyles.accorv2prod.decms.eu\/vi\/wp-json\/wp\/v2\/comments?post=2824"}],"version-history":[{"count":0,"href":"https:\/\/ibisstyles.accorv2prod.decms.eu\/vi\/wp-json\/wp\/v2\/pages\/2824\/revisions"}],"up":[{"embeddable":true,"href":"https:\/\/ibisstyles.accorv2prod.decms.eu\/vi\/wp-json\/wp\/v2\/pages\/920"}],"wp:attachment":[{"href":"https:\/\/ibisstyles.accorv2prod.decms.eu\/vi\/wp-json\/wp\/v2\/media?parent=2824"}],"wp:term":[{"taxonomy":"category","embeddable":true,"href":"https:\/\/ibisstyles.accorv2prod.decms.eu\/vi\/wp-json\/wp\/v2\/categories?post=2824"}],"curies":[{"name":"wp","href":"https:\/\/api.w.org\/{rel}","templated":true}]}}