{"id":2944,"date":"2021-06-29T15:42:28","date_gmt":"2021-06-29T15:42:28","guid":{"rendered":"https:\/\/ibisstyles.accorv2prod.decms.eu\/weddings\/"},"modified":"2025-03-14T17:26:12","modified_gmt":"2025-03-14T17:26:12","slug":"dam-cuoi","status":"publish","type":"page","link":"https:\/\/ibisstyles.accorv2prod.decms.eu\/vi\/dam-cuoi\/","title":{"rendered":"\u0110\u00e1m c\u01b0\u1edbi"},"content":{"rendered":"<p style=\"text-align: center;\"><em><strong>H\u00e3y k\u1ef7 ni\u1ec7m c\u00e2u chuy\u1ec7n t\u00ecnh y\u00eau c\u1ee7a b\u1ea1n ngay t\u1ea1i trung t\u00e2m London v\u1edbi m\u1ed9t \u0111\u00e1m c\u01b0\u1edbi \u0111\u1ed9c \u0111\u00e1o nh\u01b0 ch\u00ednh m\u1ed1i quan h\u1ec7 c\u1ee7a hai b\u1ea1n. <\/strong><\/em><\/p>\n<p>Kh\u00e1ch s\u1ea1n c\u1ee7a ch\u00fang t\u00f4i cung c\u1ea5p m\u1ed9t lo\u1ea1t c\u00e1c \u0111\u1ecba \u0111i\u1ec3m trang nh\u00e3, t\u1eeb nh\u1eefng kh\u00f4ng gian \u1ea5m c\u00fang ho\u00e0n h\u1ea3o cho nh\u1eefng bu\u1ed5i t\u1ee5 h\u1ecdp th\u00e2n m\u1eadt \u0111\u1ebfn nh\u1eefng ph\u00f2ng khi\u00eau v\u0169 l\u1edbn c\u00f3 kh\u1ea3 n\u0103ng t\u1ed5 ch\u1ee9c nh\u1eefng l\u1ec5 k\u1ef7 ni\u1ec7m xa hoa nh\u1ea5t. Ch\u00fang t\u00f4i hi\u1ec3u r\u1eb1ng m\u1ed7i c\u1eb7p \u0111\u00f4i \u0111\u1ec1u kh\u00e1c bi\u1ec7t, \u0111\u00f3 l\u00e0 l\u00fd do t\u1ea1i sao ch\u00fang t\u00f4i cung c\u1ea5p c\u00e1c g\u00f3i \u0111\u00e1m c\u01b0\u1edbi thi\u1ebft k\u1ebf ri\u00eang ph\u00f9 h\u1ee3p v\u1edbi nhu c\u1ea7u c\u00e1 nh\u00e2n c\u1ee7a b\u1ea1n.<\/p>\n","protected":false},"excerpt":{"rendered":"<p>H\u00e3y k\u1ef7 ni\u1ec7m c\u00e2u chuy\u1ec7n t\u00ecnh y\u00eau c\u1ee7a b\u1ea1n ngay t\u1ea1i trung t\u00e2m London v\u1edbi m\u1ed9t \u0111\u00e1m c\u01b0\u1edbi \u0111\u1ed9c \u0111\u00e1o nh\u01b0 ch\u00ednh m\u1ed1i quan h\u1ec7 c\u1ee7a hai b\u1ea1n. Kh\u00e1ch s\u1ea1n c\u1ee7a ch\u00fang t\u00f4i cung c\u1ea5p m\u1ed9t lo\u1ea1t c\u00e1c \u0111\u1ecba \u0111i\u1ec3m trang nh\u00e3, t\u1eeb nh\u1eefng kh\u00f4ng gian \u1ea5m c\u00fang ho\u00e0n h\u1ea3o cho nh\u1eefng bu\u1ed5i t\u1ee5 h\u1ecdp [&hellip;]<\/p>\n","protected":false},"author":2,"featured_media":0,"parent":0,"menu_order":500,"comment_status":"closed","ping_status":"closed","template":"template-wedding.php","meta":{"footnotes":""},"categories":[],"class_list":["post-2944","page","type-page","status-publish","hentry"],"acf":[],"yoast_head":"<!-- This site is optimized with the Yoast SEO plugin v26.9 - https:\/\/yoast.com\/product\/yoast-seo-wordpress\/ -->\n<title>\u0110\u00e1m c\u01b0\u1edbi - Ibis Styles V2 demo site<\/title>\n<meta name=\"robots\" content=\"noindex, follow, max-snippet:-1, max-image-preview:large, max-video-preview:-1\" \/>\n<meta property=\"og:locale\" content=\"vi_VN\" \/>\n<meta property=\"og:type\" content=\"article\" \/>\n<meta property=\"og:title\" content=\"\u0110\u00e1m c\u01b0\u1edbi - Ibis Styles V2 demo site\" \/>\n<meta property=\"og:description\" content=\"H\u00e3y k\u1ef7 ni\u1ec7m c\u00e2u chuy\u1ec7n t\u00ecnh y\u00eau c\u1ee7a b\u1ea1n ngay t\u1ea1i trung t\u00e2m London v\u1edbi m\u1ed9t \u0111\u00e1m c\u01b0\u1edbi \u0111\u1ed9c \u0111\u00e1o nh\u01b0 ch\u00ednh m\u1ed1i quan h\u1ec7 c\u1ee7a hai b\u1ea1n. Kh\u00e1ch s\u1ea1n c\u1ee7a ch\u00fang t\u00f4i cung c\u1ea5p m\u1ed9t lo\u1ea1t c\u00e1c \u0111\u1ecba \u0111i\u1ec3m trang nh\u00e3, t\u1eeb nh\u1eefng kh\u00f4ng gian \u1ea5m c\u00fang ho\u00e0n h\u1ea3o cho nh\u1eefng bu\u1ed5i t\u1ee5 h\u1ecdp [&hellip;]\" \/>\n<meta property=\"og:url\" content=\"https:\/\/ibisstyles.accorv2prod.decms.eu\/vi\/dam-cuoi\/\" \/>\n<meta property=\"og:site_name\" content=\"Ibis Styles V2 demo site\" \/>\n<meta property=\"article:modified_time\" content=\"2025-03-14T17:26:12+00:00\" \/>\n<meta name=\"twitter:card\" content=\"summary_large_image\" \/>\n<meta name=\"twitter:label1\" content=\"Est. reading time\" \/>\n\t<meta name=\"twitter:data1\" content=\"1 minute\" \/>\n<script type=\"application\/ld+json\" class=\"yoast-schema-graph\">{\"@context\":\"https:\/\/schema.org\",\"@graph\":[{\"@type\":\"WebPage\",\"@id\":\"https:\/\/ibisstyles.accorv2prod.decms.eu\/vi\/dam-cuoi\/\",\"url\":\"https:\/\/ibisstyles.accorv2prod.decms.eu\/vi\/dam-cuoi\/\",\"name\":\"\u0110\u00e1m c\u01b0\u1edbi - Ibis Styles V2 demo site\",\"isPartOf\":{\"@id\":\"https:\/\/ibisstyles.accorv2prod.decms.eu\/#website\"},\"datePublished\":\"2021-06-29T15:42:28+00:00\",\"dateModified\":\"2025-03-14T17:26:12+00:00\",\"breadcrumb\":{\"@id\":\"https:\/\/ibisstyles.accorv2prod.decms.eu\/vi\/dam-cuoi\/#breadcrumb\"},\"inLanguage\":\"vi-VN\",\"potentialAction\":[{\"@type\":\"ReadAction\",\"target\":[\"https:\/\/ibisstyles.accorv2prod.decms.eu\/vi\/dam-cuoi\/\"]}]},{\"@type\":\"BreadcrumbList\",\"@id\":\"https:\/\/ibisstyles.accorv2prod.decms.eu\/vi\/dam-cuoi\/#breadcrumb\",\"itemListElement\":[{\"@type\":\"ListItem\",\"position\":1,\"name\":\"Home\",\"item\":\"https:\/\/ibisstyles.accorv2prod.decms.eu\/vi\/\"},{\"@type\":\"ListItem\",\"position\":2,\"name\":\"\u0110\u00e1m c\u01b0\u1edbi\"}]},{\"@type\":\"WebSite\",\"@id\":\"https:\/\/ibisstyles.accorv2prod.decms.eu\/#website\",\"url\":\"https:\/\/ibisstyles.accorv2prod.decms.eu\/\",\"name\":\"Ibis Styles V2 demo site\",\"description\":\"Just another Matteo Canever Site Sites site\",\"potentialAction\":[{\"@type\":\"SearchAction\",\"target\":{\"@type\":\"EntryPoint\",\"urlTemplate\":\"https:\/\/ibisstyles.accorv2prod.decms.eu\/?s={search_term_string}\"},\"query-input\":{\"@type\":\"PropertyValueSpecification\",\"valueRequired\":true,\"valueName\":\"search_term_string\"}}],\"inLanguage\":\"vi-VN\"}]}<\/script>\n<!-- \/ Yoast SEO plugin. -->","yoast_head_json":{"title":"\u0110\u00e1m c\u01b0\u1edbi - Ibis Styles V2 demo site","robots":{"index":"noindex","follow":"follow","max-snippet":"max-snippet:-1","max-image-preview":"max-image-preview:large","max-video-preview":"max-video-preview:-1"},"og_locale":"vi_VN","og_type":"article","og_title":"\u0110\u00e1m c\u01b0\u1edbi - Ibis Styles V2 demo site","og_description":"H\u00e3y k\u1ef7 ni\u1ec7m c\u00e2u chuy\u1ec7n t\u00ecnh y\u00eau c\u1ee7a b\u1ea1n ngay t\u1ea1i trung t\u00e2m London v\u1edbi m\u1ed9t \u0111\u00e1m c\u01b0\u1edbi \u0111\u1ed9c \u0111\u00e1o nh\u01b0 ch\u00ednh m\u1ed1i quan h\u1ec7 c\u1ee7a hai b\u1ea1n. Kh\u00e1ch s\u1ea1n c\u1ee7a ch\u00fang t\u00f4i cung c\u1ea5p m\u1ed9t lo\u1ea1t c\u00e1c \u0111\u1ecba \u0111i\u1ec3m trang nh\u00e3, t\u1eeb nh\u1eefng kh\u00f4ng gian \u1ea5m c\u00fang ho\u00e0n h\u1ea3o cho nh\u1eefng bu\u1ed5i t\u1ee5 h\u1ecdp [&hellip;]","og_url":"https:\/\/ibisstyles.accorv2prod.decms.eu\/vi\/dam-cuoi\/","og_site_name":"Ibis Styles V2 demo site","article_modified_time":"2025-03-14T17:26:12+00:00","twitter_card":"summary_large_image","twitter_misc":{"Est. reading time":"1 minute"},"schema":{"@context":"https:\/\/schema.org","@graph":[{"@type":"WebPage","@id":"https:\/\/ibisstyles.accorv2prod.decms.eu\/vi\/dam-cuoi\/","url":"https:\/\/ibisstyles.accorv2prod.decms.eu\/vi\/dam-cuoi\/","name":"\u0110\u00e1m c\u01b0\u1edbi - Ibis Styles V2 demo site","isPartOf":{"@id":"https:\/\/ibisstyles.accorv2prod.decms.eu\/#website"},"datePublished":"2021-06-29T15:42:28+00:00","dateModified":"2025-03-14T17:26:12+00:00","breadcrumb":{"@id":"https:\/\/ibisstyles.accorv2prod.decms.eu\/vi\/dam-cuoi\/#breadcrumb"},"inLanguage":"vi-VN","potentialAction":[{"@type":"ReadAction","target":["https:\/\/ibisstyles.accorv2prod.decms.eu\/vi\/dam-cuoi\/"]}]},{"@type":"BreadcrumbList","@id":"https:\/\/ibisstyles.accorv2prod.decms.eu\/vi\/dam-cuoi\/#breadcrumb","itemListElement":[{"@type":"ListItem","position":1,"name":"Home","item":"https:\/\/ibisstyles.accorv2prod.decms.eu\/vi\/"},{"@type":"ListItem","position":2,"name":"\u0110\u00e1m c\u01b0\u1edbi"}]},{"@type":"WebSite","@id":"https:\/\/ibisstyles.accorv2prod.decms.eu\/#website","url":"https:\/\/ibisstyles.accorv2prod.decms.eu\/","name":"Ibis Styles V2 demo site","description":"Just another Matteo Canever Site Sites site","potentialAction":[{"@type":"SearchAction","target":{"@type":"EntryPoint","urlTemplate":"https:\/\/ibisstyles.accorv2prod.decms.eu\/?s={search_term_string}"},"query-input":{"@type":"PropertyValueSpecification","valueRequired":true,"valueName":"search_term_string"}}],"inLanguage":"vi-VN"}]}},"_links":{"self":[{"href":"https:\/\/ibisstyles.accorv2prod.decms.eu\/vi\/wp-json\/wp\/v2\/pages\/2944","targetHints":{"allow":["GET"]}}],"collection":[{"href":"https:\/\/ibisstyles.accorv2prod.decms.eu\/vi\/wp-json\/wp\/v2\/pages"}],"about":[{"href":"https:\/\/ibisstyles.accorv2prod.decms.eu\/vi\/wp-json\/wp\/v2\/types\/page"}],"author":[{"embeddable":true,"href":"https:\/\/ibisstyles.accorv2prod.decms.eu\/vi\/wp-json\/wp\/v2\/users\/2"}],"replies":[{"embeddable":true,"href":"https:\/\/ibisstyles.accorv2prod.decms.eu\/vi\/wp-json\/wp\/v2\/comments?post=2944"}],"version-history":[{"count":0,"href":"https:\/\/ibisstyles.accorv2prod.decms.eu\/vi\/wp-json\/wp\/v2\/pages\/2944\/revisions"}],"wp:attachment":[{"href":"https:\/\/ibisstyles.accorv2prod.decms.eu\/vi\/wp-json\/wp\/v2\/media?parent=2944"}],"wp:term":[{"taxonomy":"category","embeddable":true,"href":"https:\/\/ibisstyles.accorv2prod.decms.eu\/vi\/wp-json\/wp\/v2\/categories?post=2944"}],"curies":[{"name":"wp","href":"https:\/\/api.w.org\/{rel}","templated":true}]}}