{"id":892,"date":"2021-06-30T15:08:31","date_gmt":"2021-06-30T15:08:31","guid":{"rendered":"https:\/\/ibisstyles.accorv2prod.decms.eu\/?page_id=892"},"modified":"2024-07-26T16:22:41","modified_gmt":"2024-07-26T16:22:41","slug":"home","status":"publish","type":"page","link":"https:\/\/ibisstyles.accorv2prod.decms.eu\/vi\/","title":{"rendered":"Trang ch\u1ee7"},"content":{"rendered":"<p style=\"text-align: center;\">Ngay tr\u01b0\u1edbc s\u00f4ng Thames, \u2013 Ibis London m\u1eddi g\u1ecdi s\u1ef1 tr\u1ed1n tho\u00e1t.<br \/>\nCh\u00e0o m\u1eebng \u0111\u1ebfn v\u1edbi kh\u00e1ch s\u1ea1n tuy\u1ec7t \u0111\u1eb9p c\u1ee7a ch\u00fang t\u00f4i n\u1eb1m \u1edf trung t\u00e2m London, s\u1ef1 l\u1ef1a ch\u1ecdn ho\u00e0n h\u1ea3o cho du kh\u00e1ch gi\u1ea3i tr\u00ed v\u00e0 c\u00f4ng t\u00e1c ng\u00e0y nay. N\u1eb1m trong trung t\u00e2m th\u00e0nh ph\u1ed1 s\u00f4i \u0111\u1ed9ng, kh\u00e1ch s\u1ea1n c\u1ee7a ch\u00fang t\u00f4i cung c\u1ea5p quy\u1ec1n truy c\u1eadp v\u00f4 song \u0111\u1ebfn c\u00e1c \u0111\u1ecba danh mang t\u00ednh bi\u1ec3u t\u01b0\u1ee3ng, c\u00e1c nh\u00e0 h\u00e0ng \u0111\u01b0\u1ee3c \u0111\u00e1nh gi\u00e1 cao nh\u1ea5t v\u00e0 c\u00e1c khu mua s\u1eafm \u0111\u1eb3ng c\u1ea5p th\u1ebf gi\u1edbi.<\/p>\n<p style=\"text-align: center;\"><strong>ALAIN SMITH<\/strong><br \/>\nT\u1ed5ng gi\u00e1m \u0111\u1ed1c<\/p>\n","protected":false},"excerpt":{"rendered":"<p>Ngay tr\u01b0\u1edbc s\u00f4ng Thames, \u2013 Ibis London m\u1eddi g\u1ecdi s\u1ef1 tr\u1ed1n tho\u00e1t. Ch\u00e0o m\u1eebng \u0111\u1ebfn v\u1edbi kh\u00e1ch s\u1ea1n tuy\u1ec7t \u0111\u1eb9p c\u1ee7a ch\u00fang t\u00f4i n\u1eb1m \u1edf trung t\u00e2m London, s\u1ef1 l\u1ef1a ch\u1ecdn ho\u00e0n h\u1ea3o cho du kh\u00e1ch gi\u1ea3i tr\u00ed v\u00e0 c\u00f4ng t\u00e1c ng\u00e0y nay. N\u1eb1m trong trung t\u00e2m th\u00e0nh ph\u1ed1 s\u00f4i \u0111\u1ed9ng, kh\u00e1ch s\u1ea1n c\u1ee7a ch\u00fang [&hellip;]<\/p>\n","protected":false},"author":2,"featured_media":0,"parent":0,"menu_order":0,"comment_status":"closed","ping_status":"closed","template":"","meta":{"footnotes":""},"categories":[],"class_list":["post-892","page","type-page","status-publish","hentry"],"acf":[],"yoast_head":"<!-- This site is optimized with the Yoast SEO plugin v26.9 - https:\/\/yoast.com\/product\/yoast-seo-wordpress\/ -->\n<title>Trang ch\u1ee7 - Ibis Styles V2 demo site<\/title>\n<meta name=\"robots\" content=\"noindex, follow, max-snippet:-1, max-image-preview:large, max-video-preview:-1\" \/>\n<meta property=\"og:locale\" content=\"vi_VN\" \/>\n<meta property=\"og:type\" content=\"article\" \/>\n<meta property=\"og:title\" content=\"Trang ch\u1ee7 - Ibis Styles V2 demo site\" \/>\n<meta property=\"og:description\" content=\"Ngay tr\u01b0\u1edbc s\u00f4ng Thames, \u2013 Ibis London m\u1eddi g\u1ecdi s\u1ef1 tr\u1ed1n tho\u00e1t. Ch\u00e0o m\u1eebng \u0111\u1ebfn v\u1edbi kh\u00e1ch s\u1ea1n tuy\u1ec7t \u0111\u1eb9p c\u1ee7a ch\u00fang t\u00f4i n\u1eb1m \u1edf trung t\u00e2m London, s\u1ef1 l\u1ef1a ch\u1ecdn ho\u00e0n h\u1ea3o cho du kh\u00e1ch gi\u1ea3i tr\u00ed v\u00e0 c\u00f4ng t\u00e1c ng\u00e0y nay. N\u1eb1m trong trung t\u00e2m th\u00e0nh ph\u1ed1 s\u00f4i \u0111\u1ed9ng, kh\u00e1ch s\u1ea1n c\u1ee7a ch\u00fang [&hellip;]\" \/>\n<meta property=\"og:url\" content=\"https:\/\/ibisstyles.accorv2prod.decms.eu\/vi\/\" \/>\n<meta property=\"og:site_name\" content=\"Ibis Styles V2 demo site\" \/>\n<meta property=\"article:modified_time\" content=\"2024-07-26T16:22:41+00:00\" \/>\n<meta name=\"twitter:card\" content=\"summary_large_image\" \/>\n<meta name=\"twitter:label1\" content=\"Est. reading time\" \/>\n\t<meta name=\"twitter:data1\" content=\"1 minute\" \/>\n<script type=\"application\/ld+json\" class=\"yoast-schema-graph\">{\"@context\":\"https:\/\/schema.org\",\"@graph\":[{\"@type\":\"WebPage\",\"@id\":\"https:\/\/ibisstyles.accorv2prod.decms.eu\/vi\/\",\"url\":\"https:\/\/ibisstyles.accorv2prod.decms.eu\/vi\/\",\"name\":\"Trang ch\u1ee7 - Ibis Styles V2 demo site\",\"isPartOf\":{\"@id\":\"https:\/\/ibisstyles.accorv2prod.decms.eu\/#website\"},\"datePublished\":\"2021-06-30T15:08:31+00:00\",\"dateModified\":\"2024-07-26T16:22:41+00:00\",\"breadcrumb\":{\"@id\":\"https:\/\/ibisstyles.accorv2prod.decms.eu\/vi\/#breadcrumb\"},\"inLanguage\":\"vi-VN\",\"potentialAction\":[{\"@type\":\"ReadAction\",\"target\":[\"https:\/\/ibisstyles.accorv2prod.decms.eu\/vi\/\"]}]},{\"@type\":\"BreadcrumbList\",\"@id\":\"https:\/\/ibisstyles.accorv2prod.decms.eu\/vi\/#breadcrumb\",\"itemListElement\":[{\"@type\":\"ListItem\",\"position\":1,\"name\":\"Home\",\"item\":\"https:\/\/ibisstyles.accorv2prod.decms.eu\/vi\/\"},{\"@type\":\"ListItem\",\"position\":2,\"name\":\"Trang ch\u1ee7\"}]},{\"@type\":\"WebSite\",\"@id\":\"https:\/\/ibisstyles.accorv2prod.decms.eu\/#website\",\"url\":\"https:\/\/ibisstyles.accorv2prod.decms.eu\/\",\"name\":\"Ibis Styles V2 demo site\",\"description\":\"Just another Matteo Canever Site Sites site\",\"potentialAction\":[{\"@type\":\"SearchAction\",\"target\":{\"@type\":\"EntryPoint\",\"urlTemplate\":\"https:\/\/ibisstyles.accorv2prod.decms.eu\/?s={search_term_string}\"},\"query-input\":{\"@type\":\"PropertyValueSpecification\",\"valueRequired\":true,\"valueName\":\"search_term_string\"}}],\"inLanguage\":\"vi-VN\"}]}<\/script>\n<!-- \/ Yoast SEO plugin. -->","yoast_head_json":{"title":"Trang ch\u1ee7 - Ibis Styles V2 demo site","robots":{"index":"noindex","follow":"follow","max-snippet":"max-snippet:-1","max-image-preview":"max-image-preview:large","max-video-preview":"max-video-preview:-1"},"og_locale":"vi_VN","og_type":"article","og_title":"Trang ch\u1ee7 - Ibis Styles V2 demo site","og_description":"Ngay tr\u01b0\u1edbc s\u00f4ng Thames, \u2013 Ibis London m\u1eddi g\u1ecdi s\u1ef1 tr\u1ed1n tho\u00e1t. Ch\u00e0o m\u1eebng \u0111\u1ebfn v\u1edbi kh\u00e1ch s\u1ea1n tuy\u1ec7t \u0111\u1eb9p c\u1ee7a ch\u00fang t\u00f4i n\u1eb1m \u1edf trung t\u00e2m London, s\u1ef1 l\u1ef1a ch\u1ecdn ho\u00e0n h\u1ea3o cho du kh\u00e1ch gi\u1ea3i tr\u00ed v\u00e0 c\u00f4ng t\u00e1c ng\u00e0y nay. N\u1eb1m trong trung t\u00e2m th\u00e0nh ph\u1ed1 s\u00f4i \u0111\u1ed9ng, kh\u00e1ch s\u1ea1n c\u1ee7a ch\u00fang [&hellip;]","og_url":"https:\/\/ibisstyles.accorv2prod.decms.eu\/vi\/","og_site_name":"Ibis Styles V2 demo site","article_modified_time":"2024-07-26T16:22:41+00:00","twitter_card":"summary_large_image","twitter_misc":{"Est. reading time":"1 minute"},"schema":{"@context":"https:\/\/schema.org","@graph":[{"@type":"WebPage","@id":"https:\/\/ibisstyles.accorv2prod.decms.eu\/vi\/","url":"https:\/\/ibisstyles.accorv2prod.decms.eu\/vi\/","name":"Trang ch\u1ee7 - Ibis Styles V2 demo site","isPartOf":{"@id":"https:\/\/ibisstyles.accorv2prod.decms.eu\/#website"},"datePublished":"2021-06-30T15:08:31+00:00","dateModified":"2024-07-26T16:22:41+00:00","breadcrumb":{"@id":"https:\/\/ibisstyles.accorv2prod.decms.eu\/vi\/#breadcrumb"},"inLanguage":"vi-VN","potentialAction":[{"@type":"ReadAction","target":["https:\/\/ibisstyles.accorv2prod.decms.eu\/vi\/"]}]},{"@type":"BreadcrumbList","@id":"https:\/\/ibisstyles.accorv2prod.decms.eu\/vi\/#breadcrumb","itemListElement":[{"@type":"ListItem","position":1,"name":"Home","item":"https:\/\/ibisstyles.accorv2prod.decms.eu\/vi\/"},{"@type":"ListItem","position":2,"name":"Trang ch\u1ee7"}]},{"@type":"WebSite","@id":"https:\/\/ibisstyles.accorv2prod.decms.eu\/#website","url":"https:\/\/ibisstyles.accorv2prod.decms.eu\/","name":"Ibis Styles V2 demo site","description":"Just another Matteo Canever Site Sites site","potentialAction":[{"@type":"SearchAction","target":{"@type":"EntryPoint","urlTemplate":"https:\/\/ibisstyles.accorv2prod.decms.eu\/?s={search_term_string}"},"query-input":{"@type":"PropertyValueSpecification","valueRequired":true,"valueName":"search_term_string"}}],"inLanguage":"vi-VN"}]}},"_links":{"self":[{"href":"https:\/\/ibisstyles.accorv2prod.decms.eu\/vi\/wp-json\/wp\/v2\/pages\/892","targetHints":{"allow":["GET"]}}],"collection":[{"href":"https:\/\/ibisstyles.accorv2prod.decms.eu\/vi\/wp-json\/wp\/v2\/pages"}],"about":[{"href":"https:\/\/ibisstyles.accorv2prod.decms.eu\/vi\/wp-json\/wp\/v2\/types\/page"}],"author":[{"embeddable":true,"href":"https:\/\/ibisstyles.accorv2prod.decms.eu\/vi\/wp-json\/wp\/v2\/users\/2"}],"replies":[{"embeddable":true,"href":"https:\/\/ibisstyles.accorv2prod.decms.eu\/vi\/wp-json\/wp\/v2\/comments?post=892"}],"version-history":[{"count":0,"href":"https:\/\/ibisstyles.accorv2prod.decms.eu\/vi\/wp-json\/wp\/v2\/pages\/892\/revisions"}],"wp:attachment":[{"href":"https:\/\/ibisstyles.accorv2prod.decms.eu\/vi\/wp-json\/wp\/v2\/media?parent=892"}],"wp:term":[{"taxonomy":"category","embeddable":true,"href":"https:\/\/ibisstyles.accorv2prod.decms.eu\/vi\/wp-json\/wp\/v2\/categories?post=892"}],"curies":[{"name":"wp","href":"https:\/\/api.w.org\/{rel}","templated":true}]}}