{"id":901,"date":"2021-06-30T15:42:43","date_gmt":"2021-06-30T15:42:43","guid":{"rendered":"https:\/\/ibisstyles.accorv2prod.decms.eu\/?page_id=901"},"modified":"2025-03-12T16:57:50","modified_gmt":"2025-03-12T16:57:50","slug":"about-us","status":"publish","type":"page","link":"https:\/\/ibisstyles.accorv2prod.decms.eu\/vi\/about-us\/","title":{"rendered":"V\u1ec1 ch\u00fang t\u00f4i"},"content":{"rendered":"<p data-sourcepos=\"3:1-3:404\">T\u1ea1i Ibis Styles London, ch\u00fang t\u00f4i k\u1ebft h\u1ee3p s\u1ef1 tho\u1ea3i m\u00e1i, phong c\u00e1ch v\u00e0 ti\u1ec7n l\u1ee3i ngay t\u1ea1i trung t\u00e2m c\u1ee7a m\u1ed9t trong nh\u1eefng th\u00e0nh ph\u1ed1 s\u00f4i \u0111\u1ed9ng nh\u1ea5t th\u1ebf gi\u1edbi. Kh\u00e1ch s\u1ea1n hi\u1ec7n \u0111\u1ea1i c\u1ee7a ch\u00fang t\u00f4i \u0111\u01b0\u1ee3c thi\u1ebft k\u1ebf \u0111\u1ec3 mang \u0111\u1ebfn cho b\u1ea1n m\u1ed9t k\u1ef3 ngh\u1ec9 th\u00fa v\u1ecb, d\u00f9 b\u1ea1n \u0111\u1ebfn \u0111\u00e2y \u0111\u1ec3 c\u00f4ng t\u00e1c hay gi\u1ea3i tr\u00ed. V\u1edbi thi\u1ebft k\u1ebf \u0111\u01b0\u01a1ng \u0111\u1ea1i v\u00e0 c\u00e1c ti\u1ec7n nghi h\u00e0ng \u0111\u1ea7u, ch\u00fang t\u00f4i m\u1eddi b\u1ea1n tr\u1ea3i nghi\u1ec7m s\u1ef1 hi\u1ebfu kh\u00e1ch tuy\u1ec7t v\u1eddi nh\u1ea5t c\u1ee7a London.<\/p>\n<h3 style=\"text-align: center;\" data-sourcepos=\"5:1-5:20\">D\u1ecbch v\u1ee5 \u0110\u1eb7c bi\u1ec7t<\/h3>\n<p data-sourcepos=\"7:1-7:360\">T\u1ea1i Ibis Styles London, cam k\u1ebft c\u1ee7a ch\u00fang t\u00f4i v\u1ec1 d\u1ecbch v\u1ee5 \u0111\u1eb7c bi\u1ec7t l\u00e0 tr\u1ecdng t\u00e2m c\u1ee7a m\u1ecdi vi\u1ec7c ch\u00fang t\u00f4i l\u00e0m. \u0110\u1ed9i ng\u0169 nh\u00e2n vi\u00ean th\u00e2n thi\u1ec7n v\u00e0 chuy\u00ean nghi\u1ec7p c\u1ee7a ch\u00fang t\u00f4i lu\u00f4n s\u1eb5n s\u00e0ng h\u1ed7 tr\u1ee3 b\u1ea1n, \u0111\u1ea3m b\u1ea3o k\u1ef3 ngh\u1ec9 c\u1ee7a b\u1ea1n tho\u1ea3i m\u00e1i v\u00e0 th\u00fa v\u1ecb. T\u1eeb l\u00fac nh\u1eadn ph\u00f2ng \u0111\u1ebfn l\u00fac tr\u1ea3 ph\u00f2ng, ch\u00fang t\u00f4i lu\u00f4n n\u1ed7 l\u1ef1c v\u01b0\u1ee3t qu\u00e1 mong \u0111\u1ee3i c\u1ee7a b\u1ea1n v\u00e0 t\u1ea1o ra nh\u1eefng k\u1ef7 ni\u1ec7m kh\u00f3 qu\u00ean.<\/p>\n<h3 style=\"text-align: center;\" data-sourcepos=\"9:1-9:29\">Kh\u00e1m ph\u00e1 Trung t\u00e2m London<\/h3>\n<p data-sourcepos=\"11:1-11:460\">N\u1eb1m \u1edf trung t\u00e2m London, kh\u00e1ch s\u1ea1n c\u1ee7a ch\u00fang t\u00f4i cung c\u1ea5p kh\u1ea3 n\u0103ng ti\u1ebfp c\u1eadn d\u1ec5 d\u00e0ng \u0111\u1ebfn c\u00e1c \u0111i\u1ec3m tham quan h\u00e0ng \u0111\u1ea7u c\u1ee7a th\u00e0nh ph\u1ed1, c\u00e1c khu mua s\u1eafm v\u00e0 c\u00e1c \u0111\u1ecba danh v\u0103n h\u00f3a. Cho d\u00f9 b\u1ea1n mu\u1ed1n kh\u00e1m ph\u00e1 c\u00e1c di t\u00edch l\u1ecbch s\u1eed, t\u1eadn h\u01b0\u1edfng mua s\u1eafm \u0111\u1eb3ng c\u1ea5p th\u1ebf gi\u1edbi hay tr\u1ea3i nghi\u1ec7m cu\u1ed9c s\u1ed1ng v\u1ec1 \u0111\u00eam s\u00f4i \u0111\u1ed9ng, b\u1ea1n s\u1ebd t\u00ecm th\u1ea5y t\u1ea5t c\u1ea3 ch\u1ec9 c\u00e1ch \u0111\u00f3 m\u1ed9t qu\u00e3ng \u0111i b\u1ed9 ng\u1eafn. H\u00e3y \u0111\u1ebfn v\u00e0 kh\u00e1m ph\u00e1 nh\u1eefng \u0111i\u1ec1u tuy\u1ec7t v\u1eddi nh\u1ea5t c\u1ee7a London trong th\u1eddi gian l\u01b0u tr\u00fa c\u1ee7a b\u1ea1n v\u1edbi ch\u00fang t\u00f4i.<\/p>\n","protected":false},"excerpt":{"rendered":"<p>T\u1ea1i Ibis Styles London, ch\u00fang t\u00f4i k\u1ebft h\u1ee3p s\u1ef1 tho\u1ea3i m\u00e1i, phong c\u00e1ch v\u00e0 ti\u1ec7n l\u1ee3i ngay t\u1ea1i trung t\u00e2m c\u1ee7a m\u1ed9t trong nh\u1eefng th\u00e0nh ph\u1ed1 s\u00f4i \u0111\u1ed9ng nh\u1ea5t th\u1ebf gi\u1edbi. Kh\u00e1ch s\u1ea1n hi\u1ec7n \u0111\u1ea1i c\u1ee7a ch\u00fang t\u00f4i \u0111\u01b0\u1ee3c thi\u1ebft k\u1ebf \u0111\u1ec3 mang \u0111\u1ebfn cho b\u1ea1n m\u1ed9t k\u1ef3 ngh\u1ec9 th\u00fa v\u1ecb, d\u00f9 b\u1ea1n \u0111\u1ebfn \u0111\u00e2y [&hellip;]<\/p>\n","protected":false},"author":2,"featured_media":2800,"parent":0,"menu_order":100,"comment_status":"closed","ping_status":"closed","template":"","meta":{"footnotes":""},"categories":[],"class_list":["post-901","page","type-page","status-publish","has-post-thumbnail","hentry"],"acf":[],"yoast_head":"<!-- This site is optimized with the Yoast SEO plugin v26.9 - https:\/\/yoast.com\/product\/yoast-seo-wordpress\/ -->\n<title>V\u1ec1 ch\u00fang t\u00f4i - Ibis Styles V2 demo site<\/title>\n<meta name=\"robots\" content=\"noindex, follow, max-snippet:-1, max-image-preview:large, max-video-preview:-1\" \/>\n<meta property=\"og:locale\" content=\"vi_VN\" \/>\n<meta property=\"og:type\" content=\"article\" \/>\n<meta property=\"og:title\" content=\"V\u1ec1 ch\u00fang t\u00f4i - Ibis Styles V2 demo site\" \/>\n<meta property=\"og:description\" content=\"T\u1ea1i Ibis Styles London, ch\u00fang t\u00f4i k\u1ebft h\u1ee3p s\u1ef1 tho\u1ea3i m\u00e1i, phong c\u00e1ch v\u00e0 ti\u1ec7n l\u1ee3i ngay t\u1ea1i trung t\u00e2m c\u1ee7a m\u1ed9t trong nh\u1eefng th\u00e0nh ph\u1ed1 s\u00f4i \u0111\u1ed9ng nh\u1ea5t th\u1ebf gi\u1edbi. Kh\u00e1ch s\u1ea1n hi\u1ec7n \u0111\u1ea1i c\u1ee7a ch\u00fang t\u00f4i \u0111\u01b0\u1ee3c thi\u1ebft k\u1ebf \u0111\u1ec3 mang \u0111\u1ebfn cho b\u1ea1n m\u1ed9t k\u1ef3 ngh\u1ec9 th\u00fa v\u1ecb, d\u00f9 b\u1ea1n \u0111\u1ebfn \u0111\u00e2y [&hellip;]\" \/>\n<meta property=\"og:url\" content=\"https:\/\/ibisstyles.accorv2prod.decms.eu\/vi\/about-us\/\" \/>\n<meta property=\"og:site_name\" content=\"Ibis Styles V2 demo site\" \/>\n<meta property=\"article:modified_time\" content=\"2025-03-12T16:57:50+00:00\" \/>\n<meta property=\"og:image\" content=\"https:\/\/ibisstyles.accorv2prod.decms.eu\/wp-content\/uploads\/sites\/79\/2022\/07\/images.jpg\" \/>\n\t<meta property=\"og:image:width\" content=\"318\" \/>\n\t<meta property=\"og:image:height\" content=\"159\" \/>\n\t<meta property=\"og:image:type\" content=\"image\/jpeg\" \/>\n<meta name=\"twitter:card\" content=\"summary_large_image\" \/>\n<meta name=\"twitter:label1\" content=\"Est. reading time\" \/>\n\t<meta name=\"twitter:data1\" content=\"2 minutes\" \/>\n<script type=\"application\/ld+json\" class=\"yoast-schema-graph\">{\"@context\":\"https:\/\/schema.org\",\"@graph\":[{\"@type\":\"WebPage\",\"@id\":\"https:\/\/ibisstyles.accorv2prod.decms.eu\/vi\/about-us\/\",\"url\":\"https:\/\/ibisstyles.accorv2prod.decms.eu\/vi\/about-us\/\",\"name\":\"V\u1ec1 ch\u00fang t\u00f4i - Ibis Styles V2 demo site\",\"isPartOf\":{\"@id\":\"https:\/\/ibisstyles.accorv2prod.decms.eu\/#website\"},\"primaryImageOfPage\":{\"@id\":\"https:\/\/ibisstyles.accorv2prod.decms.eu\/vi\/about-us\/#primaryimage\"},\"image\":{\"@id\":\"https:\/\/ibisstyles.accorv2prod.decms.eu\/vi\/about-us\/#primaryimage\"},\"thumbnailUrl\":\"https:\/\/ibisstyles.accorv2prod.decms.eu\/wp-content\/uploads\/sites\/79\/2022\/07\/images.jpg\",\"datePublished\":\"2021-06-30T15:42:43+00:00\",\"dateModified\":\"2025-03-12T16:57:50+00:00\",\"breadcrumb\":{\"@id\":\"https:\/\/ibisstyles.accorv2prod.decms.eu\/vi\/about-us\/#breadcrumb\"},\"inLanguage\":\"vi-VN\",\"potentialAction\":[{\"@type\":\"ReadAction\",\"target\":[\"https:\/\/ibisstyles.accorv2prod.decms.eu\/vi\/about-us\/\"]}]},{\"@type\":\"ImageObject\",\"inLanguage\":\"vi-VN\",\"@id\":\"https:\/\/ibisstyles.accorv2prod.decms.eu\/vi\/about-us\/#primaryimage\",\"url\":\"https:\/\/ibisstyles.accorv2prod.decms.eu\/wp-content\/uploads\/sites\/79\/2022\/07\/images.jpg\",\"contentUrl\":\"https:\/\/ibisstyles.accorv2prod.decms.eu\/wp-content\/uploads\/sites\/79\/2022\/07\/images.jpg\",\"width\":318,\"height\":159},{\"@type\":\"BreadcrumbList\",\"@id\":\"https:\/\/ibisstyles.accorv2prod.decms.eu\/vi\/about-us\/#breadcrumb\",\"itemListElement\":[{\"@type\":\"ListItem\",\"position\":1,\"name\":\"Home\",\"item\":\"https:\/\/ibisstyles.accorv2prod.decms.eu\/vi\/\"},{\"@type\":\"ListItem\",\"position\":2,\"name\":\"V\u1ec1 ch\u00fang t\u00f4i\"}]},{\"@type\":\"WebSite\",\"@id\":\"https:\/\/ibisstyles.accorv2prod.decms.eu\/#website\",\"url\":\"https:\/\/ibisstyles.accorv2prod.decms.eu\/\",\"name\":\"Ibis Styles V2 demo site\",\"description\":\"Just another Matteo Canever Site Sites site\",\"potentialAction\":[{\"@type\":\"SearchAction\",\"target\":{\"@type\":\"EntryPoint\",\"urlTemplate\":\"https:\/\/ibisstyles.accorv2prod.decms.eu\/?s={search_term_string}\"},\"query-input\":{\"@type\":\"PropertyValueSpecification\",\"valueRequired\":true,\"valueName\":\"search_term_string\"}}],\"inLanguage\":\"vi-VN\"}]}<\/script>\n<!-- \/ Yoast SEO plugin. -->","yoast_head_json":{"title":"V\u1ec1 ch\u00fang t\u00f4i - Ibis Styles V2 demo site","robots":{"index":"noindex","follow":"follow","max-snippet":"max-snippet:-1","max-image-preview":"max-image-preview:large","max-video-preview":"max-video-preview:-1"},"og_locale":"vi_VN","og_type":"article","og_title":"V\u1ec1 ch\u00fang t\u00f4i - Ibis Styles V2 demo site","og_description":"T\u1ea1i Ibis Styles London, ch\u00fang t\u00f4i k\u1ebft h\u1ee3p s\u1ef1 tho\u1ea3i m\u00e1i, phong c\u00e1ch v\u00e0 ti\u1ec7n l\u1ee3i ngay t\u1ea1i trung t\u00e2m c\u1ee7a m\u1ed9t trong nh\u1eefng th\u00e0nh ph\u1ed1 s\u00f4i \u0111\u1ed9ng nh\u1ea5t th\u1ebf gi\u1edbi. Kh\u00e1ch s\u1ea1n hi\u1ec7n \u0111\u1ea1i c\u1ee7a ch\u00fang t\u00f4i \u0111\u01b0\u1ee3c thi\u1ebft k\u1ebf \u0111\u1ec3 mang \u0111\u1ebfn cho b\u1ea1n m\u1ed9t k\u1ef3 ngh\u1ec9 th\u00fa v\u1ecb, d\u00f9 b\u1ea1n \u0111\u1ebfn \u0111\u00e2y [&hellip;]","og_url":"https:\/\/ibisstyles.accorv2prod.decms.eu\/vi\/about-us\/","og_site_name":"Ibis Styles V2 demo site","article_modified_time":"2025-03-12T16:57:50+00:00","og_image":[{"width":318,"height":159,"url":"https:\/\/ibisstyles.accorv2prod.decms.eu\/wp-content\/uploads\/sites\/79\/2022\/07\/images.jpg","type":"image\/jpeg"}],"twitter_card":"summary_large_image","twitter_misc":{"Est. reading time":"2 minutes"},"schema":{"@context":"https:\/\/schema.org","@graph":[{"@type":"WebPage","@id":"https:\/\/ibisstyles.accorv2prod.decms.eu\/vi\/about-us\/","url":"https:\/\/ibisstyles.accorv2prod.decms.eu\/vi\/about-us\/","name":"V\u1ec1 ch\u00fang t\u00f4i - Ibis Styles V2 demo site","isPartOf":{"@id":"https:\/\/ibisstyles.accorv2prod.decms.eu\/#website"},"primaryImageOfPage":{"@id":"https:\/\/ibisstyles.accorv2prod.decms.eu\/vi\/about-us\/#primaryimage"},"image":{"@id":"https:\/\/ibisstyles.accorv2prod.decms.eu\/vi\/about-us\/#primaryimage"},"thumbnailUrl":"https:\/\/ibisstyles.accorv2prod.decms.eu\/wp-content\/uploads\/sites\/79\/2022\/07\/images.jpg","datePublished":"2021-06-30T15:42:43+00:00","dateModified":"2025-03-12T16:57:50+00:00","breadcrumb":{"@id":"https:\/\/ibisstyles.accorv2prod.decms.eu\/vi\/about-us\/#breadcrumb"},"inLanguage":"vi-VN","potentialAction":[{"@type":"ReadAction","target":["https:\/\/ibisstyles.accorv2prod.decms.eu\/vi\/about-us\/"]}]},{"@type":"ImageObject","inLanguage":"vi-VN","@id":"https:\/\/ibisstyles.accorv2prod.decms.eu\/vi\/about-us\/#primaryimage","url":"https:\/\/ibisstyles.accorv2prod.decms.eu\/wp-content\/uploads\/sites\/79\/2022\/07\/images.jpg","contentUrl":"https:\/\/ibisstyles.accorv2prod.decms.eu\/wp-content\/uploads\/sites\/79\/2022\/07\/images.jpg","width":318,"height":159},{"@type":"BreadcrumbList","@id":"https:\/\/ibisstyles.accorv2prod.decms.eu\/vi\/about-us\/#breadcrumb","itemListElement":[{"@type":"ListItem","position":1,"name":"Home","item":"https:\/\/ibisstyles.accorv2prod.decms.eu\/vi\/"},{"@type":"ListItem","position":2,"name":"V\u1ec1 ch\u00fang t\u00f4i"}]},{"@type":"WebSite","@id":"https:\/\/ibisstyles.accorv2prod.decms.eu\/#website","url":"https:\/\/ibisstyles.accorv2prod.decms.eu\/","name":"Ibis Styles V2 demo site","description":"Just another Matteo Canever Site Sites site","potentialAction":[{"@type":"SearchAction","target":{"@type":"EntryPoint","urlTemplate":"https:\/\/ibisstyles.accorv2prod.decms.eu\/?s={search_term_string}"},"query-input":{"@type":"PropertyValueSpecification","valueRequired":true,"valueName":"search_term_string"}}],"inLanguage":"vi-VN"}]}},"_links":{"self":[{"href":"https:\/\/ibisstyles.accorv2prod.decms.eu\/vi\/wp-json\/wp\/v2\/pages\/901","targetHints":{"allow":["GET"]}}],"collection":[{"href":"https:\/\/ibisstyles.accorv2prod.decms.eu\/vi\/wp-json\/wp\/v2\/pages"}],"about":[{"href":"https:\/\/ibisstyles.accorv2prod.decms.eu\/vi\/wp-json\/wp\/v2\/types\/page"}],"author":[{"embeddable":true,"href":"https:\/\/ibisstyles.accorv2prod.decms.eu\/vi\/wp-json\/wp\/v2\/users\/2"}],"replies":[{"embeddable":true,"href":"https:\/\/ibisstyles.accorv2prod.decms.eu\/vi\/wp-json\/wp\/v2\/comments?post=901"}],"version-history":[{"count":0,"href":"https:\/\/ibisstyles.accorv2prod.decms.eu\/vi\/wp-json\/wp\/v2\/pages\/901\/revisions"}],"wp:featuredmedia":[{"embeddable":true,"href":"https:\/\/ibisstyles.accorv2prod.decms.eu\/vi\/wp-json\/wp\/v2\/media\/2800"}],"wp:attachment":[{"href":"https:\/\/ibisstyles.accorv2prod.decms.eu\/vi\/wp-json\/wp\/v2\/media?parent=901"}],"wp:term":[{"taxonomy":"category","embeddable":true,"href":"https:\/\/ibisstyles.accorv2prod.decms.eu\/vi\/wp-json\/wp\/v2\/categories?post=901"}],"curies":[{"name":"wp","href":"https:\/\/api.w.org\/{rel}","templated":true}]}}