{"id":917,"date":"2021-07-01T08:15:15","date_gmt":"2021-07-01T08:15:15","guid":{"rendered":"https:\/\/ibisstyles.accorv2prod.decms.eu\/?page_id=917"},"modified":"2025-03-13T16:23:25","modified_gmt":"2025-03-13T16:23:25","slug":"cac-cuoc-hop","status":"publish","type":"page","link":"https:\/\/ibisstyles.accorv2prod.decms.eu\/vi\/cac-cuoc-hop\/","title":{"rendered":"C\u00e1c cu\u1ed9c h\u1ecdp"},"content":{"rendered":"<p>D\u00f9 b\u1ea1n \u0111ang l\u00ean k\u1ebf ho\u1ea1ch cho m\u1ed9t bu\u1ed5i \u0111\u1ed9ng n\u00e3o s\u00e1ng t\u1ea1o, m\u1ed9t bu\u1ed5i workshop \u0111\u1ed9i nh\u00f3m, hay m\u1ed9t bu\u1ed5i thuy\u1ebft tr\u00ecnh kinh doanh l\u1edbn, ba ph\u00f2ng h\u1ecdp hi\u1ec7n \u0111\u1ea1i c\u1ee7a ch\u00fang t\u00f4i \u0111\u01b0\u1ee3c thi\u1ebft k\u1ebf \u0111\u1ec3 truy\u1ec1n c\u1ea3m h\u1ee9ng v\u00e0 ho\u00e0n th\u00e0nh c\u00f4ng vi\u1ec7c. V\u00e0 \u0111\u1ed1i v\u1edbi c\u00e1c s\u1ef1 ki\u1ec7n l\u1edbn h\u01a1n ho\u1eb7c l\u1ec5 k\u1ef7 ni\u1ec7m, s\u1ea3nh ti\u1ec7c tuy\u1ec7t \u0111\u1eb9p c\u1ee7a ch\u00fang t\u00f4i mang \u0111\u1ebfn kh\u00f4ng gian ho\u00e0n h\u1ea3o \u0111\u1ec3 t\u1ea1o \u1ea5n t\u01b0\u1ee3ng. Kh\u00e1m ph\u00e1 kh\u00f4ng gian l\u00fd t\u01b0\u1edfng cho s\u1ef1 ki\u1ec7n ti\u1ebfp theo c\u1ee7a b\u1ea1n, n\u01a1i s\u1ef1 \u0111\u1ed5i m\u1edbi g\u1eb7p g\u1ee1 phong c\u00e1ch, v\u00e0 c\u00f9ng nhau t\u1ea1o ra \u0111i\u1ec1u tuy\u1ec7t v\u1eddi!<\/p>\n","protected":false},"excerpt":{"rendered":"<p>D\u00f9 b\u1ea1n \u0111ang l\u00ean k\u1ebf ho\u1ea1ch cho m\u1ed9t bu\u1ed5i \u0111\u1ed9ng n\u00e3o s\u00e1ng t\u1ea1o, m\u1ed9t bu\u1ed5i workshop \u0111\u1ed9i nh\u00f3m, hay m\u1ed9t bu\u1ed5i thuy\u1ebft tr\u00ecnh kinh doanh l\u1edbn, ba ph\u00f2ng h\u1ecdp hi\u1ec7n \u0111\u1ea1i c\u1ee7a ch\u00fang t\u00f4i \u0111\u01b0\u1ee3c thi\u1ebft k\u1ebf \u0111\u1ec3 truy\u1ec1n c\u1ea3m h\u1ee9ng v\u00e0 ho\u00e0n th\u00e0nh c\u00f4ng vi\u1ec7c. V\u00e0 \u0111\u1ed1i v\u1edbi c\u00e1c s\u1ef1 ki\u1ec7n l\u1edbn h\u01a1n ho\u1eb7c [&hellip;]<\/p>\n","protected":false},"author":2,"featured_media":0,"parent":0,"menu_order":300,"comment_status":"closed","ping_status":"closed","template":"template-meetings.php","meta":{"footnotes":""},"categories":[],"class_list":["post-917","page","type-page","status-publish","hentry"],"acf":[],"yoast_head":"<!-- This site is optimized with the Yoast SEO plugin v26.9 - https:\/\/yoast.com\/product\/yoast-seo-wordpress\/ -->\n<title>C\u00e1c cu\u1ed9c h\u1ecdp - Ibis Styles V2 demo site<\/title>\n<meta name=\"robots\" content=\"noindex, follow, max-snippet:-1, max-image-preview:large, max-video-preview:-1\" \/>\n<meta property=\"og:locale\" content=\"vi_VN\" \/>\n<meta property=\"og:type\" content=\"article\" \/>\n<meta property=\"og:title\" content=\"C\u00e1c cu\u1ed9c h\u1ecdp - Ibis Styles V2 demo site\" \/>\n<meta property=\"og:description\" content=\"D\u00f9 b\u1ea1n \u0111ang l\u00ean k\u1ebf ho\u1ea1ch cho m\u1ed9t bu\u1ed5i \u0111\u1ed9ng n\u00e3o s\u00e1ng t\u1ea1o, m\u1ed9t bu\u1ed5i workshop \u0111\u1ed9i nh\u00f3m, hay m\u1ed9t bu\u1ed5i thuy\u1ebft tr\u00ecnh kinh doanh l\u1edbn, ba ph\u00f2ng h\u1ecdp hi\u1ec7n \u0111\u1ea1i c\u1ee7a ch\u00fang t\u00f4i \u0111\u01b0\u1ee3c thi\u1ebft k\u1ebf \u0111\u1ec3 truy\u1ec1n c\u1ea3m h\u1ee9ng v\u00e0 ho\u00e0n th\u00e0nh c\u00f4ng vi\u1ec7c. V\u00e0 \u0111\u1ed1i v\u1edbi c\u00e1c s\u1ef1 ki\u1ec7n l\u1edbn h\u01a1n ho\u1eb7c [&hellip;]\" \/>\n<meta property=\"og:url\" content=\"https:\/\/ibisstyles.accorv2prod.decms.eu\/vi\/cac-cuoc-hop\/\" \/>\n<meta property=\"og:site_name\" content=\"Ibis Styles V2 demo site\" \/>\n<meta property=\"article:modified_time\" content=\"2025-03-13T16:23:25+00:00\" \/>\n<meta name=\"twitter:card\" content=\"summary_large_image\" \/>\n<meta name=\"twitter:label1\" content=\"Est. reading time\" \/>\n\t<meta name=\"twitter:data1\" content=\"1 minute\" \/>\n<script type=\"application\/ld+json\" class=\"yoast-schema-graph\">{\"@context\":\"https:\/\/schema.org\",\"@graph\":[{\"@type\":\"WebPage\",\"@id\":\"https:\/\/ibisstyles.accorv2prod.decms.eu\/vi\/cac-cuoc-hop\/\",\"url\":\"https:\/\/ibisstyles.accorv2prod.decms.eu\/vi\/cac-cuoc-hop\/\",\"name\":\"C\u00e1c cu\u1ed9c h\u1ecdp - Ibis Styles V2 demo site\",\"isPartOf\":{\"@id\":\"https:\/\/ibisstyles.accorv2prod.decms.eu\/#website\"},\"datePublished\":\"2021-07-01T08:15:15+00:00\",\"dateModified\":\"2025-03-13T16:23:25+00:00\",\"breadcrumb\":{\"@id\":\"https:\/\/ibisstyles.accorv2prod.decms.eu\/vi\/cac-cuoc-hop\/#breadcrumb\"},\"inLanguage\":\"vi-VN\",\"potentialAction\":[{\"@type\":\"ReadAction\",\"target\":[\"https:\/\/ibisstyles.accorv2prod.decms.eu\/vi\/cac-cuoc-hop\/\"]}]},{\"@type\":\"BreadcrumbList\",\"@id\":\"https:\/\/ibisstyles.accorv2prod.decms.eu\/vi\/cac-cuoc-hop\/#breadcrumb\",\"itemListElement\":[{\"@type\":\"ListItem\",\"position\":1,\"name\":\"Home\",\"item\":\"https:\/\/ibisstyles.accorv2prod.decms.eu\/vi\/\"},{\"@type\":\"ListItem\",\"position\":2,\"name\":\"C\u00e1c cu\u1ed9c h\u1ecdp\"}]},{\"@type\":\"WebSite\",\"@id\":\"https:\/\/ibisstyles.accorv2prod.decms.eu\/#website\",\"url\":\"https:\/\/ibisstyles.accorv2prod.decms.eu\/\",\"name\":\"Ibis Styles V2 demo site\",\"description\":\"Just another Matteo Canever Site Sites site\",\"potentialAction\":[{\"@type\":\"SearchAction\",\"target\":{\"@type\":\"EntryPoint\",\"urlTemplate\":\"https:\/\/ibisstyles.accorv2prod.decms.eu\/?s={search_term_string}\"},\"query-input\":{\"@type\":\"PropertyValueSpecification\",\"valueRequired\":true,\"valueName\":\"search_term_string\"}}],\"inLanguage\":\"vi-VN\"}]}<\/script>\n<!-- \/ Yoast SEO plugin. -->","yoast_head_json":{"title":"C\u00e1c cu\u1ed9c h\u1ecdp - Ibis Styles V2 demo site","robots":{"index":"noindex","follow":"follow","max-snippet":"max-snippet:-1","max-image-preview":"max-image-preview:large","max-video-preview":"max-video-preview:-1"},"og_locale":"vi_VN","og_type":"article","og_title":"C\u00e1c cu\u1ed9c h\u1ecdp - Ibis Styles V2 demo site","og_description":"D\u00f9 b\u1ea1n \u0111ang l\u00ean k\u1ebf ho\u1ea1ch cho m\u1ed9t bu\u1ed5i \u0111\u1ed9ng n\u00e3o s\u00e1ng t\u1ea1o, m\u1ed9t bu\u1ed5i workshop \u0111\u1ed9i nh\u00f3m, hay m\u1ed9t bu\u1ed5i thuy\u1ebft tr\u00ecnh kinh doanh l\u1edbn, ba ph\u00f2ng h\u1ecdp hi\u1ec7n \u0111\u1ea1i c\u1ee7a ch\u00fang t\u00f4i \u0111\u01b0\u1ee3c thi\u1ebft k\u1ebf \u0111\u1ec3 truy\u1ec1n c\u1ea3m h\u1ee9ng v\u00e0 ho\u00e0n th\u00e0nh c\u00f4ng vi\u1ec7c. V\u00e0 \u0111\u1ed1i v\u1edbi c\u00e1c s\u1ef1 ki\u1ec7n l\u1edbn h\u01a1n ho\u1eb7c [&hellip;]","og_url":"https:\/\/ibisstyles.accorv2prod.decms.eu\/vi\/cac-cuoc-hop\/","og_site_name":"Ibis Styles V2 demo site","article_modified_time":"2025-03-13T16:23:25+00:00","twitter_card":"summary_large_image","twitter_misc":{"Est. reading time":"1 minute"},"schema":{"@context":"https:\/\/schema.org","@graph":[{"@type":"WebPage","@id":"https:\/\/ibisstyles.accorv2prod.decms.eu\/vi\/cac-cuoc-hop\/","url":"https:\/\/ibisstyles.accorv2prod.decms.eu\/vi\/cac-cuoc-hop\/","name":"C\u00e1c cu\u1ed9c h\u1ecdp - Ibis Styles V2 demo site","isPartOf":{"@id":"https:\/\/ibisstyles.accorv2prod.decms.eu\/#website"},"datePublished":"2021-07-01T08:15:15+00:00","dateModified":"2025-03-13T16:23:25+00:00","breadcrumb":{"@id":"https:\/\/ibisstyles.accorv2prod.decms.eu\/vi\/cac-cuoc-hop\/#breadcrumb"},"inLanguage":"vi-VN","potentialAction":[{"@type":"ReadAction","target":["https:\/\/ibisstyles.accorv2prod.decms.eu\/vi\/cac-cuoc-hop\/"]}]},{"@type":"BreadcrumbList","@id":"https:\/\/ibisstyles.accorv2prod.decms.eu\/vi\/cac-cuoc-hop\/#breadcrumb","itemListElement":[{"@type":"ListItem","position":1,"name":"Home","item":"https:\/\/ibisstyles.accorv2prod.decms.eu\/vi\/"},{"@type":"ListItem","position":2,"name":"C\u00e1c cu\u1ed9c h\u1ecdp"}]},{"@type":"WebSite","@id":"https:\/\/ibisstyles.accorv2prod.decms.eu\/#website","url":"https:\/\/ibisstyles.accorv2prod.decms.eu\/","name":"Ibis Styles V2 demo site","description":"Just another Matteo Canever Site Sites site","potentialAction":[{"@type":"SearchAction","target":{"@type":"EntryPoint","urlTemplate":"https:\/\/ibisstyles.accorv2prod.decms.eu\/?s={search_term_string}"},"query-input":{"@type":"PropertyValueSpecification","valueRequired":true,"valueName":"search_term_string"}}],"inLanguage":"vi-VN"}]}},"_links":{"self":[{"href":"https:\/\/ibisstyles.accorv2prod.decms.eu\/vi\/wp-json\/wp\/v2\/pages\/917","targetHints":{"allow":["GET"]}}],"collection":[{"href":"https:\/\/ibisstyles.accorv2prod.decms.eu\/vi\/wp-json\/wp\/v2\/pages"}],"about":[{"href":"https:\/\/ibisstyles.accorv2prod.decms.eu\/vi\/wp-json\/wp\/v2\/types\/page"}],"author":[{"embeddable":true,"href":"https:\/\/ibisstyles.accorv2prod.decms.eu\/vi\/wp-json\/wp\/v2\/users\/2"}],"replies":[{"embeddable":true,"href":"https:\/\/ibisstyles.accorv2prod.decms.eu\/vi\/wp-json\/wp\/v2\/comments?post=917"}],"version-history":[{"count":0,"href":"https:\/\/ibisstyles.accorv2prod.decms.eu\/vi\/wp-json\/wp\/v2\/pages\/917\/revisions"}],"wp:attachment":[{"href":"https:\/\/ibisstyles.accorv2prod.decms.eu\/vi\/wp-json\/wp\/v2\/media?parent=917"}],"wp:term":[{"taxonomy":"category","embeddable":true,"href":"https:\/\/ibisstyles.accorv2prod.decms.eu\/vi\/wp-json\/wp\/v2\/categories?post=917"}],"curies":[{"name":"wp","href":"https:\/\/api.w.org\/{rel}","templated":true}]}}