{"id":920,"date":"2021-07-01T08:35:46","date_gmt":"2021-07-01T08:35:46","guid":{"rendered":"https:\/\/ibisstyles.accorv2prod.decms.eu\/?page_id=920"},"modified":"2025-03-13T11:47:53","modified_gmt":"2025-03-13T11:47:53","slug":"restaurants-bars","status":"publish","type":"page","link":"https:\/\/ibisstyles.accorv2prod.decms.eu\/vi\/restaurants-bars\/","title":{"rendered":"Nh\u00e0 h\u00e0ng &#038; Qu\u00e1n bar"},"content":{"rendered":"<p data-sourcepos=\"3:1-3:123\">H\u00e3y \u0111\u1eafm m\u00ecnh trong h\u00e0nh tr\u00ecnh \u1ea9m th\u1ef1c \u0111\u1eb7c bi\u1ec7t t\u1ea1i kh\u00e1ch s\u1ea1n c\u1ee7a ch\u00fang t\u00f4i, t\u1ecda l\u1ea1c ngay trung t\u00e2m s\u00f4i \u0111\u1ed9ng c\u1ee7a London.<\/p>\n<p data-sourcepos=\"5:1-5:311\">C\u00e1c \u0111\u1ecba \u0111i\u1ec3m \u0103n u\u1ed1ng \u0111a d\u1ea1ng c\u1ee7a ch\u00fang t\u00f4i mang \u0111\u1ebfn s\u1ef1 pha tr\u1ed9n \u0111\u1ed9c \u0111\u00e1o c\u1ee7a h\u01b0\u01a1ng v\u1ecb v\u00e0 tr\u1ea3i nghi\u1ec7m, ho\u00e0n h\u1ea3o cho m\u1ecdi d\u1ecbp. T\u1eeb \u1ea9m th\u1ef1c k\u1ebft h\u1ee3p s\u00e1ng t\u1ea1o \u0111\u1ebfn c\u00e1c m\u00f3n \u0103n \u00dd c\u1ed5 \u0111i\u1ec3n, cocktail sang tr\u1ecdng v\u00e0 th\u01b0 gi\u00e3n tr\u00ean t\u1ea7ng th\u01b0\u1ee3ng, d\u1ecbch v\u1ee5 \u0103n u\u1ed1ng c\u1ee7a ch\u00fang t\u00f4i \u0111\u01b0\u1ee3c thi\u1ebft k\u1ebf \u0111\u1ec3 mang l\u1ea1i s\u1ef1 h\u00e0i l\u00f2ng v\u00e0 c\u1ea3m h\u1ee9ng.<\/p>\n","protected":false},"excerpt":{"rendered":"<p>H\u00e3y \u0111\u1eafm m\u00ecnh trong h\u00e0nh tr\u00ecnh \u1ea9m th\u1ef1c \u0111\u1eb7c bi\u1ec7t t\u1ea1i kh\u00e1ch s\u1ea1n c\u1ee7a ch\u00fang t\u00f4i, t\u1ecda l\u1ea1c ngay trung t\u00e2m s\u00f4i \u0111\u1ed9ng c\u1ee7a London. C\u00e1c \u0111\u1ecba \u0111i\u1ec3m \u0103n u\u1ed1ng \u0111a d\u1ea1ng c\u1ee7a ch\u00fang t\u00f4i mang \u0111\u1ebfn s\u1ef1 pha tr\u1ed9n \u0111\u1ed9c \u0111\u00e1o c\u1ee7a h\u01b0\u01a1ng v\u1ecb v\u00e0 tr\u1ea3i nghi\u1ec7m, ho\u00e0n h\u1ea3o cho m\u1ecdi d\u1ecbp. T\u1eeb \u1ea9m [&hellip;]<\/p>\n","protected":false},"author":2,"featured_media":2451,"parent":0,"menu_order":400,"comment_status":"closed","ping_status":"closed","template":"template-restaurants.php","meta":{"footnotes":""},"categories":[],"class_list":["post-920","page","type-page","status-publish","has-post-thumbnail","hentry"],"acf":[],"yoast_head":"<!-- This site is optimized with the Yoast SEO plugin v26.9 - https:\/\/yoast.com\/product\/yoast-seo-wordpress\/ -->\n<title>Nh\u00e0 h\u00e0ng &amp; Qu\u00e1n bar - Ibis Styles V2 demo site<\/title>\n<meta name=\"robots\" content=\"noindex, follow, max-snippet:-1, max-image-preview:large, max-video-preview:-1\" \/>\n<meta property=\"og:locale\" content=\"vi_VN\" \/>\n<meta property=\"og:type\" content=\"article\" \/>\n<meta property=\"og:title\" content=\"Nh\u00e0 h\u00e0ng &amp; Qu\u00e1n bar - Ibis Styles V2 demo site\" \/>\n<meta property=\"og:description\" content=\"H\u00e3y \u0111\u1eafm m\u00ecnh trong h\u00e0nh tr\u00ecnh \u1ea9m th\u1ef1c \u0111\u1eb7c bi\u1ec7t t\u1ea1i kh\u00e1ch s\u1ea1n c\u1ee7a ch\u00fang t\u00f4i, t\u1ecda l\u1ea1c ngay trung t\u00e2m s\u00f4i \u0111\u1ed9ng c\u1ee7a London. C\u00e1c \u0111\u1ecba \u0111i\u1ec3m \u0103n u\u1ed1ng \u0111a d\u1ea1ng c\u1ee7a ch\u00fang t\u00f4i mang \u0111\u1ebfn s\u1ef1 pha tr\u1ed9n \u0111\u1ed9c \u0111\u00e1o c\u1ee7a h\u01b0\u01a1ng v\u1ecb v\u00e0 tr\u1ea3i nghi\u1ec7m, ho\u00e0n h\u1ea3o cho m\u1ecdi d\u1ecbp. T\u1eeb \u1ea9m [&hellip;]\" \/>\n<meta property=\"og:url\" content=\"https:\/\/ibisstyles.accorv2prod.decms.eu\/vi\/restaurants-bars\/\" \/>\n<meta property=\"og:site_name\" content=\"Ibis Styles V2 demo site\" \/>\n<meta property=\"article:modified_time\" content=\"2025-03-13T11:47:53+00:00\" \/>\n<meta property=\"og:image\" content=\"https:\/\/ibisstyles.accorv2prod.decms.eu\/wp-content\/uploads\/sites\/79\/2021\/09\/restaurant_00.jpg\" \/>\n\t<meta property=\"og:image:width\" content=\"2048\" \/>\n\t<meta property=\"og:image:height\" content=\"1367\" \/>\n\t<meta property=\"og:image:type\" content=\"image\/jpeg\" \/>\n<meta name=\"twitter:card\" content=\"summary_large_image\" \/>\n<meta name=\"twitter:label1\" content=\"Est. reading time\" \/>\n\t<meta name=\"twitter:data1\" content=\"1 minute\" \/>\n<script type=\"application\/ld+json\" class=\"yoast-schema-graph\">{\"@context\":\"https:\/\/schema.org\",\"@graph\":[{\"@type\":\"WebPage\",\"@id\":\"https:\/\/ibisstyles.accorv2prod.decms.eu\/vi\/restaurants-bars\/\",\"url\":\"https:\/\/ibisstyles.accorv2prod.decms.eu\/vi\/restaurants-bars\/\",\"name\":\"Nh\u00e0 h\u00e0ng & Qu\u00e1n bar - Ibis Styles V2 demo site\",\"isPartOf\":{\"@id\":\"https:\/\/ibisstyles.accorv2prod.decms.eu\/#website\"},\"primaryImageOfPage\":{\"@id\":\"https:\/\/ibisstyles.accorv2prod.decms.eu\/vi\/restaurants-bars\/#primaryimage\"},\"image\":{\"@id\":\"https:\/\/ibisstyles.accorv2prod.decms.eu\/vi\/restaurants-bars\/#primaryimage\"},\"thumbnailUrl\":\"https:\/\/ibisstyles.accorv2prod.decms.eu\/wp-content\/uploads\/sites\/79\/2021\/09\/restaurant_00.jpg\",\"datePublished\":\"2021-07-01T08:35:46+00:00\",\"dateModified\":\"2025-03-13T11:47:53+00:00\",\"breadcrumb\":{\"@id\":\"https:\/\/ibisstyles.accorv2prod.decms.eu\/vi\/restaurants-bars\/#breadcrumb\"},\"inLanguage\":\"vi-VN\",\"potentialAction\":[{\"@type\":\"ReadAction\",\"target\":[\"https:\/\/ibisstyles.accorv2prod.decms.eu\/vi\/restaurants-bars\/\"]}]},{\"@type\":\"ImageObject\",\"inLanguage\":\"vi-VN\",\"@id\":\"https:\/\/ibisstyles.accorv2prod.decms.eu\/vi\/restaurants-bars\/#primaryimage\",\"url\":\"https:\/\/ibisstyles.accorv2prod.decms.eu\/wp-content\/uploads\/sites\/79\/2021\/09\/restaurant_00.jpg\",\"contentUrl\":\"https:\/\/ibisstyles.accorv2prod.decms.eu\/wp-content\/uploads\/sites\/79\/2021\/09\/restaurant_00.jpg\",\"width\":2048,\"height\":1367,\"caption\":\"restaurant\"},{\"@type\":\"BreadcrumbList\",\"@id\":\"https:\/\/ibisstyles.accorv2prod.decms.eu\/vi\/restaurants-bars\/#breadcrumb\",\"itemListElement\":[{\"@type\":\"ListItem\",\"position\":1,\"name\":\"Home\",\"item\":\"https:\/\/ibisstyles.accorv2prod.decms.eu\/vi\/\"},{\"@type\":\"ListItem\",\"position\":2,\"name\":\"Nh\u00e0 h\u00e0ng &#038; Qu\u00e1n bar\"}]},{\"@type\":\"WebSite\",\"@id\":\"https:\/\/ibisstyles.accorv2prod.decms.eu\/#website\",\"url\":\"https:\/\/ibisstyles.accorv2prod.decms.eu\/\",\"name\":\"Ibis Styles V2 demo site\",\"description\":\"Just another Matteo Canever Site Sites site\",\"potentialAction\":[{\"@type\":\"SearchAction\",\"target\":{\"@type\":\"EntryPoint\",\"urlTemplate\":\"https:\/\/ibisstyles.accorv2prod.decms.eu\/?s={search_term_string}\"},\"query-input\":{\"@type\":\"PropertyValueSpecification\",\"valueRequired\":true,\"valueName\":\"search_term_string\"}}],\"inLanguage\":\"vi-VN\"}]}<\/script>\n<!-- \/ Yoast SEO plugin. -->","yoast_head_json":{"title":"Nh\u00e0 h\u00e0ng & Qu\u00e1n bar - Ibis Styles V2 demo site","robots":{"index":"noindex","follow":"follow","max-snippet":"max-snippet:-1","max-image-preview":"max-image-preview:large","max-video-preview":"max-video-preview:-1"},"og_locale":"vi_VN","og_type":"article","og_title":"Nh\u00e0 h\u00e0ng & Qu\u00e1n bar - Ibis Styles V2 demo site","og_description":"H\u00e3y \u0111\u1eafm m\u00ecnh trong h\u00e0nh tr\u00ecnh \u1ea9m th\u1ef1c \u0111\u1eb7c bi\u1ec7t t\u1ea1i kh\u00e1ch s\u1ea1n c\u1ee7a ch\u00fang t\u00f4i, t\u1ecda l\u1ea1c ngay trung t\u00e2m s\u00f4i \u0111\u1ed9ng c\u1ee7a London. C\u00e1c \u0111\u1ecba \u0111i\u1ec3m \u0103n u\u1ed1ng \u0111a d\u1ea1ng c\u1ee7a ch\u00fang t\u00f4i mang \u0111\u1ebfn s\u1ef1 pha tr\u1ed9n \u0111\u1ed9c \u0111\u00e1o c\u1ee7a h\u01b0\u01a1ng v\u1ecb v\u00e0 tr\u1ea3i nghi\u1ec7m, ho\u00e0n h\u1ea3o cho m\u1ecdi d\u1ecbp. T\u1eeb \u1ea9m [&hellip;]","og_url":"https:\/\/ibisstyles.accorv2prod.decms.eu\/vi\/restaurants-bars\/","og_site_name":"Ibis Styles V2 demo site","article_modified_time":"2025-03-13T11:47:53+00:00","og_image":[{"width":2048,"height":1367,"url":"https:\/\/ibisstyles.accorv2prod.decms.eu\/wp-content\/uploads\/sites\/79\/2021\/09\/restaurant_00.jpg","type":"image\/jpeg"}],"twitter_card":"summary_large_image","twitter_misc":{"Est. reading time":"1 minute"},"schema":{"@context":"https:\/\/schema.org","@graph":[{"@type":"WebPage","@id":"https:\/\/ibisstyles.accorv2prod.decms.eu\/vi\/restaurants-bars\/","url":"https:\/\/ibisstyles.accorv2prod.decms.eu\/vi\/restaurants-bars\/","name":"Nh\u00e0 h\u00e0ng & Qu\u00e1n bar - Ibis Styles V2 demo site","isPartOf":{"@id":"https:\/\/ibisstyles.accorv2prod.decms.eu\/#website"},"primaryImageOfPage":{"@id":"https:\/\/ibisstyles.accorv2prod.decms.eu\/vi\/restaurants-bars\/#primaryimage"},"image":{"@id":"https:\/\/ibisstyles.accorv2prod.decms.eu\/vi\/restaurants-bars\/#primaryimage"},"thumbnailUrl":"https:\/\/ibisstyles.accorv2prod.decms.eu\/wp-content\/uploads\/sites\/79\/2021\/09\/restaurant_00.jpg","datePublished":"2021-07-01T08:35:46+00:00","dateModified":"2025-03-13T11:47:53+00:00","breadcrumb":{"@id":"https:\/\/ibisstyles.accorv2prod.decms.eu\/vi\/restaurants-bars\/#breadcrumb"},"inLanguage":"vi-VN","potentialAction":[{"@type":"ReadAction","target":["https:\/\/ibisstyles.accorv2prod.decms.eu\/vi\/restaurants-bars\/"]}]},{"@type":"ImageObject","inLanguage":"vi-VN","@id":"https:\/\/ibisstyles.accorv2prod.decms.eu\/vi\/restaurants-bars\/#primaryimage","url":"https:\/\/ibisstyles.accorv2prod.decms.eu\/wp-content\/uploads\/sites\/79\/2021\/09\/restaurant_00.jpg","contentUrl":"https:\/\/ibisstyles.accorv2prod.decms.eu\/wp-content\/uploads\/sites\/79\/2021\/09\/restaurant_00.jpg","width":2048,"height":1367,"caption":"restaurant"},{"@type":"BreadcrumbList","@id":"https:\/\/ibisstyles.accorv2prod.decms.eu\/vi\/restaurants-bars\/#breadcrumb","itemListElement":[{"@type":"ListItem","position":1,"name":"Home","item":"https:\/\/ibisstyles.accorv2prod.decms.eu\/vi\/"},{"@type":"ListItem","position":2,"name":"Nh\u00e0 h\u00e0ng &#038; Qu\u00e1n bar"}]},{"@type":"WebSite","@id":"https:\/\/ibisstyles.accorv2prod.decms.eu\/#website","url":"https:\/\/ibisstyles.accorv2prod.decms.eu\/","name":"Ibis Styles V2 demo site","description":"Just another Matteo Canever Site Sites site","potentialAction":[{"@type":"SearchAction","target":{"@type":"EntryPoint","urlTemplate":"https:\/\/ibisstyles.accorv2prod.decms.eu\/?s={search_term_string}"},"query-input":{"@type":"PropertyValueSpecification","valueRequired":true,"valueName":"search_term_string"}}],"inLanguage":"vi-VN"}]}},"_links":{"self":[{"href":"https:\/\/ibisstyles.accorv2prod.decms.eu\/vi\/wp-json\/wp\/v2\/pages\/920","targetHints":{"allow":["GET"]}}],"collection":[{"href":"https:\/\/ibisstyles.accorv2prod.decms.eu\/vi\/wp-json\/wp\/v2\/pages"}],"about":[{"href":"https:\/\/ibisstyles.accorv2prod.decms.eu\/vi\/wp-json\/wp\/v2\/types\/page"}],"author":[{"embeddable":true,"href":"https:\/\/ibisstyles.accorv2prod.decms.eu\/vi\/wp-json\/wp\/v2\/users\/2"}],"replies":[{"embeddable":true,"href":"https:\/\/ibisstyles.accorv2prod.decms.eu\/vi\/wp-json\/wp\/v2\/comments?post=920"}],"version-history":[{"count":0,"href":"https:\/\/ibisstyles.accorv2prod.decms.eu\/vi\/wp-json\/wp\/v2\/pages\/920\/revisions"}],"wp:featuredmedia":[{"embeddable":true,"href":"https:\/\/ibisstyles.accorv2prod.decms.eu\/vi\/wp-json\/wp\/v2\/media\/2451"}],"wp:attachment":[{"href":"https:\/\/ibisstyles.accorv2prod.decms.eu\/vi\/wp-json\/wp\/v2\/media?parent=920"}],"wp:term":[{"taxonomy":"category","embeddable":true,"href":"https:\/\/ibisstyles.accorv2prod.decms.eu\/vi\/wp-json\/wp\/v2\/categories?post=920"}],"curies":[{"name":"wp","href":"https:\/\/api.w.org\/{rel}","templated":true}]}}