{"id":922,"date":"2021-07-01T08:44:06","date_gmt":"2021-07-01T08:44:06","guid":{"rendered":"https:\/\/ibisstyles.accorv2prod.decms.eu\/?page_id=922"},"modified":"2026-01-02T14:24:21","modified_gmt":"2026-01-02T14:24:21","slug":"portosino-restaurant","status":"publish","type":"page","link":"https:\/\/ibisstyles.accorv2prod.decms.eu\/vi\/restaurants-bars\/portosino-restaurant\/","title":{"rendered":"Nh\u00e0 h\u00e0ng Portosino"},"content":{"rendered":"<p data-sourcepos=\"3:1-3:135\">Tr\u1ea3i nghi\u1ec7m s\u1ef1 k\u1ebft h\u1ee3p ho\u00e0n h\u1ea3o c\u1ee7a h\u01b0\u01a1ng v\u1ecb v\u1edbi c\u00e1c m\u00f3n t\u00f4m h\u00f9m \u0111\u1eb7c tr\u01b0ng v\u00e0 c\u00e1c m\u00f3n h\u1ea3i s\u1ea3n c\u1ed5 \u0111i\u1ec3n \u0111\u01b0\u1ee3c y\u00eau th\u00edch c\u1ee7a ch\u00fang t\u00f4i.<\/p>\n<p data-sourcepos=\"5:1-5:174\">N\u1eb1m gi\u1eefa nh\u1eefng b\u1ee9c t\u01b0\u1eddng g\u1ea1ch tr\u1ea7n, g\u1ed7 m\u1ed9c m\u1ea1c v\u00e0 c\u00e2y xanh t\u01b0\u01a1i t\u1ed1t, kh\u00f4ng gian mang phong c\u00e1ch c\u00f4ng nghi\u1ec7p sang tr\u1ecdng c\u1ee7a ch\u00fang t\u00f4i t\u1ea1o n\u00ean m\u1ed9t khu r\u1eebng \u0111\u00f4 th\u1ecb th\u01b0 gi\u00e3n.<\/p>\n<p data-sourcepos=\"7:1-7:123\">Th\u1ef1c \u0111\u01a1n c\u1ee7a ch\u00fang t\u00f4i c\u0169ng ph\u1ee5c v\u1ee5 ng\u01b0\u1eddi \u0103n chay v\u00e0 thu\u1ea7n chay, cung c\u1ea5p m\u1ed9t lo\u1ea1t c\u00e1c l\u1ef1a ch\u1ecdn t\u1eeb th\u1ef1c v\u1eadt ngon mi\u1ec7ng.<\/p>\n","protected":false},"excerpt":{"rendered":"<p>Tr\u1ea3i nghi\u1ec7m s\u1ef1 k\u1ebft h\u1ee3p ho\u00e0n h\u1ea3o c\u1ee7a h\u01b0\u01a1ng v\u1ecb v\u1edbi c\u00e1c m\u00f3n t\u00f4m h\u00f9m \u0111\u1eb7c tr\u01b0ng v\u00e0 c\u00e1c m\u00f3n h\u1ea3i s\u1ea3n c\u1ed5 \u0111i\u1ec3n \u0111\u01b0\u1ee3c y\u00eau th\u00edch c\u1ee7a ch\u00fang t\u00f4i. N\u1eb1m gi\u1eefa nh\u1eefng b\u1ee9c t\u01b0\u1eddng g\u1ea1ch tr\u1ea7n, g\u1ed7 m\u1ed9c m\u1ea1c v\u00e0 c\u00e2y xanh t\u01b0\u01a1i t\u1ed1t, kh\u00f4ng gian mang phong c\u00e1ch c\u00f4ng nghi\u1ec7p sang tr\u1ecdng c\u1ee7a [&hellip;]<\/p>\n","protected":false},"author":2,"featured_media":0,"parent":920,"menu_order":0,"comment_status":"closed","ping_status":"closed","template":"template-restaurant.php","meta":{"footnotes":""},"categories":[273],"class_list":["post-922","page","type-page","status-publish","hentry","category-cac-nha-hang"],"acf":[],"yoast_head":"<!-- This site is optimized with the Yoast SEO plugin v26.9 - https:\/\/yoast.com\/product\/yoast-seo-wordpress\/ -->\n<title>Nh\u00e0 h\u00e0ng Portosino - Ibis Styles V2 demo site<\/title>\n<meta name=\"robots\" content=\"noindex, follow, max-snippet:-1, max-image-preview:large, max-video-preview:-1\" \/>\n<meta property=\"og:locale\" content=\"vi_VN\" \/>\n<meta property=\"og:type\" content=\"article\" \/>\n<meta property=\"og:title\" content=\"Nh\u00e0 h\u00e0ng Portosino - Ibis Styles V2 demo site\" \/>\n<meta property=\"og:description\" content=\"Tr\u1ea3i nghi\u1ec7m s\u1ef1 k\u1ebft h\u1ee3p ho\u00e0n h\u1ea3o c\u1ee7a h\u01b0\u01a1ng v\u1ecb v\u1edbi c\u00e1c m\u00f3n t\u00f4m h\u00f9m \u0111\u1eb7c tr\u01b0ng v\u00e0 c\u00e1c m\u00f3n h\u1ea3i s\u1ea3n c\u1ed5 \u0111i\u1ec3n \u0111\u01b0\u1ee3c y\u00eau th\u00edch c\u1ee7a ch\u00fang t\u00f4i. N\u1eb1m gi\u1eefa nh\u1eefng b\u1ee9c t\u01b0\u1eddng g\u1ea1ch tr\u1ea7n, g\u1ed7 m\u1ed9c m\u1ea1c v\u00e0 c\u00e2y xanh t\u01b0\u01a1i t\u1ed1t, kh\u00f4ng gian mang phong c\u00e1ch c\u00f4ng nghi\u1ec7p sang tr\u1ecdng c\u1ee7a [&hellip;]\" \/>\n<meta property=\"og:url\" content=\"https:\/\/ibisstyles.accorv2prod.decms.eu\/vi\/restaurants-bars\/portosino-restaurant\/\" \/>\n<meta property=\"og:site_name\" content=\"Ibis Styles V2 demo site\" \/>\n<meta property=\"article:modified_time\" content=\"2026-01-02T14:24:21+00:00\" \/>\n<meta name=\"twitter:card\" content=\"summary_large_image\" \/>\n<meta name=\"twitter:label1\" content=\"Est. reading time\" \/>\n\t<meta name=\"twitter:data1\" content=\"1 minute\" \/>\n<script type=\"application\/ld+json\" class=\"yoast-schema-graph\">{\"@context\":\"https:\/\/schema.org\",\"@graph\":[{\"@type\":\"WebPage\",\"@id\":\"https:\/\/ibisstyles.accorv2prod.decms.eu\/vi\/restaurants-bars\/portosino-restaurant\/\",\"url\":\"https:\/\/ibisstyles.accorv2prod.decms.eu\/vi\/restaurants-bars\/portosino-restaurant\/\",\"name\":\"Nh\u00e0 h\u00e0ng Portosino - Ibis Styles V2 demo site\",\"isPartOf\":{\"@id\":\"https:\/\/ibisstyles.accorv2prod.decms.eu\/#website\"},\"datePublished\":\"2021-07-01T08:44:06+00:00\",\"dateModified\":\"2026-01-02T14:24:21+00:00\",\"breadcrumb\":{\"@id\":\"https:\/\/ibisstyles.accorv2prod.decms.eu\/vi\/restaurants-bars\/portosino-restaurant\/#breadcrumb\"},\"inLanguage\":\"vi-VN\",\"potentialAction\":[{\"@type\":\"ReadAction\",\"target\":[\"https:\/\/ibisstyles.accorv2prod.decms.eu\/vi\/restaurants-bars\/portosino-restaurant\/\"]}]},{\"@type\":\"BreadcrumbList\",\"@id\":\"https:\/\/ibisstyles.accorv2prod.decms.eu\/vi\/restaurants-bars\/portosino-restaurant\/#breadcrumb\",\"itemListElement\":[{\"@type\":\"ListItem\",\"position\":1,\"name\":\"Home\",\"item\":\"https:\/\/ibisstyles.accorv2prod.decms.eu\/vi\/\"},{\"@type\":\"ListItem\",\"position\":2,\"name\":\"Nh\u00e0 h\u00e0ng &#038; Qu\u00e1n bar\",\"item\":\"https:\/\/ibisstyles.accorv2prod.decms.eu\/vi\/restaurants-bars\/\"},{\"@type\":\"ListItem\",\"position\":3,\"name\":\"Nh\u00e0 h\u00e0ng Portosino\"}]},{\"@type\":\"WebSite\",\"@id\":\"https:\/\/ibisstyles.accorv2prod.decms.eu\/#website\",\"url\":\"https:\/\/ibisstyles.accorv2prod.decms.eu\/\",\"name\":\"Ibis Styles V2 demo site\",\"description\":\"Just another Matteo Canever Site Sites site\",\"potentialAction\":[{\"@type\":\"SearchAction\",\"target\":{\"@type\":\"EntryPoint\",\"urlTemplate\":\"https:\/\/ibisstyles.accorv2prod.decms.eu\/?s={search_term_string}\"},\"query-input\":{\"@type\":\"PropertyValueSpecification\",\"valueRequired\":true,\"valueName\":\"search_term_string\"}}],\"inLanguage\":\"vi-VN\"}]}<\/script>\n<!-- \/ Yoast SEO plugin. -->","yoast_head_json":{"title":"Nh\u00e0 h\u00e0ng Portosino - Ibis Styles V2 demo site","robots":{"index":"noindex","follow":"follow","max-snippet":"max-snippet:-1","max-image-preview":"max-image-preview:large","max-video-preview":"max-video-preview:-1"},"og_locale":"vi_VN","og_type":"article","og_title":"Nh\u00e0 h\u00e0ng Portosino - Ibis Styles V2 demo site","og_description":"Tr\u1ea3i nghi\u1ec7m s\u1ef1 k\u1ebft h\u1ee3p ho\u00e0n h\u1ea3o c\u1ee7a h\u01b0\u01a1ng v\u1ecb v\u1edbi c\u00e1c m\u00f3n t\u00f4m h\u00f9m \u0111\u1eb7c tr\u01b0ng v\u00e0 c\u00e1c m\u00f3n h\u1ea3i s\u1ea3n c\u1ed5 \u0111i\u1ec3n \u0111\u01b0\u1ee3c y\u00eau th\u00edch c\u1ee7a ch\u00fang t\u00f4i. N\u1eb1m gi\u1eefa nh\u1eefng b\u1ee9c t\u01b0\u1eddng g\u1ea1ch tr\u1ea7n, g\u1ed7 m\u1ed9c m\u1ea1c v\u00e0 c\u00e2y xanh t\u01b0\u01a1i t\u1ed1t, kh\u00f4ng gian mang phong c\u00e1ch c\u00f4ng nghi\u1ec7p sang tr\u1ecdng c\u1ee7a [&hellip;]","og_url":"https:\/\/ibisstyles.accorv2prod.decms.eu\/vi\/restaurants-bars\/portosino-restaurant\/","og_site_name":"Ibis Styles V2 demo site","article_modified_time":"2026-01-02T14:24:21+00:00","twitter_card":"summary_large_image","twitter_misc":{"Est. reading time":"1 minute"},"schema":{"@context":"https:\/\/schema.org","@graph":[{"@type":"WebPage","@id":"https:\/\/ibisstyles.accorv2prod.decms.eu\/vi\/restaurants-bars\/portosino-restaurant\/","url":"https:\/\/ibisstyles.accorv2prod.decms.eu\/vi\/restaurants-bars\/portosino-restaurant\/","name":"Nh\u00e0 h\u00e0ng Portosino - Ibis Styles V2 demo site","isPartOf":{"@id":"https:\/\/ibisstyles.accorv2prod.decms.eu\/#website"},"datePublished":"2021-07-01T08:44:06+00:00","dateModified":"2026-01-02T14:24:21+00:00","breadcrumb":{"@id":"https:\/\/ibisstyles.accorv2prod.decms.eu\/vi\/restaurants-bars\/portosino-restaurant\/#breadcrumb"},"inLanguage":"vi-VN","potentialAction":[{"@type":"ReadAction","target":["https:\/\/ibisstyles.accorv2prod.decms.eu\/vi\/restaurants-bars\/portosino-restaurant\/"]}]},{"@type":"BreadcrumbList","@id":"https:\/\/ibisstyles.accorv2prod.decms.eu\/vi\/restaurants-bars\/portosino-restaurant\/#breadcrumb","itemListElement":[{"@type":"ListItem","position":1,"name":"Home","item":"https:\/\/ibisstyles.accorv2prod.decms.eu\/vi\/"},{"@type":"ListItem","position":2,"name":"Nh\u00e0 h\u00e0ng &#038; Qu\u00e1n bar","item":"https:\/\/ibisstyles.accorv2prod.decms.eu\/vi\/restaurants-bars\/"},{"@type":"ListItem","position":3,"name":"Nh\u00e0 h\u00e0ng Portosino"}]},{"@type":"WebSite","@id":"https:\/\/ibisstyles.accorv2prod.decms.eu\/#website","url":"https:\/\/ibisstyles.accorv2prod.decms.eu\/","name":"Ibis Styles V2 demo site","description":"Just another Matteo Canever Site Sites site","potentialAction":[{"@type":"SearchAction","target":{"@type":"EntryPoint","urlTemplate":"https:\/\/ibisstyles.accorv2prod.decms.eu\/?s={search_term_string}"},"query-input":{"@type":"PropertyValueSpecification","valueRequired":true,"valueName":"search_term_string"}}],"inLanguage":"vi-VN"}]}},"_links":{"self":[{"href":"https:\/\/ibisstyles.accorv2prod.decms.eu\/vi\/wp-json\/wp\/v2\/pages\/922","targetHints":{"allow":["GET"]}}],"collection":[{"href":"https:\/\/ibisstyles.accorv2prod.decms.eu\/vi\/wp-json\/wp\/v2\/pages"}],"about":[{"href":"https:\/\/ibisstyles.accorv2prod.decms.eu\/vi\/wp-json\/wp\/v2\/types\/page"}],"author":[{"embeddable":true,"href":"https:\/\/ibisstyles.accorv2prod.decms.eu\/vi\/wp-json\/wp\/v2\/users\/2"}],"replies":[{"embeddable":true,"href":"https:\/\/ibisstyles.accorv2prod.decms.eu\/vi\/wp-json\/wp\/v2\/comments?post=922"}],"version-history":[{"count":0,"href":"https:\/\/ibisstyles.accorv2prod.decms.eu\/vi\/wp-json\/wp\/v2\/pages\/922\/revisions"}],"up":[{"embeddable":true,"href":"https:\/\/ibisstyles.accorv2prod.decms.eu\/vi\/wp-json\/wp\/v2\/pages\/920"}],"wp:attachment":[{"href":"https:\/\/ibisstyles.accorv2prod.decms.eu\/vi\/wp-json\/wp\/v2\/media?parent=922"}],"wp:term":[{"taxonomy":"category","embeddable":true,"href":"https:\/\/ibisstyles.accorv2prod.decms.eu\/vi\/wp-json\/wp\/v2\/categories?post=922"}],"curies":[{"name":"wp","href":"https:\/\/api.w.org\/{rel}","templated":true}]}}