{"id":924,"date":"2021-07-01T08:54:55","date_gmt":"2021-07-01T08:54:55","guid":{"rendered":"https:\/\/ibisstyles.accorv2prod.decms.eu\/?page_id=924"},"modified":"2025-03-12T17:37:40","modified_gmt":"2025-03-12T17:37:40","slug":"rooms-suites","status":"publish","type":"page","link":"https:\/\/ibisstyles.accorv2prod.decms.eu\/vi\/rooms-suites\/","title":{"rendered":"Ph\u00f2ng &#038; Suite"},"content":{"rendered":"<p data-sourcepos=\"5:1-5:385\">Sau m\u1ed9t ng\u00e0y b\u1eadn r\u1ed9n kh\u00e1m ph\u00e1, h\u00e3y tr\u1ea3i nghi\u1ec7m s\u1ef1 tho\u1ea3i m\u00e1i tuy\u1ec7t \u0111\u1ec9nh khi l\u01b0u tr\u00fa t\u1ea1i Ibis Styles London. M\u1ed7i ph\u00f2ng \u0111\u1ec1u \u0111\u01b0\u1ee3c trang b\u1ecb gi\u01b0\u1eddng SweetBed \u00eam \u00e1i, h\u1ee9a h\u1eb9n m\u1ed9t k\u1ef3 ngh\u1ec9 th\u1ef1c s\u1ef1 kh\u00f3 qu\u00ean. T\u1ea5t c\u1ea3 c\u00e1c ph\u00f2ng hi\u1ec7n \u0111\u1ea1i c\u1ee7a ch\u00fang t\u00f4i \u0111\u1ec1u \u0111\u01b0\u1ee3c thi\u1ebft k\u1ebf chu \u0111\u00e1o v\u1edbi s\u1ef1 ch\u00fa \u00fd t\u1ed1i \u0111a \u0111\u1ebfn chi ti\u1ebft v\u00e0 t\u00ednh n\u0103ng, mang \u0111\u1ebfn cho b\u1ea1n m\u1ed9t \u0111i\u1ec3m kh\u1edfi \u0111\u1ea7u ho\u00e0n h\u1ea3o \u0111\u1ec3 kh\u00e1m ph\u00e1 English Riviera.<\/p>\n<p data-sourcepos=\"7:1-7:348\">Trong m\u1ed7i ph\u00f2ng, b\u1ea1n s\u1ebd t\u00ecm th\u1ea5y \u0111\u1ed3 d\u00f9ng v\u1ec7 sinh c\u00e1 nh\u00e2n th\u00e2n thi\u1ec7n v\u1edbi m\u00f4i tr\u01b0\u1eddng, TV th\u00f4ng minh hi\u1ec7n \u0111\u1ea1i v\u00e0 ph\u00f2ng t\u1eafm v\u00f2i sen \u0111i b\u1ed9 ti\u1ec7n l\u1ee3i \u0111\u1ec3 b\u1ea1n th\u01b0 gi\u00e3n. S\u1ef1 an to\u00e0n v\u00e0 y\u00ean t\u00e2m c\u1ee7a b\u1ea1n l\u00e0 \u01b0u ti\u00ean h\u00e0ng \u0111\u1ea7u, \u0111\u00f3 l\u00e0 l\u00fd do t\u1ea1i sao ch\u00fang t\u00f4i cung c\u1ea5p k\u00e9t an to\u00e0n trong ph\u00f2ng cho \u0111\u1ed3 \u0111\u1ea1c c\u1ee7a b\u1ea1n, \u0111\u1ea3m b\u1ea3o b\u1ea1n c\u00f3 th\u1ec3 th\u01b0 gi\u00e3n m\u00e0 kh\u00f4ng ph\u1ea3i lo l\u1eafng.<\/p>\n","protected":false},"excerpt":{"rendered":"<p>Sau m\u1ed9t ng\u00e0y b\u1eadn r\u1ed9n kh\u00e1m ph\u00e1, h\u00e3y tr\u1ea3i nghi\u1ec7m s\u1ef1 tho\u1ea3i m\u00e1i tuy\u1ec7t \u0111\u1ec9nh khi l\u01b0u tr\u00fa t\u1ea1i Ibis Styles London. M\u1ed7i ph\u00f2ng \u0111\u1ec1u \u0111\u01b0\u1ee3c trang b\u1ecb gi\u01b0\u1eddng SweetBed \u00eam \u00e1i, h\u1ee9a h\u1eb9n m\u1ed9t k\u1ef3 ngh\u1ec9 th\u1ef1c s\u1ef1 kh\u00f3 qu\u00ean. T\u1ea5t c\u1ea3 c\u00e1c ph\u00f2ng hi\u1ec7n \u0111\u1ea1i c\u1ee7a ch\u00fang t\u00f4i \u0111\u1ec1u \u0111\u01b0\u1ee3c thi\u1ebft k\u1ebf chu [&hellip;]<\/p>\n","protected":false},"author":2,"featured_media":3574,"parent":0,"menu_order":200,"comment_status":"closed","ping_status":"closed","template":"template-rooms.php","meta":{"footnotes":""},"categories":[],"class_list":["post-924","page","type-page","status-publish","has-post-thumbnail","hentry"],"acf":[],"yoast_head":"<!-- This site is optimized with the Yoast SEO plugin v26.9 - https:\/\/yoast.com\/product\/yoast-seo-wordpress\/ -->\n<title>Ph\u00f2ng &amp; Suite - Ibis Styles V2 demo site<\/title>\n<meta name=\"robots\" content=\"noindex, follow, max-snippet:-1, max-image-preview:large, max-video-preview:-1\" \/>\n<meta property=\"og:locale\" content=\"vi_VN\" \/>\n<meta property=\"og:type\" content=\"article\" \/>\n<meta property=\"og:title\" content=\"Ph\u00f2ng &amp; Suite - Ibis Styles V2 demo site\" \/>\n<meta property=\"og:description\" content=\"Sau m\u1ed9t ng\u00e0y b\u1eadn r\u1ed9n kh\u00e1m ph\u00e1, h\u00e3y tr\u1ea3i nghi\u1ec7m s\u1ef1 tho\u1ea3i m\u00e1i tuy\u1ec7t \u0111\u1ec9nh khi l\u01b0u tr\u00fa t\u1ea1i Ibis Styles London. M\u1ed7i ph\u00f2ng \u0111\u1ec1u \u0111\u01b0\u1ee3c trang b\u1ecb gi\u01b0\u1eddng SweetBed \u00eam \u00e1i, h\u1ee9a h\u1eb9n m\u1ed9t k\u1ef3 ngh\u1ec9 th\u1ef1c s\u1ef1 kh\u00f3 qu\u00ean. T\u1ea5t c\u1ea3 c\u00e1c ph\u00f2ng hi\u1ec7n \u0111\u1ea1i c\u1ee7a ch\u00fang t\u00f4i \u0111\u1ec1u \u0111\u01b0\u1ee3c thi\u1ebft k\u1ebf chu [&hellip;]\" \/>\n<meta property=\"og:url\" content=\"https:\/\/ibisstyles.accorv2prod.decms.eu\/vi\/rooms-suites\/\" \/>\n<meta property=\"og:site_name\" content=\"Ibis Styles V2 demo site\" \/>\n<meta property=\"article:modified_time\" content=\"2025-03-12T17:37:40+00:00\" \/>\n<meta property=\"og:image\" content=\"https:\/\/ibisstyles.accorv2prod.decms.eu\/wp-content\/uploads\/sites\/79\/2023\/10\/Ibis_red_bedroom.jpg\" \/>\n\t<meta property=\"og:image:width\" content=\"2200\" \/>\n\t<meta property=\"og:image:height\" content=\"1265\" \/>\n\t<meta property=\"og:image:type\" content=\"image\/jpeg\" \/>\n<meta name=\"twitter:card\" content=\"summary_large_image\" \/>\n<meta name=\"twitter:label1\" content=\"Est. reading time\" \/>\n\t<meta name=\"twitter:data1\" content=\"1 minute\" \/>\n<script type=\"application\/ld+json\" class=\"yoast-schema-graph\">{\"@context\":\"https:\/\/schema.org\",\"@graph\":[{\"@type\":\"WebPage\",\"@id\":\"https:\/\/ibisstyles.accorv2prod.decms.eu\/vi\/rooms-suites\/\",\"url\":\"https:\/\/ibisstyles.accorv2prod.decms.eu\/vi\/rooms-suites\/\",\"name\":\"Ph\u00f2ng & Suite - Ibis Styles V2 demo site\",\"isPartOf\":{\"@id\":\"https:\/\/ibisstyles.accorv2prod.decms.eu\/#website\"},\"primaryImageOfPage\":{\"@id\":\"https:\/\/ibisstyles.accorv2prod.decms.eu\/vi\/rooms-suites\/#primaryimage\"},\"image\":{\"@id\":\"https:\/\/ibisstyles.accorv2prod.decms.eu\/vi\/rooms-suites\/#primaryimage\"},\"thumbnailUrl\":\"https:\/\/ibisstyles.accorv2prod.decms.eu\/wp-content\/uploads\/sites\/79\/2023\/10\/Ibis_red_bedroom.jpg\",\"datePublished\":\"2021-07-01T08:54:55+00:00\",\"dateModified\":\"2025-03-12T17:37:40+00:00\",\"breadcrumb\":{\"@id\":\"https:\/\/ibisstyles.accorv2prod.decms.eu\/vi\/rooms-suites\/#breadcrumb\"},\"inLanguage\":\"vi-VN\",\"potentialAction\":[{\"@type\":\"ReadAction\",\"target\":[\"https:\/\/ibisstyles.accorv2prod.decms.eu\/vi\/rooms-suites\/\"]}]},{\"@type\":\"ImageObject\",\"inLanguage\":\"vi-VN\",\"@id\":\"https:\/\/ibisstyles.accorv2prod.decms.eu\/vi\/rooms-suites\/#primaryimage\",\"url\":\"https:\/\/ibisstyles.accorv2prod.decms.eu\/wp-content\/uploads\/sites\/79\/2023\/10\/Ibis_red_bedroom.jpg\",\"contentUrl\":\"https:\/\/ibisstyles.accorv2prod.decms.eu\/wp-content\/uploads\/sites\/79\/2023\/10\/Ibis_red_bedroom.jpg\",\"width\":2200,\"height\":1265},{\"@type\":\"BreadcrumbList\",\"@id\":\"https:\/\/ibisstyles.accorv2prod.decms.eu\/vi\/rooms-suites\/#breadcrumb\",\"itemListElement\":[{\"@type\":\"ListItem\",\"position\":1,\"name\":\"Home\",\"item\":\"https:\/\/ibisstyles.accorv2prod.decms.eu\/vi\/\"},{\"@type\":\"ListItem\",\"position\":2,\"name\":\"Ph\u00f2ng &#038; Suite\"}]},{\"@type\":\"WebSite\",\"@id\":\"https:\/\/ibisstyles.accorv2prod.decms.eu\/#website\",\"url\":\"https:\/\/ibisstyles.accorv2prod.decms.eu\/\",\"name\":\"Ibis Styles V2 demo site\",\"description\":\"Just another Matteo Canever Site Sites site\",\"potentialAction\":[{\"@type\":\"SearchAction\",\"target\":{\"@type\":\"EntryPoint\",\"urlTemplate\":\"https:\/\/ibisstyles.accorv2prod.decms.eu\/?s={search_term_string}\"},\"query-input\":{\"@type\":\"PropertyValueSpecification\",\"valueRequired\":true,\"valueName\":\"search_term_string\"}}],\"inLanguage\":\"vi-VN\"}]}<\/script>\n<!-- \/ Yoast SEO plugin. -->","yoast_head_json":{"title":"Ph\u00f2ng & Suite - Ibis Styles V2 demo site","robots":{"index":"noindex","follow":"follow","max-snippet":"max-snippet:-1","max-image-preview":"max-image-preview:large","max-video-preview":"max-video-preview:-1"},"og_locale":"vi_VN","og_type":"article","og_title":"Ph\u00f2ng & Suite - Ibis Styles V2 demo site","og_description":"Sau m\u1ed9t ng\u00e0y b\u1eadn r\u1ed9n kh\u00e1m ph\u00e1, h\u00e3y tr\u1ea3i nghi\u1ec7m s\u1ef1 tho\u1ea3i m\u00e1i tuy\u1ec7t \u0111\u1ec9nh khi l\u01b0u tr\u00fa t\u1ea1i Ibis Styles London. M\u1ed7i ph\u00f2ng \u0111\u1ec1u \u0111\u01b0\u1ee3c trang b\u1ecb gi\u01b0\u1eddng SweetBed \u00eam \u00e1i, h\u1ee9a h\u1eb9n m\u1ed9t k\u1ef3 ngh\u1ec9 th\u1ef1c s\u1ef1 kh\u00f3 qu\u00ean. T\u1ea5t c\u1ea3 c\u00e1c ph\u00f2ng hi\u1ec7n \u0111\u1ea1i c\u1ee7a ch\u00fang t\u00f4i \u0111\u1ec1u \u0111\u01b0\u1ee3c thi\u1ebft k\u1ebf chu [&hellip;]","og_url":"https:\/\/ibisstyles.accorv2prod.decms.eu\/vi\/rooms-suites\/","og_site_name":"Ibis Styles V2 demo site","article_modified_time":"2025-03-12T17:37:40+00:00","og_image":[{"width":2200,"height":1265,"url":"https:\/\/ibisstyles.accorv2prod.decms.eu\/wp-content\/uploads\/sites\/79\/2023\/10\/Ibis_red_bedroom.jpg","type":"image\/jpeg"}],"twitter_card":"summary_large_image","twitter_misc":{"Est. reading time":"1 minute"},"schema":{"@context":"https:\/\/schema.org","@graph":[{"@type":"WebPage","@id":"https:\/\/ibisstyles.accorv2prod.decms.eu\/vi\/rooms-suites\/","url":"https:\/\/ibisstyles.accorv2prod.decms.eu\/vi\/rooms-suites\/","name":"Ph\u00f2ng & Suite - Ibis Styles V2 demo site","isPartOf":{"@id":"https:\/\/ibisstyles.accorv2prod.decms.eu\/#website"},"primaryImageOfPage":{"@id":"https:\/\/ibisstyles.accorv2prod.decms.eu\/vi\/rooms-suites\/#primaryimage"},"image":{"@id":"https:\/\/ibisstyles.accorv2prod.decms.eu\/vi\/rooms-suites\/#primaryimage"},"thumbnailUrl":"https:\/\/ibisstyles.accorv2prod.decms.eu\/wp-content\/uploads\/sites\/79\/2023\/10\/Ibis_red_bedroom.jpg","datePublished":"2021-07-01T08:54:55+00:00","dateModified":"2025-03-12T17:37:40+00:00","breadcrumb":{"@id":"https:\/\/ibisstyles.accorv2prod.decms.eu\/vi\/rooms-suites\/#breadcrumb"},"inLanguage":"vi-VN","potentialAction":[{"@type":"ReadAction","target":["https:\/\/ibisstyles.accorv2prod.decms.eu\/vi\/rooms-suites\/"]}]},{"@type":"ImageObject","inLanguage":"vi-VN","@id":"https:\/\/ibisstyles.accorv2prod.decms.eu\/vi\/rooms-suites\/#primaryimage","url":"https:\/\/ibisstyles.accorv2prod.decms.eu\/wp-content\/uploads\/sites\/79\/2023\/10\/Ibis_red_bedroom.jpg","contentUrl":"https:\/\/ibisstyles.accorv2prod.decms.eu\/wp-content\/uploads\/sites\/79\/2023\/10\/Ibis_red_bedroom.jpg","width":2200,"height":1265},{"@type":"BreadcrumbList","@id":"https:\/\/ibisstyles.accorv2prod.decms.eu\/vi\/rooms-suites\/#breadcrumb","itemListElement":[{"@type":"ListItem","position":1,"name":"Home","item":"https:\/\/ibisstyles.accorv2prod.decms.eu\/vi\/"},{"@type":"ListItem","position":2,"name":"Ph\u00f2ng &#038; Suite"}]},{"@type":"WebSite","@id":"https:\/\/ibisstyles.accorv2prod.decms.eu\/#website","url":"https:\/\/ibisstyles.accorv2prod.decms.eu\/","name":"Ibis Styles V2 demo site","description":"Just another Matteo Canever Site Sites site","potentialAction":[{"@type":"SearchAction","target":{"@type":"EntryPoint","urlTemplate":"https:\/\/ibisstyles.accorv2prod.decms.eu\/?s={search_term_string}"},"query-input":{"@type":"PropertyValueSpecification","valueRequired":true,"valueName":"search_term_string"}}],"inLanguage":"vi-VN"}]}},"_links":{"self":[{"href":"https:\/\/ibisstyles.accorv2prod.decms.eu\/vi\/wp-json\/wp\/v2\/pages\/924","targetHints":{"allow":["GET"]}}],"collection":[{"href":"https:\/\/ibisstyles.accorv2prod.decms.eu\/vi\/wp-json\/wp\/v2\/pages"}],"about":[{"href":"https:\/\/ibisstyles.accorv2prod.decms.eu\/vi\/wp-json\/wp\/v2\/types\/page"}],"author":[{"embeddable":true,"href":"https:\/\/ibisstyles.accorv2prod.decms.eu\/vi\/wp-json\/wp\/v2\/users\/2"}],"replies":[{"embeddable":true,"href":"https:\/\/ibisstyles.accorv2prod.decms.eu\/vi\/wp-json\/wp\/v2\/comments?post=924"}],"version-history":[{"count":0,"href":"https:\/\/ibisstyles.accorv2prod.decms.eu\/vi\/wp-json\/wp\/v2\/pages\/924\/revisions"}],"wp:featuredmedia":[{"embeddable":true,"href":"https:\/\/ibisstyles.accorv2prod.decms.eu\/vi\/wp-json\/wp\/v2\/media\/3574"}],"wp:attachment":[{"href":"https:\/\/ibisstyles.accorv2prod.decms.eu\/vi\/wp-json\/wp\/v2\/media?parent=924"}],"wp:term":[{"taxonomy":"category","embeddable":true,"href":"https:\/\/ibisstyles.accorv2prod.decms.eu\/vi\/wp-json\/wp\/v2\/categories?post=924"}],"curies":[{"name":"wp","href":"https:\/\/api.w.org\/{rel}","templated":true}]}}