{"id":928,"date":"2021-07-01T09:05:43","date_gmt":"2021-07-01T09:05:43","guid":{"rendered":"https:\/\/ibisstyles.accorv2prod.decms.eu\/?page_id=928"},"modified":"2026-03-26T17:32:18","modified_gmt":"2026-03-26T17:32:18","slug":"thalasso-spa-suc-khoe","status":"publish","type":"page","link":"https:\/\/ibisstyles.accorv2prod.decms.eu\/vi\/thalasso-spa-suc-khoe\/","title":{"rendered":"Thalasso SPA &#038; S\u1ee9c kh\u1ecfe"},"content":{"rendered":"<p data-start=\"250\" data-end=\"775\">Ch\u1ec9 v\u00e0i b\u01b0\u1edbc ch\u00e2n t\u1eeb s\u00f4ng Thames v\u00e0 nh\u1ecbp s\u1ed1ng h\u1ed1i h\u1ea3 c\u1ee7a th\u00e0nh ph\u1ed1, Thalasso Spa &amp; Wellness c\u1ee7a ch\u00fang t\u00f4i l\u00e0 m\u1ed9t n\u01a1i tr\u00fa \u1ea9n \u0111\u00f4 th\u1ecb hi\u1ebfm hoi \u2014 n\u01a1i c\u00e1c li\u1ec7u ph\u00e1p bi\u1ec3n, nghi l\u1ec5 kho\u00e1ng ch\u1ea5t v\u00e0 truy\u1ec1n th\u1ed1ng ch\u1eefa l\u00e0nh c\u1ed5 x\u01b0a mang \u0111\u1ebfn s\u1ef1 y\u00ean b\u00ecnh th\u1ef1c s\u1ef1 gi\u1eefa nh\u1ecbp s\u1ed1ng kh\u00f4ng ng\u1eebng c\u1ee7a London.<\/p>\n<p data-start=\"777\" data-end=\"1534\">Spa c\u1ee7a ch\u00fang t\u00f4i l\u1ea5y tri\u1ebft l\u00fd t\u1eeb khoa h\u1ecdc c\u1ed5 x\u01b0a v\u1ec1 li\u1ec7u ph\u00e1p bi\u1ec3n \u2014 s\u1eed d\u1ee5ng n\u01b0\u1edbc bi\u1ec3n, b\u00f9n bi\u1ec3n v\u00e0 t\u1ea3o bi\u1ec3n \u0111\u1ec3 ph\u1ee5c h\u1ed3i v\u00e0 c\u00e2n b\u1eb1ng c\u01a1 th\u1ec3. L\u1ea7n \u0111\u1ea7u ti\u00ean \u0111\u01b0\u1ee3c th\u1ef1c h\u00e0nh \u1edf c\u00e1c v\u00f9ng duy\u00ean h\u1ea3i ch\u00e2u \u00c2u th\u1ebf k\u1ef7 19, nh\u1eefng truy\u1ec1n th\u1ed1ng n\u00e0y \u0111\u00e3 \u0111\u01b0\u1ee3c chuy\u1ec3n th\u1ec3 t\u1ea1i \u0111\u00e2y th\u00e0nh m\u1ed9t \u0111i\u1ec3m \u0111\u1ebfn s\u1ee9c kh\u1ecfe \u0111\u00f4 th\u1ecb ho\u00e0n ch\u1ec9nh, v\u1edbi t\u1ea5t c\u1ea3 s\u1ef1 nghi\u00eam ng\u1eb7t v\u00e0 chuy\u00ean m\u00f4n theo ph\u01b0\u01a1ng ph\u00e1p Talasso c\u1ee7a Accor.<\/p>\n<p data-start=\"1536\" data-end=\"2218\">D\u00f9 b\u1ea1n l\u00e0 kh\u00e1ch l\u01b0u tr\u00fa t\u1ea1i kh\u00e1ch s\u1ea1n t\u00ecm ki\u1ebfm s\u1ef1 ph\u1ee5c h\u1ed3i sau chuy\u1ebfn \u0111i d\u00e0i, ng\u01b0\u1eddi d\u00e2n London c\u1ea7n m\u1ed9t nghi l\u1ec5 h\u00e0ng tu\u1ea7n, hay m\u1ed9t c\u1eb7p \u0111\u00f4i k\u1ef7 ni\u1ec7m d\u1ecbp \u0111\u1eb7c bi\u1ec7t, c\u00e1c chuy\u00ean vi\u00ean tr\u1ecb li\u1ec7u c\u1ee7a ch\u00fang t\u00f4i s\u1ebd thi\u1ebft k\u1ebf m\u1ed7i l\u1ea7n tr\u1ea3i nghi\u1ec7m xung quanh b\u1ea1n \u2014 k\u1ebft h\u1ee3p c\u00e1c li\u1ec7u ph\u00e1p \u0111\u1eb3ng c\u1ea5p th\u1ebf gi\u1edbi v\u1edbi s\u1ef1 \u1ea5m \u00e1p v\u00e0 d\u1ec5 ti\u1ebfp c\u1eadn, \u0111i\u1ec1u l\u00e0m n\u00ean phong c\u00e1ch hi\u1ebfu kh\u00e1ch c\u1ee7a ibis Styles.<\/p>\n","protected":false},"excerpt":{"rendered":"<p>Ch\u1ec9 v\u00e0i b\u01b0\u1edbc ch\u00e2n t\u1eeb s\u00f4ng Thames v\u00e0 nh\u1ecbp s\u1ed1ng h\u1ed1i h\u1ea3 c\u1ee7a th\u00e0nh ph\u1ed1, Thalasso Spa &amp; Wellness c\u1ee7a ch\u00fang t\u00f4i l\u00e0 m\u1ed9t n\u01a1i tr\u00fa \u1ea9n \u0111\u00f4 th\u1ecb hi\u1ebfm hoi \u2014 n\u01a1i c\u00e1c li\u1ec7u ph\u00e1p bi\u1ec3n, nghi l\u1ec5 kho\u00e1ng ch\u1ea5t v\u00e0 truy\u1ec1n th\u1ed1ng ch\u1eefa l\u00e0nh c\u1ed5 x\u01b0a mang \u0111\u1ebfn s\u1ef1 y\u00ean b\u00ecnh th\u1ef1c s\u1ef1 [&hellip;]<\/p>\n","protected":false},"author":2,"featured_media":0,"parent":0,"menu_order":900,"comment_status":"closed","ping_status":"closed","template":"","meta":{"footnotes":""},"categories":[],"class_list":["post-928","page","type-page","status-publish","hentry"],"acf":[],"yoast_head":"<!-- This site is optimized with the Yoast SEO plugin v26.9 - https:\/\/yoast.com\/product\/yoast-seo-wordpress\/ -->\n<title>Thalasso SPA &amp; S\u1ee9c kh\u1ecfe - Ibis Styles V2 demo site<\/title>\n<meta name=\"robots\" content=\"noindex, follow, max-snippet:-1, max-image-preview:large, max-video-preview:-1\" \/>\n<meta property=\"og:locale\" content=\"vi_VN\" \/>\n<meta property=\"og:type\" content=\"article\" \/>\n<meta property=\"og:title\" content=\"Thalasso SPA &amp; S\u1ee9c kh\u1ecfe - Ibis Styles V2 demo site\" \/>\n<meta property=\"og:description\" content=\"Ch\u1ec9 v\u00e0i b\u01b0\u1edbc ch\u00e2n t\u1eeb s\u00f4ng Thames v\u00e0 nh\u1ecbp s\u1ed1ng h\u1ed1i h\u1ea3 c\u1ee7a th\u00e0nh ph\u1ed1, Thalasso Spa &amp; Wellness c\u1ee7a ch\u00fang t\u00f4i l\u00e0 m\u1ed9t n\u01a1i tr\u00fa \u1ea9n \u0111\u00f4 th\u1ecb hi\u1ebfm hoi \u2014 n\u01a1i c\u00e1c li\u1ec7u ph\u00e1p bi\u1ec3n, nghi l\u1ec5 kho\u00e1ng ch\u1ea5t v\u00e0 truy\u1ec1n th\u1ed1ng ch\u1eefa l\u00e0nh c\u1ed5 x\u01b0a mang \u0111\u1ebfn s\u1ef1 y\u00ean b\u00ecnh th\u1ef1c s\u1ef1 [&hellip;]\" \/>\n<meta property=\"og:url\" content=\"https:\/\/ibisstyles.accorv2prod.decms.eu\/vi\/thalasso-spa-suc-khoe\/\" \/>\n<meta property=\"og:site_name\" content=\"Ibis Styles V2 demo site\" \/>\n<meta property=\"article:modified_time\" content=\"2026-03-26T17:32:18+00:00\" \/>\n<meta name=\"twitter:card\" content=\"summary_large_image\" \/>\n<meta name=\"twitter:label1\" content=\"Est. reading time\" \/>\n\t<meta name=\"twitter:data1\" content=\"1 minute\" \/>\n<script type=\"application\/ld+json\" class=\"yoast-schema-graph\">{\"@context\":\"https:\/\/schema.org\",\"@graph\":[{\"@type\":\"WebPage\",\"@id\":\"https:\/\/ibisstyles.accorv2prod.decms.eu\/vi\/thalasso-spa-suc-khoe\/\",\"url\":\"https:\/\/ibisstyles.accorv2prod.decms.eu\/vi\/thalasso-spa-suc-khoe\/\",\"name\":\"Thalasso SPA & S\u1ee9c kh\u1ecfe - Ibis Styles V2 demo site\",\"isPartOf\":{\"@id\":\"https:\/\/ibisstyles.accorv2prod.decms.eu\/#website\"},\"datePublished\":\"2021-07-01T09:05:43+00:00\",\"dateModified\":\"2026-03-26T17:32:18+00:00\",\"breadcrumb\":{\"@id\":\"https:\/\/ibisstyles.accorv2prod.decms.eu\/vi\/thalasso-spa-suc-khoe\/#breadcrumb\"},\"inLanguage\":\"vi-VN\",\"potentialAction\":[{\"@type\":\"ReadAction\",\"target\":[\"https:\/\/ibisstyles.accorv2prod.decms.eu\/vi\/thalasso-spa-suc-khoe\/\"]}]},{\"@type\":\"BreadcrumbList\",\"@id\":\"https:\/\/ibisstyles.accorv2prod.decms.eu\/vi\/thalasso-spa-suc-khoe\/#breadcrumb\",\"itemListElement\":[{\"@type\":\"ListItem\",\"position\":1,\"name\":\"Home\",\"item\":\"https:\/\/ibisstyles.accorv2prod.decms.eu\/vi\/\"},{\"@type\":\"ListItem\",\"position\":2,\"name\":\"Thalasso SPA &#038; S\u1ee9c kh\u1ecfe\"}]},{\"@type\":\"WebSite\",\"@id\":\"https:\/\/ibisstyles.accorv2prod.decms.eu\/#website\",\"url\":\"https:\/\/ibisstyles.accorv2prod.decms.eu\/\",\"name\":\"Ibis Styles V2 demo site\",\"description\":\"Just another Matteo Canever Site Sites site\",\"potentialAction\":[{\"@type\":\"SearchAction\",\"target\":{\"@type\":\"EntryPoint\",\"urlTemplate\":\"https:\/\/ibisstyles.accorv2prod.decms.eu\/?s={search_term_string}\"},\"query-input\":{\"@type\":\"PropertyValueSpecification\",\"valueRequired\":true,\"valueName\":\"search_term_string\"}}],\"inLanguage\":\"vi-VN\"}]}<\/script>\n<!-- \/ Yoast SEO plugin. -->","yoast_head_json":{"title":"Thalasso SPA & S\u1ee9c kh\u1ecfe - Ibis Styles V2 demo site","robots":{"index":"noindex","follow":"follow","max-snippet":"max-snippet:-1","max-image-preview":"max-image-preview:large","max-video-preview":"max-video-preview:-1"},"og_locale":"vi_VN","og_type":"article","og_title":"Thalasso SPA & S\u1ee9c kh\u1ecfe - Ibis Styles V2 demo site","og_description":"Ch\u1ec9 v\u00e0i b\u01b0\u1edbc ch\u00e2n t\u1eeb s\u00f4ng Thames v\u00e0 nh\u1ecbp s\u1ed1ng h\u1ed1i h\u1ea3 c\u1ee7a th\u00e0nh ph\u1ed1, Thalasso Spa &amp; Wellness c\u1ee7a ch\u00fang t\u00f4i l\u00e0 m\u1ed9t n\u01a1i tr\u00fa \u1ea9n \u0111\u00f4 th\u1ecb hi\u1ebfm hoi \u2014 n\u01a1i c\u00e1c li\u1ec7u ph\u00e1p bi\u1ec3n, nghi l\u1ec5 kho\u00e1ng ch\u1ea5t v\u00e0 truy\u1ec1n th\u1ed1ng ch\u1eefa l\u00e0nh c\u1ed5 x\u01b0a mang \u0111\u1ebfn s\u1ef1 y\u00ean b\u00ecnh th\u1ef1c s\u1ef1 [&hellip;]","og_url":"https:\/\/ibisstyles.accorv2prod.decms.eu\/vi\/thalasso-spa-suc-khoe\/","og_site_name":"Ibis Styles V2 demo site","article_modified_time":"2026-03-26T17:32:18+00:00","twitter_card":"summary_large_image","twitter_misc":{"Est. reading time":"1 minute"},"schema":{"@context":"https:\/\/schema.org","@graph":[{"@type":"WebPage","@id":"https:\/\/ibisstyles.accorv2prod.decms.eu\/vi\/thalasso-spa-suc-khoe\/","url":"https:\/\/ibisstyles.accorv2prod.decms.eu\/vi\/thalasso-spa-suc-khoe\/","name":"Thalasso SPA & S\u1ee9c kh\u1ecfe - Ibis Styles V2 demo site","isPartOf":{"@id":"https:\/\/ibisstyles.accorv2prod.decms.eu\/#website"},"datePublished":"2021-07-01T09:05:43+00:00","dateModified":"2026-03-26T17:32:18+00:00","breadcrumb":{"@id":"https:\/\/ibisstyles.accorv2prod.decms.eu\/vi\/thalasso-spa-suc-khoe\/#breadcrumb"},"inLanguage":"vi-VN","potentialAction":[{"@type":"ReadAction","target":["https:\/\/ibisstyles.accorv2prod.decms.eu\/vi\/thalasso-spa-suc-khoe\/"]}]},{"@type":"BreadcrumbList","@id":"https:\/\/ibisstyles.accorv2prod.decms.eu\/vi\/thalasso-spa-suc-khoe\/#breadcrumb","itemListElement":[{"@type":"ListItem","position":1,"name":"Home","item":"https:\/\/ibisstyles.accorv2prod.decms.eu\/vi\/"},{"@type":"ListItem","position":2,"name":"Thalasso SPA &#038; S\u1ee9c kh\u1ecfe"}]},{"@type":"WebSite","@id":"https:\/\/ibisstyles.accorv2prod.decms.eu\/#website","url":"https:\/\/ibisstyles.accorv2prod.decms.eu\/","name":"Ibis Styles V2 demo site","description":"Just another Matteo Canever Site Sites site","potentialAction":[{"@type":"SearchAction","target":{"@type":"EntryPoint","urlTemplate":"https:\/\/ibisstyles.accorv2prod.decms.eu\/?s={search_term_string}"},"query-input":{"@type":"PropertyValueSpecification","valueRequired":true,"valueName":"search_term_string"}}],"inLanguage":"vi-VN"}]}},"_links":{"self":[{"href":"https:\/\/ibisstyles.accorv2prod.decms.eu\/vi\/wp-json\/wp\/v2\/pages\/928","targetHints":{"allow":["GET"]}}],"collection":[{"href":"https:\/\/ibisstyles.accorv2prod.decms.eu\/vi\/wp-json\/wp\/v2\/pages"}],"about":[{"href":"https:\/\/ibisstyles.accorv2prod.decms.eu\/vi\/wp-json\/wp\/v2\/types\/page"}],"author":[{"embeddable":true,"href":"https:\/\/ibisstyles.accorv2prod.decms.eu\/vi\/wp-json\/wp\/v2\/users\/2"}],"replies":[{"embeddable":true,"href":"https:\/\/ibisstyles.accorv2prod.decms.eu\/vi\/wp-json\/wp\/v2\/comments?post=928"}],"version-history":[{"count":2,"href":"https:\/\/ibisstyles.accorv2prod.decms.eu\/vi\/wp-json\/wp\/v2\/pages\/928\/revisions"}],"predecessor-version":[{"id":5007,"href":"https:\/\/ibisstyles.accorv2prod.decms.eu\/vi\/wp-json\/wp\/v2\/pages\/928\/revisions\/5007"}],"wp:attachment":[{"href":"https:\/\/ibisstyles.accorv2prod.decms.eu\/vi\/wp-json\/wp\/v2\/media?parent=928"}],"wp:term":[{"taxonomy":"category","embeddable":true,"href":"https:\/\/ibisstyles.accorv2prod.decms.eu\/vi\/wp-json\/wp\/v2\/categories?post=928"}],"curies":[{"name":"wp","href":"https:\/\/api.w.org\/{rel}","templated":true}]}}