{"id":929,"date":"2021-07-01T09:11:27","date_gmt":"2021-07-01T09:11:27","guid":{"rendered":"https:\/\/ibisstyles.accorv2prod.decms.eu\/?page_id=929"},"modified":"2026-01-02T18:17:15","modified_gmt":"2026-01-02T18:17:15","slug":"spa","status":"publish","type":"page","link":"https:\/\/ibisstyles.accorv2prod.decms.eu\/vi\/thalasso-spa-suc-khoe\/spa\/","title":{"rendered":"SPA"},"content":{"rendered":"<p>B\u01b0\u1edbc v\u00e0o m\u1ed9t \u1ed1c \u0111\u1ea3o y\u00ean b\u00ecnh ngay gi\u1eefa l\u00f2ng London. Spa kh\u00e1ch s\u1ea1n c\u1ee7a ch\u00fang t\u00f4i \u0111\u01b0\u1ee3c thi\u1ebft k\u1ebf \u0111\u1ec3 mang l\u1ea1i tr\u1ea3i nghi\u1ec7m ch\u0103m s\u00f3c s\u1ee9c kh\u1ecfe tinh t\u1ebf, n\u01a1i th\u01b0 gi\u00e3n, tho\u1ea3i m\u00e1i v\u00e0 c\u00e2n b\u1eb1ng h\u00f2a quy\u1ec7n trong kh\u00f4ng gian thanh l\u1ecbch v\u00e0 y\u00ean t\u0129nh.<\/p>\n<p>Ch\u1ecdn t\u1eeb b\u1ed9 s\u01b0u t\u1eadp c\u00e1c li\u1ec7u ph\u00e1p massage v\u00e0 ch\u0103m s\u00f3c c\u01a1 th\u1ec3 \u0111\u01b0\u1ee3c th\u1ef1c hi\u1ec7n b\u1edfi c\u00e1c chuy\u00ean vi\u00ean gi\u00e0u kinh nghi\u1ec7m. M\u1ed7i li\u1ec7u ph\u00e1p \u0111\u01b0\u1ee3c \u0111i\u1ec1u ch\u1ec9nh theo nhu c\u1ea7u c\u1ee7a b\u1ea1n, gi\u00fap gi\u1ea3m c\u0103ng th\u1eb3ng, ph\u1ee5c h\u1ed3i n\u0103ng l\u01b0\u1ee3ng v\u00e0 t\u1eadn h\u01b0\u1edfng th\u01b0 gi\u00e3n s\u00e2u.<\/p>\n<p>Sau khi k\u1ebft th\u00fac li\u1ec7u tr\u00ecnh, th\u01b0 gi\u00e3n t\u1ea1i kh\u00f4ng gian ri\u00eang d\u00e0nh cho th\u01b0 gi\u00e3n, gi\u00fap b\u1ea1n th\u1ea3 l\u1ecfng, h\u00edt th\u1edf s\u00e2u v\u00e0 t\u1eadn h\u01b0\u1edfng tr\u1ecdn v\u1eb9n kho\u1ea3nh kh\u1eafc.<\/p>\n","protected":false},"excerpt":{"rendered":"<p>B\u01b0\u1edbc v\u00e0o m\u1ed9t \u1ed1c \u0111\u1ea3o y\u00ean b\u00ecnh ngay gi\u1eefa l\u00f2ng London. Spa kh\u00e1ch s\u1ea1n c\u1ee7a ch\u00fang t\u00f4i \u0111\u01b0\u1ee3c thi\u1ebft k\u1ebf \u0111\u1ec3 mang l\u1ea1i tr\u1ea3i nghi\u1ec7m ch\u0103m s\u00f3c s\u1ee9c kh\u1ecfe tinh t\u1ebf, n\u01a1i th\u01b0 gi\u00e3n, tho\u1ea3i m\u00e1i v\u00e0 c\u00e2n b\u1eb1ng h\u00f2a quy\u1ec7n trong kh\u00f4ng gian thanh l\u1ecbch v\u00e0 y\u00ean t\u0129nh. Ch\u1ecdn t\u1eeb b\u1ed9 s\u01b0u t\u1eadp c\u00e1c [&hellip;]<\/p>\n","protected":false},"author":2,"featured_media":0,"parent":928,"menu_order":100,"comment_status":"closed","ping_status":"closed","template":"template-spa.php","meta":{"footnotes":""},"categories":[],"class_list":["post-929","page","type-page","status-publish","hentry"],"acf":[],"yoast_head":"<!-- This site is optimized with the Yoast SEO plugin v26.9 - https:\/\/yoast.com\/product\/yoast-seo-wordpress\/ -->\n<title>SPA - Ibis Styles V2 demo site<\/title>\n<meta name=\"robots\" content=\"noindex, follow, max-snippet:-1, max-image-preview:large, max-video-preview:-1\" \/>\n<meta property=\"og:locale\" content=\"vi_VN\" \/>\n<meta property=\"og:type\" content=\"article\" \/>\n<meta property=\"og:title\" content=\"SPA - Ibis Styles V2 demo site\" \/>\n<meta property=\"og:description\" content=\"B\u01b0\u1edbc v\u00e0o m\u1ed9t \u1ed1c \u0111\u1ea3o y\u00ean b\u00ecnh ngay gi\u1eefa l\u00f2ng London. Spa kh\u00e1ch s\u1ea1n c\u1ee7a ch\u00fang t\u00f4i \u0111\u01b0\u1ee3c thi\u1ebft k\u1ebf \u0111\u1ec3 mang l\u1ea1i tr\u1ea3i nghi\u1ec7m ch\u0103m s\u00f3c s\u1ee9c kh\u1ecfe tinh t\u1ebf, n\u01a1i th\u01b0 gi\u00e3n, tho\u1ea3i m\u00e1i v\u00e0 c\u00e2n b\u1eb1ng h\u00f2a quy\u1ec7n trong kh\u00f4ng gian thanh l\u1ecbch v\u00e0 y\u00ean t\u0129nh. Ch\u1ecdn t\u1eeb b\u1ed9 s\u01b0u t\u1eadp c\u00e1c [&hellip;]\" \/>\n<meta property=\"og:url\" content=\"https:\/\/ibisstyles.accorv2prod.decms.eu\/vi\/thalasso-spa-suc-khoe\/spa\/\" \/>\n<meta property=\"og:site_name\" content=\"Ibis Styles V2 demo site\" \/>\n<meta property=\"article:modified_time\" content=\"2026-01-02T18:17:15+00:00\" \/>\n<meta name=\"twitter:card\" content=\"summary_large_image\" \/>\n<meta name=\"twitter:label1\" content=\"Est. reading time\" \/>\n\t<meta name=\"twitter:data1\" content=\"1 minute\" \/>\n<script type=\"application\/ld+json\" class=\"yoast-schema-graph\">{\"@context\":\"https:\/\/schema.org\",\"@graph\":[{\"@type\":\"WebPage\",\"@id\":\"https:\/\/ibisstyles.accorv2prod.decms.eu\/vi\/thalasso-spa-suc-khoe\/spa\/\",\"url\":\"https:\/\/ibisstyles.accorv2prod.decms.eu\/vi\/thalasso-spa-suc-khoe\/spa\/\",\"name\":\"SPA - Ibis Styles V2 demo site\",\"isPartOf\":{\"@id\":\"https:\/\/ibisstyles.accorv2prod.decms.eu\/#website\"},\"datePublished\":\"2021-07-01T09:11:27+00:00\",\"dateModified\":\"2026-01-02T18:17:15+00:00\",\"breadcrumb\":{\"@id\":\"https:\/\/ibisstyles.accorv2prod.decms.eu\/vi\/thalasso-spa-suc-khoe\/spa\/#breadcrumb\"},\"inLanguage\":\"vi-VN\",\"potentialAction\":[{\"@type\":\"ReadAction\",\"target\":[\"https:\/\/ibisstyles.accorv2prod.decms.eu\/vi\/thalasso-spa-suc-khoe\/spa\/\"]}]},{\"@type\":\"BreadcrumbList\",\"@id\":\"https:\/\/ibisstyles.accorv2prod.decms.eu\/vi\/thalasso-spa-suc-khoe\/spa\/#breadcrumb\",\"itemListElement\":[{\"@type\":\"ListItem\",\"position\":1,\"name\":\"Home\",\"item\":\"https:\/\/ibisstyles.accorv2prod.decms.eu\/vi\/\"},{\"@type\":\"ListItem\",\"position\":2,\"name\":\"Thalasso SPA &#038; S\u1ee9c kh\u1ecfe\",\"item\":\"https:\/\/ibisstyles.accorv2prod.decms.eu\/vi\/thalasso-spa-suc-khoe\/\"},{\"@type\":\"ListItem\",\"position\":3,\"name\":\"SPA\"}]},{\"@type\":\"WebSite\",\"@id\":\"https:\/\/ibisstyles.accorv2prod.decms.eu\/#website\",\"url\":\"https:\/\/ibisstyles.accorv2prod.decms.eu\/\",\"name\":\"Ibis Styles V2 demo site\",\"description\":\"Just another Matteo Canever Site Sites site\",\"potentialAction\":[{\"@type\":\"SearchAction\",\"target\":{\"@type\":\"EntryPoint\",\"urlTemplate\":\"https:\/\/ibisstyles.accorv2prod.decms.eu\/?s={search_term_string}\"},\"query-input\":{\"@type\":\"PropertyValueSpecification\",\"valueRequired\":true,\"valueName\":\"search_term_string\"}}],\"inLanguage\":\"vi-VN\"}]}<\/script>\n<!-- \/ Yoast SEO plugin. -->","yoast_head_json":{"title":"SPA - Ibis Styles V2 demo site","robots":{"index":"noindex","follow":"follow","max-snippet":"max-snippet:-1","max-image-preview":"max-image-preview:large","max-video-preview":"max-video-preview:-1"},"og_locale":"vi_VN","og_type":"article","og_title":"SPA - Ibis Styles V2 demo site","og_description":"B\u01b0\u1edbc v\u00e0o m\u1ed9t \u1ed1c \u0111\u1ea3o y\u00ean b\u00ecnh ngay gi\u1eefa l\u00f2ng London. Spa kh\u00e1ch s\u1ea1n c\u1ee7a ch\u00fang t\u00f4i \u0111\u01b0\u1ee3c thi\u1ebft k\u1ebf \u0111\u1ec3 mang l\u1ea1i tr\u1ea3i nghi\u1ec7m ch\u0103m s\u00f3c s\u1ee9c kh\u1ecfe tinh t\u1ebf, n\u01a1i th\u01b0 gi\u00e3n, tho\u1ea3i m\u00e1i v\u00e0 c\u00e2n b\u1eb1ng h\u00f2a quy\u1ec7n trong kh\u00f4ng gian thanh l\u1ecbch v\u00e0 y\u00ean t\u0129nh. Ch\u1ecdn t\u1eeb b\u1ed9 s\u01b0u t\u1eadp c\u00e1c [&hellip;]","og_url":"https:\/\/ibisstyles.accorv2prod.decms.eu\/vi\/thalasso-spa-suc-khoe\/spa\/","og_site_name":"Ibis Styles V2 demo site","article_modified_time":"2026-01-02T18:17:15+00:00","twitter_card":"summary_large_image","twitter_misc":{"Est. reading time":"1 minute"},"schema":{"@context":"https:\/\/schema.org","@graph":[{"@type":"WebPage","@id":"https:\/\/ibisstyles.accorv2prod.decms.eu\/vi\/thalasso-spa-suc-khoe\/spa\/","url":"https:\/\/ibisstyles.accorv2prod.decms.eu\/vi\/thalasso-spa-suc-khoe\/spa\/","name":"SPA - Ibis Styles V2 demo site","isPartOf":{"@id":"https:\/\/ibisstyles.accorv2prod.decms.eu\/#website"},"datePublished":"2021-07-01T09:11:27+00:00","dateModified":"2026-01-02T18:17:15+00:00","breadcrumb":{"@id":"https:\/\/ibisstyles.accorv2prod.decms.eu\/vi\/thalasso-spa-suc-khoe\/spa\/#breadcrumb"},"inLanguage":"vi-VN","potentialAction":[{"@type":"ReadAction","target":["https:\/\/ibisstyles.accorv2prod.decms.eu\/vi\/thalasso-spa-suc-khoe\/spa\/"]}]},{"@type":"BreadcrumbList","@id":"https:\/\/ibisstyles.accorv2prod.decms.eu\/vi\/thalasso-spa-suc-khoe\/spa\/#breadcrumb","itemListElement":[{"@type":"ListItem","position":1,"name":"Home","item":"https:\/\/ibisstyles.accorv2prod.decms.eu\/vi\/"},{"@type":"ListItem","position":2,"name":"Thalasso SPA &#038; S\u1ee9c kh\u1ecfe","item":"https:\/\/ibisstyles.accorv2prod.decms.eu\/vi\/thalasso-spa-suc-khoe\/"},{"@type":"ListItem","position":3,"name":"SPA"}]},{"@type":"WebSite","@id":"https:\/\/ibisstyles.accorv2prod.decms.eu\/#website","url":"https:\/\/ibisstyles.accorv2prod.decms.eu\/","name":"Ibis Styles V2 demo site","description":"Just another Matteo Canever Site Sites site","potentialAction":[{"@type":"SearchAction","target":{"@type":"EntryPoint","urlTemplate":"https:\/\/ibisstyles.accorv2prod.decms.eu\/?s={search_term_string}"},"query-input":{"@type":"PropertyValueSpecification","valueRequired":true,"valueName":"search_term_string"}}],"inLanguage":"vi-VN"}]}},"_links":{"self":[{"href":"https:\/\/ibisstyles.accorv2prod.decms.eu\/vi\/wp-json\/wp\/v2\/pages\/929","targetHints":{"allow":["GET"]}}],"collection":[{"href":"https:\/\/ibisstyles.accorv2prod.decms.eu\/vi\/wp-json\/wp\/v2\/pages"}],"about":[{"href":"https:\/\/ibisstyles.accorv2prod.decms.eu\/vi\/wp-json\/wp\/v2\/types\/page"}],"author":[{"embeddable":true,"href":"https:\/\/ibisstyles.accorv2prod.decms.eu\/vi\/wp-json\/wp\/v2\/users\/2"}],"replies":[{"embeddable":true,"href":"https:\/\/ibisstyles.accorv2prod.decms.eu\/vi\/wp-json\/wp\/v2\/comments?post=929"}],"version-history":[{"count":0,"href":"https:\/\/ibisstyles.accorv2prod.decms.eu\/vi\/wp-json\/wp\/v2\/pages\/929\/revisions"}],"up":[{"embeddable":true,"href":"https:\/\/ibisstyles.accorv2prod.decms.eu\/vi\/wp-json\/wp\/v2\/pages\/928"}],"wp:attachment":[{"href":"https:\/\/ibisstyles.accorv2prod.decms.eu\/vi\/wp-json\/wp\/v2\/media?parent=929"}],"wp:term":[{"taxonomy":"category","embeddable":true,"href":"https:\/\/ibisstyles.accorv2prod.decms.eu\/vi\/wp-json\/wp\/v2\/categories?post=929"}],"curies":[{"name":"wp","href":"https:\/\/api.w.org\/{rel}","templated":true}]}}