{"id":935,"date":"2021-07-01T09:42:27","date_gmt":"2021-07-01T09:42:27","guid":{"rendered":"https:\/\/ibisstyles.accorv2prod.decms.eu\/?page_id=935"},"modified":"2025-10-14T16:46:13","modified_gmt":"2025-10-14T16:46:13","slug":"chung-ta-dang-o-dau","status":"publish","type":"page","link":"https:\/\/ibisstyles.accorv2prod.decms.eu\/vi\/chung-ta-dang-o-dau\/","title":{"rendered":"Ch\u00fang t\u00f4i \u1edf \u0111\u00e2u"},"content":{"rendered":"<p>Kh\u00e1ch s\u1ea1n c\u1ee7a ch\u00fang t\u00f4i n\u1eb1m \u1edf m\u1ed9t trong nh\u1eefng khu v\u1ef1c s\u1ea7m u\u1ea5t v\u00e0 trung t\u00e2m nh\u1ea5t c\u1ee7a th\u00e0nh ph\u1ed1, d\u1ec5 d\u00e0ng ti\u1ebfp c\u1eadn t\u1ea5t c\u1ea3 c\u00e1c \u0111i\u1ec3m tham quan \u1edf London. D\u00f9 b\u1ea1n \u0111\u1ebfn v\u00ec c\u00f4ng vi\u1ec7c hay gi\u1ea3i tr\u00ed, v\u1ecb tr\u00ed tuy\u1ec7t v\u1eddi c\u1ee7a ch\u00fang t\u00f4i gi\u00fap b\u1ea1n d\u1ec5 d\u00e0ng kh\u00e1m ph\u00e1 c\u00e1c \u0111i\u1ec3m tham quan n\u1ed5i b\u1eadt c\u1ee7a th\u00e0nh ph\u1ed1.<\/p>\n<p>Ch\u00fang t\u00f4i ch\u1ec9 c\u00e1ch c\u00e1c \u0111\u1ecba danh n\u1ed5i ti\u1ebfng nh\u01b0 B\u1ea3o t\u00e0ng Anh, <strong>Covent Garden<\/strong> v\u00e0 c\u00e1c nh\u00e0 h\u00e1t West End v\u00e0i b\u01b0\u1edbc ch\u00e2n. Kh\u00e1ch s\u1ea1n c\u0169ng n\u1eb1m g\u1ea7n c\u00e1c trung t\u00e2m giao th\u00f4ng l\u1edbn, v\u1edbi c\u00e1c ga t\u00e0u \u0111i\u1ec7n ng\u1ea7m g\u1ea7n \u0111\u00f3 k\u1ebft n\u1ed1i b\u1ea1n \u0111\u1ebfn m\u1ecdi ng\u00f3c ng\u00e1ch c\u1ee7a th\u00e0nh ph\u1ed1. <strong>Oxford Street<\/strong>, <strong>Soho<\/strong> v\u00e0 d\u00f2ng s\u00f4ng <strong>Thames<\/strong> bi\u1ec3u t\u01b0\u1ee3ng \u0111\u1ec1u trong t\u1ea7m tay, gi\u00fap b\u1ea1n d\u1ec5 d\u00e0ng tr\u1ea3i nghi\u1ec7m nh\u1eefng \u0111i\u1ec1u t\u1ed1t nh\u1ea5t c\u1ee7a London.<\/p>\n<p>Ngh\u1ec9 t\u1ea1i kh\u00e1ch s\u1ea1n ch\u00fang t\u00f4i v\u00e0 t\u1eadn h\u01b0\u1edfng s\u1ef1 k\u1ebft h\u1ee3p ho\u00e0n h\u1ea3o gi\u1eefa ti\u1ec7n nghi, phong c\u00e1ch v\u00e0 v\u1ecb tr\u00ed t\u1ea1i Ibis Styles London!<\/p>\n","protected":false},"excerpt":{"rendered":"<p>Kh\u00e1ch s\u1ea1n c\u1ee7a ch\u00fang t\u00f4i n\u1eb1m \u1edf m\u1ed9t trong nh\u1eefng khu v\u1ef1c s\u1ea7m u\u1ea5t v\u00e0 trung t\u00e2m nh\u1ea5t c\u1ee7a th\u00e0nh ph\u1ed1, d\u1ec5 d\u00e0ng ti\u1ebfp c\u1eadn t\u1ea5t c\u1ea3 c\u00e1c \u0111i\u1ec3m tham quan \u1edf London. D\u00f9 b\u1ea1n \u0111\u1ebfn v\u00ec c\u00f4ng vi\u1ec7c hay gi\u1ea3i tr\u00ed, v\u1ecb tr\u00ed tuy\u1ec7t v\u1eddi c\u1ee7a ch\u00fang t\u00f4i gi\u00fap b\u1ea1n d\u1ec5 d\u00e0ng kh\u00e1m ph\u00e1 [&hellip;]<\/p>\n","protected":false},"author":2,"featured_media":0,"parent":0,"menu_order":700,"comment_status":"closed","ping_status":"closed","template":"template-location.php","meta":{"footnotes":""},"categories":[],"class_list":["post-935","page","type-page","status-publish","hentry"],"acf":[],"yoast_head":"<!-- This site is optimized with the Yoast SEO plugin v26.9 - https:\/\/yoast.com\/product\/yoast-seo-wordpress\/ -->\n<title>Ch\u00fang t\u00f4i \u1edf \u0111\u00e2u - Ibis Styles V2 demo site<\/title>\n<meta name=\"robots\" content=\"noindex, follow, max-snippet:-1, max-image-preview:large, max-video-preview:-1\" \/>\n<meta property=\"og:locale\" content=\"vi_VN\" \/>\n<meta property=\"og:type\" content=\"article\" \/>\n<meta property=\"og:title\" content=\"Ch\u00fang t\u00f4i \u1edf \u0111\u00e2u - Ibis Styles V2 demo site\" \/>\n<meta property=\"og:description\" content=\"Kh\u00e1ch s\u1ea1n c\u1ee7a ch\u00fang t\u00f4i n\u1eb1m \u1edf m\u1ed9t trong nh\u1eefng khu v\u1ef1c s\u1ea7m u\u1ea5t v\u00e0 trung t\u00e2m nh\u1ea5t c\u1ee7a th\u00e0nh ph\u1ed1, d\u1ec5 d\u00e0ng ti\u1ebfp c\u1eadn t\u1ea5t c\u1ea3 c\u00e1c \u0111i\u1ec3m tham quan \u1edf London. D\u00f9 b\u1ea1n \u0111\u1ebfn v\u00ec c\u00f4ng vi\u1ec7c hay gi\u1ea3i tr\u00ed, v\u1ecb tr\u00ed tuy\u1ec7t v\u1eddi c\u1ee7a ch\u00fang t\u00f4i gi\u00fap b\u1ea1n d\u1ec5 d\u00e0ng kh\u00e1m ph\u00e1 [&hellip;]\" \/>\n<meta property=\"og:url\" content=\"https:\/\/ibisstyles.accorv2prod.decms.eu\/vi\/chung-ta-dang-o-dau\/\" \/>\n<meta property=\"og:site_name\" content=\"Ibis Styles V2 demo site\" \/>\n<meta property=\"article:modified_time\" content=\"2025-10-14T16:46:13+00:00\" \/>\n<meta name=\"twitter:card\" content=\"summary_large_image\" \/>\n<meta name=\"twitter:label1\" content=\"Est. reading time\" \/>\n\t<meta name=\"twitter:data1\" content=\"1 minute\" \/>\n<script type=\"application\/ld+json\" class=\"yoast-schema-graph\">{\"@context\":\"https:\/\/schema.org\",\"@graph\":[{\"@type\":\"WebPage\",\"@id\":\"https:\/\/ibisstyles.accorv2prod.decms.eu\/vi\/chung-ta-dang-o-dau\/\",\"url\":\"https:\/\/ibisstyles.accorv2prod.decms.eu\/vi\/chung-ta-dang-o-dau\/\",\"name\":\"Ch\u00fang t\u00f4i \u1edf \u0111\u00e2u - Ibis Styles V2 demo site\",\"isPartOf\":{\"@id\":\"https:\/\/ibisstyles.accorv2prod.decms.eu\/#website\"},\"datePublished\":\"2021-07-01T09:42:27+00:00\",\"dateModified\":\"2025-10-14T16:46:13+00:00\",\"breadcrumb\":{\"@id\":\"https:\/\/ibisstyles.accorv2prod.decms.eu\/vi\/chung-ta-dang-o-dau\/#breadcrumb\"},\"inLanguage\":\"vi-VN\",\"potentialAction\":[{\"@type\":\"ReadAction\",\"target\":[\"https:\/\/ibisstyles.accorv2prod.decms.eu\/vi\/chung-ta-dang-o-dau\/\"]}]},{\"@type\":\"BreadcrumbList\",\"@id\":\"https:\/\/ibisstyles.accorv2prod.decms.eu\/vi\/chung-ta-dang-o-dau\/#breadcrumb\",\"itemListElement\":[{\"@type\":\"ListItem\",\"position\":1,\"name\":\"Home\",\"item\":\"https:\/\/ibisstyles.accorv2prod.decms.eu\/vi\/\"},{\"@type\":\"ListItem\",\"position\":2,\"name\":\"Ch\u00fang t\u00f4i \u1edf \u0111\u00e2u\"}]},{\"@type\":\"WebSite\",\"@id\":\"https:\/\/ibisstyles.accorv2prod.decms.eu\/#website\",\"url\":\"https:\/\/ibisstyles.accorv2prod.decms.eu\/\",\"name\":\"Ibis Styles V2 demo site\",\"description\":\"Just another Matteo Canever Site Sites site\",\"potentialAction\":[{\"@type\":\"SearchAction\",\"target\":{\"@type\":\"EntryPoint\",\"urlTemplate\":\"https:\/\/ibisstyles.accorv2prod.decms.eu\/?s={search_term_string}\"},\"query-input\":{\"@type\":\"PropertyValueSpecification\",\"valueRequired\":true,\"valueName\":\"search_term_string\"}}],\"inLanguage\":\"vi-VN\"}]}<\/script>\n<!-- \/ Yoast SEO plugin. -->","yoast_head_json":{"title":"Ch\u00fang t\u00f4i \u1edf \u0111\u00e2u - Ibis Styles V2 demo site","robots":{"index":"noindex","follow":"follow","max-snippet":"max-snippet:-1","max-image-preview":"max-image-preview:large","max-video-preview":"max-video-preview:-1"},"og_locale":"vi_VN","og_type":"article","og_title":"Ch\u00fang t\u00f4i \u1edf \u0111\u00e2u - Ibis Styles V2 demo site","og_description":"Kh\u00e1ch s\u1ea1n c\u1ee7a ch\u00fang t\u00f4i n\u1eb1m \u1edf m\u1ed9t trong nh\u1eefng khu v\u1ef1c s\u1ea7m u\u1ea5t v\u00e0 trung t\u00e2m nh\u1ea5t c\u1ee7a th\u00e0nh ph\u1ed1, d\u1ec5 d\u00e0ng ti\u1ebfp c\u1eadn t\u1ea5t c\u1ea3 c\u00e1c \u0111i\u1ec3m tham quan \u1edf London. D\u00f9 b\u1ea1n \u0111\u1ebfn v\u00ec c\u00f4ng vi\u1ec7c hay gi\u1ea3i tr\u00ed, v\u1ecb tr\u00ed tuy\u1ec7t v\u1eddi c\u1ee7a ch\u00fang t\u00f4i gi\u00fap b\u1ea1n d\u1ec5 d\u00e0ng kh\u00e1m ph\u00e1 [&hellip;]","og_url":"https:\/\/ibisstyles.accorv2prod.decms.eu\/vi\/chung-ta-dang-o-dau\/","og_site_name":"Ibis Styles V2 demo site","article_modified_time":"2025-10-14T16:46:13+00:00","twitter_card":"summary_large_image","twitter_misc":{"Est. reading time":"1 minute"},"schema":{"@context":"https:\/\/schema.org","@graph":[{"@type":"WebPage","@id":"https:\/\/ibisstyles.accorv2prod.decms.eu\/vi\/chung-ta-dang-o-dau\/","url":"https:\/\/ibisstyles.accorv2prod.decms.eu\/vi\/chung-ta-dang-o-dau\/","name":"Ch\u00fang t\u00f4i \u1edf \u0111\u00e2u - Ibis Styles V2 demo site","isPartOf":{"@id":"https:\/\/ibisstyles.accorv2prod.decms.eu\/#website"},"datePublished":"2021-07-01T09:42:27+00:00","dateModified":"2025-10-14T16:46:13+00:00","breadcrumb":{"@id":"https:\/\/ibisstyles.accorv2prod.decms.eu\/vi\/chung-ta-dang-o-dau\/#breadcrumb"},"inLanguage":"vi-VN","potentialAction":[{"@type":"ReadAction","target":["https:\/\/ibisstyles.accorv2prod.decms.eu\/vi\/chung-ta-dang-o-dau\/"]}]},{"@type":"BreadcrumbList","@id":"https:\/\/ibisstyles.accorv2prod.decms.eu\/vi\/chung-ta-dang-o-dau\/#breadcrumb","itemListElement":[{"@type":"ListItem","position":1,"name":"Home","item":"https:\/\/ibisstyles.accorv2prod.decms.eu\/vi\/"},{"@type":"ListItem","position":2,"name":"Ch\u00fang t\u00f4i \u1edf \u0111\u00e2u"}]},{"@type":"WebSite","@id":"https:\/\/ibisstyles.accorv2prod.decms.eu\/#website","url":"https:\/\/ibisstyles.accorv2prod.decms.eu\/","name":"Ibis Styles V2 demo site","description":"Just another Matteo Canever Site Sites site","potentialAction":[{"@type":"SearchAction","target":{"@type":"EntryPoint","urlTemplate":"https:\/\/ibisstyles.accorv2prod.decms.eu\/?s={search_term_string}"},"query-input":{"@type":"PropertyValueSpecification","valueRequired":true,"valueName":"search_term_string"}}],"inLanguage":"vi-VN"}]}},"_links":{"self":[{"href":"https:\/\/ibisstyles.accorv2prod.decms.eu\/vi\/wp-json\/wp\/v2\/pages\/935","targetHints":{"allow":["GET"]}}],"collection":[{"href":"https:\/\/ibisstyles.accorv2prod.decms.eu\/vi\/wp-json\/wp\/v2\/pages"}],"about":[{"href":"https:\/\/ibisstyles.accorv2prod.decms.eu\/vi\/wp-json\/wp\/v2\/types\/page"}],"author":[{"embeddable":true,"href":"https:\/\/ibisstyles.accorv2prod.decms.eu\/vi\/wp-json\/wp\/v2\/users\/2"}],"replies":[{"embeddable":true,"href":"https:\/\/ibisstyles.accorv2prod.decms.eu\/vi\/wp-json\/wp\/v2\/comments?post=935"}],"version-history":[{"count":0,"href":"https:\/\/ibisstyles.accorv2prod.decms.eu\/vi\/wp-json\/wp\/v2\/pages\/935\/revisions"}],"wp:attachment":[{"href":"https:\/\/ibisstyles.accorv2prod.decms.eu\/vi\/wp-json\/wp\/v2\/media?parent=935"}],"wp:term":[{"taxonomy":"category","embeddable":true,"href":"https:\/\/ibisstyles.accorv2prod.decms.eu\/vi\/wp-json\/wp\/v2\/categories?post=935"}],"curies":[{"name":"wp","href":"https:\/\/api.w.org\/{rel}","templated":true}]}}