{"id":937,"date":"2021-07-01T09:53:29","date_gmt":"2021-07-01T09:53:29","guid":{"rendered":"https:\/\/ibisstyles.accorv2prod.decms.eu\/?page_id=937"},"modified":"2025-11-13T16:14:24","modified_gmt":"2025-11-13T16:14:24","slug":"su-kien","status":"publish","type":"page","link":"https:\/\/ibisstyles.accorv2prod.decms.eu\/vi\/chung-ta-dang-o-dau\/su-kien\/","title":{"rendered":"S\u1ef1 ki\u1ec7n"},"content":{"rendered":"<p data-start=\"1748\" data-end=\"2024\">T\u1eeb c\u00e1c l\u1ec5 h\u1ed9i v\u0103n h\u00f3a \u0111\u1ebfn c\u00e1c bu\u1ed5i h\u00f2a nh\u1ea1c tr\u1ef1c ti\u1ebfp, t\u1eeb tri\u1ec3n l\u00e3m ngh\u1ec7 thu\u1eadt \u0111\u1ebfn c\u00e1c bu\u1ed5i bi\u1ec3u di\u1ec5n s\u00e2n kh\u1ea5u, m\u1ed7i g\u00f3c ph\u1ed1 \u0111\u1ec1u k\u1ec3 m\u1ed9t c\u00e2u chuy\u1ec7n kh\u00e1c nhau. Kh\u00e1m ph\u00e1 \u0111i\u1ec1u l\u00e0m n\u00ean s\u1ef1 \u0111\u1ed9c \u0111\u00e1o c\u1ee7a London v\u00e0 \u0111\u1ec3 b\u1ea3n th\u00e2n \u0111\u01b0\u1ee3c ng\u1ea1c nhi\u00ean b\u1edfi nh\u1eefng tr\u1ea3i nghi\u1ec7m ch\u1ec9 c\u00f3 th\u1ec3 c\u00f3 \u1edf \u0111\u00e2y.<\/p>\n","protected":false},"excerpt":{"rendered":"<p>T\u1eeb c\u00e1c l\u1ec5 h\u1ed9i v\u0103n h\u00f3a \u0111\u1ebfn c\u00e1c bu\u1ed5i h\u00f2a nh\u1ea1c tr\u1ef1c ti\u1ebfp, t\u1eeb tri\u1ec3n l\u00e3m ngh\u1ec7 thu\u1eadt \u0111\u1ebfn c\u00e1c bu\u1ed5i bi\u1ec3u di\u1ec5n s\u00e2n kh\u1ea5u, m\u1ed7i g\u00f3c ph\u1ed1 \u0111\u1ec1u k\u1ec3 m\u1ed9t c\u00e2u chuy\u1ec7n kh\u00e1c nhau. Kh\u00e1m ph\u00e1 \u0111i\u1ec1u l\u00e0m n\u00ean s\u1ef1 \u0111\u1ed9c \u0111\u00e1o c\u1ee7a London v\u00e0 \u0111\u1ec3 b\u1ea3n th\u00e2n \u0111\u01b0\u1ee3c ng\u1ea1c nhi\u00ean b\u1edfi nh\u1eefng tr\u1ea3i [&hellip;]<\/p>\n","protected":false},"author":2,"featured_media":0,"parent":935,"menu_order":100,"comment_status":"closed","ping_status":"closed","template":"template-events.php","meta":{"footnotes":""},"categories":[],"class_list":["post-937","page","type-page","status-publish","hentry"],"acf":[],"yoast_head":"<!-- This site is optimized with the Yoast SEO plugin v26.9 - https:\/\/yoast.com\/product\/yoast-seo-wordpress\/ -->\n<title>S\u1ef1 ki\u1ec7n - Ibis Styles V2 demo site<\/title>\n<meta name=\"robots\" content=\"noindex, follow, max-snippet:-1, max-image-preview:large, max-video-preview:-1\" \/>\n<meta property=\"og:locale\" content=\"vi_VN\" \/>\n<meta property=\"og:type\" content=\"article\" \/>\n<meta property=\"og:title\" content=\"S\u1ef1 ki\u1ec7n - Ibis Styles V2 demo site\" \/>\n<meta property=\"og:description\" content=\"T\u1eeb c\u00e1c l\u1ec5 h\u1ed9i v\u0103n h\u00f3a \u0111\u1ebfn c\u00e1c bu\u1ed5i h\u00f2a nh\u1ea1c tr\u1ef1c ti\u1ebfp, t\u1eeb tri\u1ec3n l\u00e3m ngh\u1ec7 thu\u1eadt \u0111\u1ebfn c\u00e1c bu\u1ed5i bi\u1ec3u di\u1ec5n s\u00e2n kh\u1ea5u, m\u1ed7i g\u00f3c ph\u1ed1 \u0111\u1ec1u k\u1ec3 m\u1ed9t c\u00e2u chuy\u1ec7n kh\u00e1c nhau. Kh\u00e1m ph\u00e1 \u0111i\u1ec1u l\u00e0m n\u00ean s\u1ef1 \u0111\u1ed9c \u0111\u00e1o c\u1ee7a London v\u00e0 \u0111\u1ec3 b\u1ea3n th\u00e2n \u0111\u01b0\u1ee3c ng\u1ea1c nhi\u00ean b\u1edfi nh\u1eefng tr\u1ea3i [&hellip;]\" \/>\n<meta property=\"og:url\" content=\"https:\/\/ibisstyles.accorv2prod.decms.eu\/vi\/chung-ta-dang-o-dau\/su-kien\/\" \/>\n<meta property=\"og:site_name\" content=\"Ibis Styles V2 demo site\" \/>\n<meta property=\"article:modified_time\" content=\"2025-11-13T16:14:24+00:00\" \/>\n<meta name=\"twitter:card\" content=\"summary_large_image\" \/>\n<meta name=\"twitter:label1\" content=\"Est. reading time\" \/>\n\t<meta name=\"twitter:data1\" content=\"1 minute\" \/>\n<script type=\"application\/ld+json\" class=\"yoast-schema-graph\">{\"@context\":\"https:\/\/schema.org\",\"@graph\":[{\"@type\":\"WebPage\",\"@id\":\"https:\/\/ibisstyles.accorv2prod.decms.eu\/vi\/chung-ta-dang-o-dau\/su-kien\/\",\"url\":\"https:\/\/ibisstyles.accorv2prod.decms.eu\/vi\/chung-ta-dang-o-dau\/su-kien\/\",\"name\":\"S\u1ef1 ki\u1ec7n - Ibis Styles V2 demo site\",\"isPartOf\":{\"@id\":\"https:\/\/ibisstyles.accorv2prod.decms.eu\/#website\"},\"datePublished\":\"2021-07-01T09:53:29+00:00\",\"dateModified\":\"2025-11-13T16:14:24+00:00\",\"breadcrumb\":{\"@id\":\"https:\/\/ibisstyles.accorv2prod.decms.eu\/vi\/chung-ta-dang-o-dau\/su-kien\/#breadcrumb\"},\"inLanguage\":\"vi-VN\",\"potentialAction\":[{\"@type\":\"ReadAction\",\"target\":[\"https:\/\/ibisstyles.accorv2prod.decms.eu\/vi\/chung-ta-dang-o-dau\/su-kien\/\"]}]},{\"@type\":\"BreadcrumbList\",\"@id\":\"https:\/\/ibisstyles.accorv2prod.decms.eu\/vi\/chung-ta-dang-o-dau\/su-kien\/#breadcrumb\",\"itemListElement\":[{\"@type\":\"ListItem\",\"position\":1,\"name\":\"Home\",\"item\":\"https:\/\/ibisstyles.accorv2prod.decms.eu\/vi\/\"},{\"@type\":\"ListItem\",\"position\":2,\"name\":\"Ch\u00fang t\u00f4i \u1edf \u0111\u00e2u\",\"item\":\"https:\/\/ibisstyles.accorv2prod.decms.eu\/vi\/chung-ta-dang-o-dau\/\"},{\"@type\":\"ListItem\",\"position\":3,\"name\":\"S\u1ef1 ki\u1ec7n\"}]},{\"@type\":\"WebSite\",\"@id\":\"https:\/\/ibisstyles.accorv2prod.decms.eu\/#website\",\"url\":\"https:\/\/ibisstyles.accorv2prod.decms.eu\/\",\"name\":\"Ibis Styles V2 demo site\",\"description\":\"Just another Matteo Canever Site Sites site\",\"potentialAction\":[{\"@type\":\"SearchAction\",\"target\":{\"@type\":\"EntryPoint\",\"urlTemplate\":\"https:\/\/ibisstyles.accorv2prod.decms.eu\/?s={search_term_string}\"},\"query-input\":{\"@type\":\"PropertyValueSpecification\",\"valueRequired\":true,\"valueName\":\"search_term_string\"}}],\"inLanguage\":\"vi-VN\"}]}<\/script>\n<!-- \/ Yoast SEO plugin. -->","yoast_head_json":{"title":"S\u1ef1 ki\u1ec7n - Ibis Styles V2 demo site","robots":{"index":"noindex","follow":"follow","max-snippet":"max-snippet:-1","max-image-preview":"max-image-preview:large","max-video-preview":"max-video-preview:-1"},"og_locale":"vi_VN","og_type":"article","og_title":"S\u1ef1 ki\u1ec7n - Ibis Styles V2 demo site","og_description":"T\u1eeb c\u00e1c l\u1ec5 h\u1ed9i v\u0103n h\u00f3a \u0111\u1ebfn c\u00e1c bu\u1ed5i h\u00f2a nh\u1ea1c tr\u1ef1c ti\u1ebfp, t\u1eeb tri\u1ec3n l\u00e3m ngh\u1ec7 thu\u1eadt \u0111\u1ebfn c\u00e1c bu\u1ed5i bi\u1ec3u di\u1ec5n s\u00e2n kh\u1ea5u, m\u1ed7i g\u00f3c ph\u1ed1 \u0111\u1ec1u k\u1ec3 m\u1ed9t c\u00e2u chuy\u1ec7n kh\u00e1c nhau. Kh\u00e1m ph\u00e1 \u0111i\u1ec1u l\u00e0m n\u00ean s\u1ef1 \u0111\u1ed9c \u0111\u00e1o c\u1ee7a London v\u00e0 \u0111\u1ec3 b\u1ea3n th\u00e2n \u0111\u01b0\u1ee3c ng\u1ea1c nhi\u00ean b\u1edfi nh\u1eefng tr\u1ea3i [&hellip;]","og_url":"https:\/\/ibisstyles.accorv2prod.decms.eu\/vi\/chung-ta-dang-o-dau\/su-kien\/","og_site_name":"Ibis Styles V2 demo site","article_modified_time":"2025-11-13T16:14:24+00:00","twitter_card":"summary_large_image","twitter_misc":{"Est. reading time":"1 minute"},"schema":{"@context":"https:\/\/schema.org","@graph":[{"@type":"WebPage","@id":"https:\/\/ibisstyles.accorv2prod.decms.eu\/vi\/chung-ta-dang-o-dau\/su-kien\/","url":"https:\/\/ibisstyles.accorv2prod.decms.eu\/vi\/chung-ta-dang-o-dau\/su-kien\/","name":"S\u1ef1 ki\u1ec7n - Ibis Styles V2 demo site","isPartOf":{"@id":"https:\/\/ibisstyles.accorv2prod.decms.eu\/#website"},"datePublished":"2021-07-01T09:53:29+00:00","dateModified":"2025-11-13T16:14:24+00:00","breadcrumb":{"@id":"https:\/\/ibisstyles.accorv2prod.decms.eu\/vi\/chung-ta-dang-o-dau\/su-kien\/#breadcrumb"},"inLanguage":"vi-VN","potentialAction":[{"@type":"ReadAction","target":["https:\/\/ibisstyles.accorv2prod.decms.eu\/vi\/chung-ta-dang-o-dau\/su-kien\/"]}]},{"@type":"BreadcrumbList","@id":"https:\/\/ibisstyles.accorv2prod.decms.eu\/vi\/chung-ta-dang-o-dau\/su-kien\/#breadcrumb","itemListElement":[{"@type":"ListItem","position":1,"name":"Home","item":"https:\/\/ibisstyles.accorv2prod.decms.eu\/vi\/"},{"@type":"ListItem","position":2,"name":"Ch\u00fang t\u00f4i \u1edf \u0111\u00e2u","item":"https:\/\/ibisstyles.accorv2prod.decms.eu\/vi\/chung-ta-dang-o-dau\/"},{"@type":"ListItem","position":3,"name":"S\u1ef1 ki\u1ec7n"}]},{"@type":"WebSite","@id":"https:\/\/ibisstyles.accorv2prod.decms.eu\/#website","url":"https:\/\/ibisstyles.accorv2prod.decms.eu\/","name":"Ibis Styles V2 demo site","description":"Just another Matteo Canever Site Sites site","potentialAction":[{"@type":"SearchAction","target":{"@type":"EntryPoint","urlTemplate":"https:\/\/ibisstyles.accorv2prod.decms.eu\/?s={search_term_string}"},"query-input":{"@type":"PropertyValueSpecification","valueRequired":true,"valueName":"search_term_string"}}],"inLanguage":"vi-VN"}]}},"_links":{"self":[{"href":"https:\/\/ibisstyles.accorv2prod.decms.eu\/vi\/wp-json\/wp\/v2\/pages\/937","targetHints":{"allow":["GET"]}}],"collection":[{"href":"https:\/\/ibisstyles.accorv2prod.decms.eu\/vi\/wp-json\/wp\/v2\/pages"}],"about":[{"href":"https:\/\/ibisstyles.accorv2prod.decms.eu\/vi\/wp-json\/wp\/v2\/types\/page"}],"author":[{"embeddable":true,"href":"https:\/\/ibisstyles.accorv2prod.decms.eu\/vi\/wp-json\/wp\/v2\/users\/2"}],"replies":[{"embeddable":true,"href":"https:\/\/ibisstyles.accorv2prod.decms.eu\/vi\/wp-json\/wp\/v2\/comments?post=937"}],"version-history":[{"count":0,"href":"https:\/\/ibisstyles.accorv2prod.decms.eu\/vi\/wp-json\/wp\/v2\/pages\/937\/revisions"}],"up":[{"embeddable":true,"href":"https:\/\/ibisstyles.accorv2prod.decms.eu\/vi\/wp-json\/wp\/v2\/pages\/935"}],"wp:attachment":[{"href":"https:\/\/ibisstyles.accorv2prod.decms.eu\/vi\/wp-json\/wp\/v2\/media?parent=937"}],"wp:term":[{"taxonomy":"category","embeddable":true,"href":"https:\/\/ibisstyles.accorv2prod.decms.eu\/vi\/wp-json\/wp\/v2\/categories?post=937"}],"curies":[{"name":"wp","href":"https:\/\/api.w.org\/{rel}","templated":true}]}}