{"id":962,"date":"2021-07-01T14:29:44","date_gmt":"2021-07-01T14:29:44","guid":{"rendered":"https:\/\/ibisstyles.accorv2prod.decms.eu\/?page_id=962"},"modified":"2025-03-21T16:57:47","modified_gmt":"2025-03-21T16:57:47","slug":"tai-xuong-bao-chi-phuong-tien","status":"publish","type":"page","link":"https:\/\/ibisstyles.accorv2prod.decms.eu\/vi\/tai-xuong-bao-chi-phuong-tien\/","title":{"rendered":"T\u1ea3i xu\u1ed1ng b\u00e1o ch\u00ed &#038; ph\u01b0\u01a1ng ti\u1ec7n"},"content":{"rendered":"<p>Kh\u00e1m ph\u00e1 nh\u1eefng b\u00e0i b\u00e1o v\u00e0 gi\u1ea3i th\u01b0\u1edfng m\u1edbi nh\u1ea5t t\u00f4n vinh ch\u1ed7 \u1edf sang tr\u1ecdng, d\u1ecbch v\u1ee5 ho\u00e0n h\u1ea3o v\u00e0 v\u1ecb tr\u00ed \u0111\u1eafc \u0111\u1ecba c\u1ee7a ch\u00fang t\u00f4i ngay trung t\u00e2m London. Xem l\u00fd do t\u1ea1i sao kh\u00e1ch s\u1ea1n c\u1ee7a ch\u00fang t\u00f4i \u0111\u01b0\u1ee3c nh\u1eefng du kh\u00e1ch s\u00e0nh \u0111i\u1ec7u y\u00eau th\u00edch v\u00e0 \u0111\u01b0\u1ee3c ca ng\u1ee3i tr\u00ean c\u00e1c \u1ea5n ph\u1ea9m h\u00e0ng \u0111\u1ea7u tr\u00ean to\u00e0n th\u1ebf gi\u1edbi.<\/p>\n","protected":false},"excerpt":{"rendered":"<p>Kh\u00e1m ph\u00e1 nh\u1eefng b\u00e0i b\u00e1o v\u00e0 gi\u1ea3i th\u01b0\u1edfng m\u1edbi nh\u1ea5t t\u00f4n vinh ch\u1ed7 \u1edf sang tr\u1ecdng, d\u1ecbch v\u1ee5 ho\u00e0n h\u1ea3o v\u00e0 v\u1ecb tr\u00ed \u0111\u1eafc \u0111\u1ecba c\u1ee7a ch\u00fang t\u00f4i ngay trung t\u00e2m London. Xem l\u00fd do t\u1ea1i sao kh\u00e1ch s\u1ea1n c\u1ee7a ch\u00fang t\u00f4i \u0111\u01b0\u1ee3c nh\u1eefng du kh\u00e1ch s\u00e0nh \u0111i\u1ec7u y\u00eau th\u00edch v\u00e0 \u0111\u01b0\u1ee3c ca ng\u1ee3i tr\u00ean [&hellip;]<\/p>\n","protected":false},"author":2,"featured_media":0,"parent":0,"menu_order":1100,"comment_status":"closed","ping_status":"closed","template":"template-press.php","meta":{"footnotes":""},"categories":[],"class_list":["post-962","page","type-page","status-publish","hentry"],"acf":[],"yoast_head":"<!-- This site is optimized with the Yoast SEO plugin v26.9 - https:\/\/yoast.com\/product\/yoast-seo-wordpress\/ -->\n<title>T\u1ea3i xu\u1ed1ng b\u00e1o ch\u00ed &amp; ph\u01b0\u01a1ng ti\u1ec7n - Ibis Styles V2 demo site<\/title>\n<meta name=\"robots\" content=\"noindex, follow, max-snippet:-1, max-image-preview:large, max-video-preview:-1\" \/>\n<meta property=\"og:locale\" content=\"vi_VN\" \/>\n<meta property=\"og:type\" content=\"article\" \/>\n<meta property=\"og:title\" content=\"T\u1ea3i xu\u1ed1ng b\u00e1o ch\u00ed &amp; ph\u01b0\u01a1ng ti\u1ec7n - Ibis Styles V2 demo site\" \/>\n<meta property=\"og:description\" content=\"Kh\u00e1m ph\u00e1 nh\u1eefng b\u00e0i b\u00e1o v\u00e0 gi\u1ea3i th\u01b0\u1edfng m\u1edbi nh\u1ea5t t\u00f4n vinh ch\u1ed7 \u1edf sang tr\u1ecdng, d\u1ecbch v\u1ee5 ho\u00e0n h\u1ea3o v\u00e0 v\u1ecb tr\u00ed \u0111\u1eafc \u0111\u1ecba c\u1ee7a ch\u00fang t\u00f4i ngay trung t\u00e2m London. Xem l\u00fd do t\u1ea1i sao kh\u00e1ch s\u1ea1n c\u1ee7a ch\u00fang t\u00f4i \u0111\u01b0\u1ee3c nh\u1eefng du kh\u00e1ch s\u00e0nh \u0111i\u1ec7u y\u00eau th\u00edch v\u00e0 \u0111\u01b0\u1ee3c ca ng\u1ee3i tr\u00ean [&hellip;]\" \/>\n<meta property=\"og:url\" content=\"https:\/\/ibisstyles.accorv2prod.decms.eu\/vi\/tai-xuong-bao-chi-phuong-tien\/\" \/>\n<meta property=\"og:site_name\" content=\"Ibis Styles V2 demo site\" \/>\n<meta property=\"article:modified_time\" content=\"2025-03-21T16:57:47+00:00\" \/>\n<meta name=\"twitter:card\" content=\"summary_large_image\" \/>\n<meta name=\"twitter:label1\" content=\"Est. reading time\" \/>\n\t<meta name=\"twitter:data1\" content=\"1 minute\" \/>\n<script type=\"application\/ld+json\" class=\"yoast-schema-graph\">{\"@context\":\"https:\/\/schema.org\",\"@graph\":[{\"@type\":\"WebPage\",\"@id\":\"https:\/\/ibisstyles.accorv2prod.decms.eu\/vi\/tai-xuong-bao-chi-phuong-tien\/\",\"url\":\"https:\/\/ibisstyles.accorv2prod.decms.eu\/vi\/tai-xuong-bao-chi-phuong-tien\/\",\"name\":\"T\u1ea3i xu\u1ed1ng b\u00e1o ch\u00ed & ph\u01b0\u01a1ng ti\u1ec7n - Ibis Styles V2 demo site\",\"isPartOf\":{\"@id\":\"https:\/\/ibisstyles.accorv2prod.decms.eu\/#website\"},\"datePublished\":\"2021-07-01T14:29:44+00:00\",\"dateModified\":\"2025-03-21T16:57:47+00:00\",\"breadcrumb\":{\"@id\":\"https:\/\/ibisstyles.accorv2prod.decms.eu\/vi\/tai-xuong-bao-chi-phuong-tien\/#breadcrumb\"},\"inLanguage\":\"vi-VN\",\"potentialAction\":[{\"@type\":\"ReadAction\",\"target\":[\"https:\/\/ibisstyles.accorv2prod.decms.eu\/vi\/tai-xuong-bao-chi-phuong-tien\/\"]}]},{\"@type\":\"BreadcrumbList\",\"@id\":\"https:\/\/ibisstyles.accorv2prod.decms.eu\/vi\/tai-xuong-bao-chi-phuong-tien\/#breadcrumb\",\"itemListElement\":[{\"@type\":\"ListItem\",\"position\":1,\"name\":\"Home\",\"item\":\"https:\/\/ibisstyles.accorv2prod.decms.eu\/vi\/\"},{\"@type\":\"ListItem\",\"position\":2,\"name\":\"T\u1ea3i xu\u1ed1ng b\u00e1o ch\u00ed &#038; ph\u01b0\u01a1ng ti\u1ec7n\"}]},{\"@type\":\"WebSite\",\"@id\":\"https:\/\/ibisstyles.accorv2prod.decms.eu\/#website\",\"url\":\"https:\/\/ibisstyles.accorv2prod.decms.eu\/\",\"name\":\"Ibis Styles V2 demo site\",\"description\":\"Just another Matteo Canever Site Sites site\",\"potentialAction\":[{\"@type\":\"SearchAction\",\"target\":{\"@type\":\"EntryPoint\",\"urlTemplate\":\"https:\/\/ibisstyles.accorv2prod.decms.eu\/?s={search_term_string}\"},\"query-input\":{\"@type\":\"PropertyValueSpecification\",\"valueRequired\":true,\"valueName\":\"search_term_string\"}}],\"inLanguage\":\"vi-VN\"}]}<\/script>\n<!-- \/ Yoast SEO plugin. -->","yoast_head_json":{"title":"T\u1ea3i xu\u1ed1ng b\u00e1o ch\u00ed & ph\u01b0\u01a1ng ti\u1ec7n - Ibis Styles V2 demo site","robots":{"index":"noindex","follow":"follow","max-snippet":"max-snippet:-1","max-image-preview":"max-image-preview:large","max-video-preview":"max-video-preview:-1"},"og_locale":"vi_VN","og_type":"article","og_title":"T\u1ea3i xu\u1ed1ng b\u00e1o ch\u00ed & ph\u01b0\u01a1ng ti\u1ec7n - Ibis Styles V2 demo site","og_description":"Kh\u00e1m ph\u00e1 nh\u1eefng b\u00e0i b\u00e1o v\u00e0 gi\u1ea3i th\u01b0\u1edfng m\u1edbi nh\u1ea5t t\u00f4n vinh ch\u1ed7 \u1edf sang tr\u1ecdng, d\u1ecbch v\u1ee5 ho\u00e0n h\u1ea3o v\u00e0 v\u1ecb tr\u00ed \u0111\u1eafc \u0111\u1ecba c\u1ee7a ch\u00fang t\u00f4i ngay trung t\u00e2m London. Xem l\u00fd do t\u1ea1i sao kh\u00e1ch s\u1ea1n c\u1ee7a ch\u00fang t\u00f4i \u0111\u01b0\u1ee3c nh\u1eefng du kh\u00e1ch s\u00e0nh \u0111i\u1ec7u y\u00eau th\u00edch v\u00e0 \u0111\u01b0\u1ee3c ca ng\u1ee3i tr\u00ean [&hellip;]","og_url":"https:\/\/ibisstyles.accorv2prod.decms.eu\/vi\/tai-xuong-bao-chi-phuong-tien\/","og_site_name":"Ibis Styles V2 demo site","article_modified_time":"2025-03-21T16:57:47+00:00","twitter_card":"summary_large_image","twitter_misc":{"Est. reading time":"1 minute"},"schema":{"@context":"https:\/\/schema.org","@graph":[{"@type":"WebPage","@id":"https:\/\/ibisstyles.accorv2prod.decms.eu\/vi\/tai-xuong-bao-chi-phuong-tien\/","url":"https:\/\/ibisstyles.accorv2prod.decms.eu\/vi\/tai-xuong-bao-chi-phuong-tien\/","name":"T\u1ea3i xu\u1ed1ng b\u00e1o ch\u00ed & ph\u01b0\u01a1ng ti\u1ec7n - Ibis Styles V2 demo site","isPartOf":{"@id":"https:\/\/ibisstyles.accorv2prod.decms.eu\/#website"},"datePublished":"2021-07-01T14:29:44+00:00","dateModified":"2025-03-21T16:57:47+00:00","breadcrumb":{"@id":"https:\/\/ibisstyles.accorv2prod.decms.eu\/vi\/tai-xuong-bao-chi-phuong-tien\/#breadcrumb"},"inLanguage":"vi-VN","potentialAction":[{"@type":"ReadAction","target":["https:\/\/ibisstyles.accorv2prod.decms.eu\/vi\/tai-xuong-bao-chi-phuong-tien\/"]}]},{"@type":"BreadcrumbList","@id":"https:\/\/ibisstyles.accorv2prod.decms.eu\/vi\/tai-xuong-bao-chi-phuong-tien\/#breadcrumb","itemListElement":[{"@type":"ListItem","position":1,"name":"Home","item":"https:\/\/ibisstyles.accorv2prod.decms.eu\/vi\/"},{"@type":"ListItem","position":2,"name":"T\u1ea3i xu\u1ed1ng b\u00e1o ch\u00ed &#038; ph\u01b0\u01a1ng ti\u1ec7n"}]},{"@type":"WebSite","@id":"https:\/\/ibisstyles.accorv2prod.decms.eu\/#website","url":"https:\/\/ibisstyles.accorv2prod.decms.eu\/","name":"Ibis Styles V2 demo site","description":"Just another Matteo Canever Site Sites site","potentialAction":[{"@type":"SearchAction","target":{"@type":"EntryPoint","urlTemplate":"https:\/\/ibisstyles.accorv2prod.decms.eu\/?s={search_term_string}"},"query-input":{"@type":"PropertyValueSpecification","valueRequired":true,"valueName":"search_term_string"}}],"inLanguage":"vi-VN"}]}},"_links":{"self":[{"href":"https:\/\/ibisstyles.accorv2prod.decms.eu\/vi\/wp-json\/wp\/v2\/pages\/962","targetHints":{"allow":["GET"]}}],"collection":[{"href":"https:\/\/ibisstyles.accorv2prod.decms.eu\/vi\/wp-json\/wp\/v2\/pages"}],"about":[{"href":"https:\/\/ibisstyles.accorv2prod.decms.eu\/vi\/wp-json\/wp\/v2\/types\/page"}],"author":[{"embeddable":true,"href":"https:\/\/ibisstyles.accorv2prod.decms.eu\/vi\/wp-json\/wp\/v2\/users\/2"}],"replies":[{"embeddable":true,"href":"https:\/\/ibisstyles.accorv2prod.decms.eu\/vi\/wp-json\/wp\/v2\/comments?post=962"}],"version-history":[{"count":0,"href":"https:\/\/ibisstyles.accorv2prod.decms.eu\/vi\/wp-json\/wp\/v2\/pages\/962\/revisions"}],"wp:attachment":[{"href":"https:\/\/ibisstyles.accorv2prod.decms.eu\/vi\/wp-json\/wp\/v2\/media?parent=962"}],"wp:term":[{"taxonomy":"category","embeddable":true,"href":"https:\/\/ibisstyles.accorv2prod.decms.eu\/vi\/wp-json\/wp\/v2\/categories?post=962"}],"curies":[{"name":"wp","href":"https:\/\/api.w.org\/{rel}","templated":true}]}}