{"id":965,"date":"2021-07-01T14:40:50","date_gmt":"2021-07-01T14:40:50","guid":{"rendered":"https:\/\/ibisstyles.accorv2prod.decms.eu\/?page_id=965"},"modified":"2025-03-21T17:44:50","modified_gmt":"2025-03-21T17:44:50","slug":"special-offers","status":"publish","type":"page","link":"https:\/\/ibisstyles.accorv2prod.decms.eu\/vi\/special-offers\/","title":{"rendered":"\u01afu \u0111\u00e3i \u0111\u1eb7c bi\u1ec7t"},"content":{"rendered":"<p>D\u00f9 b\u1ea1n \u0111\u1ebfn \u0111\u00e2y \u0111\u1ec3 c\u00f4ng t\u00e1c, ngh\u1ec9 d\u01b0\u1ee1ng cu\u1ed1i tu\u1ea7n hay kh\u00e1m ph\u00e1 th\u00e0nh ph\u1ed1, ch\u00fang t\u00f4i \u0111\u1ec1u c\u00f3 nh\u1eefng \u01b0u \u0111\u00e3i \u0111\u1ed9c quy\u1ec1n \u0111\u1ec3 b\u1ea1n c\u00f3 m\u1ed9t k\u1ef3 ngh\u1ec9 tho\u1ea3i m\u00e1i v\u00e0 ti\u1ebft ki\u1ec7m. T\u1ecda l\u1ea1c ngay trung t\u00e2m London, kh\u00e1ch s\u1ea1n hi\u1ec7n \u0111\u1ea1i v\u00e0 s\u00f4i \u0111\u1ed9ng c\u1ee7a ch\u00fang t\u00f4i ch\u1ec9 c\u00e1ch c\u00e1c \u0111i\u1ec3m tham quan mang t\u00ednh bi\u1ec3u t\u01b0\u1ee3ng, khu mua s\u1eafm v\u00e0 nh\u00e0 h\u00e0ng h\u00e0ng \u0111\u1ea7u v\u00e0i b\u01b0\u1edbc ch\u00e2n<\/p>\n","protected":false},"excerpt":{"rendered":"<p>D\u00f9 b\u1ea1n \u0111\u1ebfn \u0111\u00e2y \u0111\u1ec3 c\u00f4ng t\u00e1c, ngh\u1ec9 d\u01b0\u1ee1ng cu\u1ed1i tu\u1ea7n hay kh\u00e1m ph\u00e1 th\u00e0nh ph\u1ed1, ch\u00fang t\u00f4i \u0111\u1ec1u c\u00f3 nh\u1eefng \u01b0u \u0111\u00e3i \u0111\u1ed9c quy\u1ec1n \u0111\u1ec3 b\u1ea1n c\u00f3 m\u1ed9t k\u1ef3 ngh\u1ec9 tho\u1ea3i m\u00e1i v\u00e0 ti\u1ebft ki\u1ec7m. T\u1ecda l\u1ea1c ngay trung t\u00e2m London, kh\u00e1ch s\u1ea1n hi\u1ec7n \u0111\u1ea1i v\u00e0 s\u00f4i \u0111\u1ed9ng c\u1ee7a ch\u00fang t\u00f4i ch\u1ec9 c\u00e1ch c\u00e1c [&hellip;]<\/p>\n","protected":false},"author":2,"featured_media":0,"parent":0,"menu_order":1000,"comment_status":"closed","ping_status":"closed","template":"template-special-offers.php","meta":{"footnotes":""},"categories":[],"class_list":["post-965","page","type-page","status-publish","hentry"],"acf":[],"yoast_head":"<!-- This site is optimized with the Yoast SEO plugin v26.9 - https:\/\/yoast.com\/product\/yoast-seo-wordpress\/ -->\n<title>\u01afu \u0111\u00e3i \u0111\u1eb7c bi\u1ec7t - Ibis Styles V2 demo site<\/title>\n<meta name=\"robots\" content=\"noindex, follow, max-snippet:-1, max-image-preview:large, max-video-preview:-1\" \/>\n<meta property=\"og:locale\" content=\"vi_VN\" \/>\n<meta property=\"og:type\" content=\"article\" \/>\n<meta property=\"og:title\" content=\"\u01afu \u0111\u00e3i \u0111\u1eb7c bi\u1ec7t - Ibis Styles V2 demo site\" \/>\n<meta property=\"og:description\" content=\"D\u00f9 b\u1ea1n \u0111\u1ebfn \u0111\u00e2y \u0111\u1ec3 c\u00f4ng t\u00e1c, ngh\u1ec9 d\u01b0\u1ee1ng cu\u1ed1i tu\u1ea7n hay kh\u00e1m ph\u00e1 th\u00e0nh ph\u1ed1, ch\u00fang t\u00f4i \u0111\u1ec1u c\u00f3 nh\u1eefng \u01b0u \u0111\u00e3i \u0111\u1ed9c quy\u1ec1n \u0111\u1ec3 b\u1ea1n c\u00f3 m\u1ed9t k\u1ef3 ngh\u1ec9 tho\u1ea3i m\u00e1i v\u00e0 ti\u1ebft ki\u1ec7m. T\u1ecda l\u1ea1c ngay trung t\u00e2m London, kh\u00e1ch s\u1ea1n hi\u1ec7n \u0111\u1ea1i v\u00e0 s\u00f4i \u0111\u1ed9ng c\u1ee7a ch\u00fang t\u00f4i ch\u1ec9 c\u00e1ch c\u00e1c [&hellip;]\" \/>\n<meta property=\"og:url\" content=\"https:\/\/ibisstyles.accorv2prod.decms.eu\/vi\/special-offers\/\" \/>\n<meta property=\"og:site_name\" content=\"Ibis Styles V2 demo site\" \/>\n<meta property=\"article:modified_time\" content=\"2025-03-21T17:44:50+00:00\" \/>\n<meta name=\"twitter:card\" content=\"summary_large_image\" \/>\n<meta name=\"twitter:label1\" content=\"Est. reading time\" \/>\n\t<meta name=\"twitter:data1\" content=\"1 minute\" \/>\n<script type=\"application\/ld+json\" class=\"yoast-schema-graph\">{\"@context\":\"https:\/\/schema.org\",\"@graph\":[{\"@type\":\"WebPage\",\"@id\":\"https:\/\/ibisstyles.accorv2prod.decms.eu\/vi\/special-offers\/\",\"url\":\"https:\/\/ibisstyles.accorv2prod.decms.eu\/vi\/special-offers\/\",\"name\":\"\u01afu \u0111\u00e3i \u0111\u1eb7c bi\u1ec7t - Ibis Styles V2 demo site\",\"isPartOf\":{\"@id\":\"https:\/\/ibisstyles.accorv2prod.decms.eu\/#website\"},\"datePublished\":\"2021-07-01T14:40:50+00:00\",\"dateModified\":\"2025-03-21T17:44:50+00:00\",\"breadcrumb\":{\"@id\":\"https:\/\/ibisstyles.accorv2prod.decms.eu\/vi\/special-offers\/#breadcrumb\"},\"inLanguage\":\"vi-VN\",\"potentialAction\":[{\"@type\":\"ReadAction\",\"target\":[\"https:\/\/ibisstyles.accorv2prod.decms.eu\/vi\/special-offers\/\"]}]},{\"@type\":\"BreadcrumbList\",\"@id\":\"https:\/\/ibisstyles.accorv2prod.decms.eu\/vi\/special-offers\/#breadcrumb\",\"itemListElement\":[{\"@type\":\"ListItem\",\"position\":1,\"name\":\"Home\",\"item\":\"https:\/\/ibisstyles.accorv2prod.decms.eu\/vi\/\"},{\"@type\":\"ListItem\",\"position\":2,\"name\":\"\u01afu \u0111\u00e3i \u0111\u1eb7c bi\u1ec7t\"}]},{\"@type\":\"WebSite\",\"@id\":\"https:\/\/ibisstyles.accorv2prod.decms.eu\/#website\",\"url\":\"https:\/\/ibisstyles.accorv2prod.decms.eu\/\",\"name\":\"Ibis Styles V2 demo site\",\"description\":\"Just another Matteo Canever Site Sites site\",\"potentialAction\":[{\"@type\":\"SearchAction\",\"target\":{\"@type\":\"EntryPoint\",\"urlTemplate\":\"https:\/\/ibisstyles.accorv2prod.decms.eu\/?s={search_term_string}\"},\"query-input\":{\"@type\":\"PropertyValueSpecification\",\"valueRequired\":true,\"valueName\":\"search_term_string\"}}],\"inLanguage\":\"vi-VN\"}]}<\/script>\n<!-- \/ Yoast SEO plugin. -->","yoast_head_json":{"title":"\u01afu \u0111\u00e3i \u0111\u1eb7c bi\u1ec7t - Ibis Styles V2 demo site","robots":{"index":"noindex","follow":"follow","max-snippet":"max-snippet:-1","max-image-preview":"max-image-preview:large","max-video-preview":"max-video-preview:-1"},"og_locale":"vi_VN","og_type":"article","og_title":"\u01afu \u0111\u00e3i \u0111\u1eb7c bi\u1ec7t - Ibis Styles V2 demo site","og_description":"D\u00f9 b\u1ea1n \u0111\u1ebfn \u0111\u00e2y \u0111\u1ec3 c\u00f4ng t\u00e1c, ngh\u1ec9 d\u01b0\u1ee1ng cu\u1ed1i tu\u1ea7n hay kh\u00e1m ph\u00e1 th\u00e0nh ph\u1ed1, ch\u00fang t\u00f4i \u0111\u1ec1u c\u00f3 nh\u1eefng \u01b0u \u0111\u00e3i \u0111\u1ed9c quy\u1ec1n \u0111\u1ec3 b\u1ea1n c\u00f3 m\u1ed9t k\u1ef3 ngh\u1ec9 tho\u1ea3i m\u00e1i v\u00e0 ti\u1ebft ki\u1ec7m. T\u1ecda l\u1ea1c ngay trung t\u00e2m London, kh\u00e1ch s\u1ea1n hi\u1ec7n \u0111\u1ea1i v\u00e0 s\u00f4i \u0111\u1ed9ng c\u1ee7a ch\u00fang t\u00f4i ch\u1ec9 c\u00e1ch c\u00e1c [&hellip;]","og_url":"https:\/\/ibisstyles.accorv2prod.decms.eu\/vi\/special-offers\/","og_site_name":"Ibis Styles V2 demo site","article_modified_time":"2025-03-21T17:44:50+00:00","twitter_card":"summary_large_image","twitter_misc":{"Est. reading time":"1 minute"},"schema":{"@context":"https:\/\/schema.org","@graph":[{"@type":"WebPage","@id":"https:\/\/ibisstyles.accorv2prod.decms.eu\/vi\/special-offers\/","url":"https:\/\/ibisstyles.accorv2prod.decms.eu\/vi\/special-offers\/","name":"\u01afu \u0111\u00e3i \u0111\u1eb7c bi\u1ec7t - Ibis Styles V2 demo site","isPartOf":{"@id":"https:\/\/ibisstyles.accorv2prod.decms.eu\/#website"},"datePublished":"2021-07-01T14:40:50+00:00","dateModified":"2025-03-21T17:44:50+00:00","breadcrumb":{"@id":"https:\/\/ibisstyles.accorv2prod.decms.eu\/vi\/special-offers\/#breadcrumb"},"inLanguage":"vi-VN","potentialAction":[{"@type":"ReadAction","target":["https:\/\/ibisstyles.accorv2prod.decms.eu\/vi\/special-offers\/"]}]},{"@type":"BreadcrumbList","@id":"https:\/\/ibisstyles.accorv2prod.decms.eu\/vi\/special-offers\/#breadcrumb","itemListElement":[{"@type":"ListItem","position":1,"name":"Home","item":"https:\/\/ibisstyles.accorv2prod.decms.eu\/vi\/"},{"@type":"ListItem","position":2,"name":"\u01afu \u0111\u00e3i \u0111\u1eb7c bi\u1ec7t"}]},{"@type":"WebSite","@id":"https:\/\/ibisstyles.accorv2prod.decms.eu\/#website","url":"https:\/\/ibisstyles.accorv2prod.decms.eu\/","name":"Ibis Styles V2 demo site","description":"Just another Matteo Canever Site Sites site","potentialAction":[{"@type":"SearchAction","target":{"@type":"EntryPoint","urlTemplate":"https:\/\/ibisstyles.accorv2prod.decms.eu\/?s={search_term_string}"},"query-input":{"@type":"PropertyValueSpecification","valueRequired":true,"valueName":"search_term_string"}}],"inLanguage":"vi-VN"}]}},"_links":{"self":[{"href":"https:\/\/ibisstyles.accorv2prod.decms.eu\/vi\/wp-json\/wp\/v2\/pages\/965","targetHints":{"allow":["GET"]}}],"collection":[{"href":"https:\/\/ibisstyles.accorv2prod.decms.eu\/vi\/wp-json\/wp\/v2\/pages"}],"about":[{"href":"https:\/\/ibisstyles.accorv2prod.decms.eu\/vi\/wp-json\/wp\/v2\/types\/page"}],"author":[{"embeddable":true,"href":"https:\/\/ibisstyles.accorv2prod.decms.eu\/vi\/wp-json\/wp\/v2\/users\/2"}],"replies":[{"embeddable":true,"href":"https:\/\/ibisstyles.accorv2prod.decms.eu\/vi\/wp-json\/wp\/v2\/comments?post=965"}],"version-history":[{"count":0,"href":"https:\/\/ibisstyles.accorv2prod.decms.eu\/vi\/wp-json\/wp\/v2\/pages\/965\/revisions"}],"wp:attachment":[{"href":"https:\/\/ibisstyles.accorv2prod.decms.eu\/vi\/wp-json\/wp\/v2\/media?parent=965"}],"wp:term":[{"taxonomy":"category","embeddable":true,"href":"https:\/\/ibisstyles.accorv2prod.decms.eu\/vi\/wp-json\/wp\/v2\/categories?post=965"}],"curies":[{"name":"wp","href":"https:\/\/api.w.org\/{rel}","templated":true}]}}